{"id":3272,"date":"2024-08-14T16:58:21","date_gmt":"2024-08-14T16:58:21","guid":{"rendered":"https:\/\/staging.hagenbikes.com\/cookie-richtlinie\/"},"modified":"2024-10-17T15:34:44","modified_gmt":"2024-10-17T15:34:44","slug":"cookies-policy","status":"publish","type":"page","link":"https:\/\/staging.hagenbikes.com\/de\/pages\/cookies-policy\/","title":{"rendered":"Cookie-Richtlinie"},"content":{"rendered":"\t\t<div data-elementor-type=\"wp-page\" data-elementor-id=\"3272\" class=\"elementor elementor-3272 elementor-1611\">\n\t\t\t\t<div class=\"elementor-element elementor-element-d3d952b e-flex e-con-boxed e-con e-parent\" data-id=\"d3d952b\" data-element_type=\"container\">\n\t\t\t\t\t<div class=\"e-con-inner\">\n\t\t\t\t<div class=\"elementor-element elementor-element-05426ba elementor-widget elementor-widget-text-editor\" data-id=\"05426ba\" data-element_type=\"widget\" data-widget_type=\"text-editor.default\">\n\t\t\t\t<div class=\"elementor-widget-container\">\n\t\t\t\t\t\t\t<div class=\"row\">\n<div class=\"col-sm-12 col-md-8\">\n<h1 class=\"tt-title-subpages\">Cookie-Richtlinie<\/h1>\n<\/div>\n<\/div>\n<div class=\"tt-box-faq-listing\">\n<div class=\"row\">\n<div class=\"col-sm-12 col-md-2\"> <\/div>\n<div class=\"col-sm-12 col-md-8\">\n<div class=\"tt-box-faq\">\n<h6 class=\"tt-title\">Was sind Cookies<\/h6>\n<p>Wie bei fast allen professionellen Websites \u00fcblich, verwendet diese Website Cookies, kleine Dateien, die auf deinem Computer heruntergeladen werden, um dein Erlebnis zu verbessern. Diese Seite beschreibt, welche Informationen sie sammeln, wie wir sie verwenden und warum wir diese Cookies manchmal speichern m\u00fcssen. Wir werden Ihnen auch mitteilen, wie du verhindern kannst, dass diese Cookies gespeichert werden, dies kann jedoch bestimmte Elemente der Website-Funktionalit\u00e4t herabsetzen oder \u201ebrechen\u201c.<\/p>\n<\/div>\n<\/div>\n<\/div>\n<\/div>\n<div class=\"tt-box-faq-listing\">\n<div class=\"row\">\n<div class=\"col-sm-12 col-md-2\"> <\/div>\n<div class=\"col-sm-12 col-md-8\">\n<div class=\"tt-box-faq\">\n<h6 class=\"tt-title\">Wie wir Cookies verwenden<\/h6>\n<p>Wir verwenden Cookies aus einer Vielzahl von Gr\u00fcnden, die unten aufgef\u00fchrt sind. Leider gibt es in den meisten F\u00e4llen keine branchen\u00fcblichen Optionen zum Deaktivieren von Cookies, ohne die Funktionalit\u00e4t und Features, die sie dieser Website hinzuf\u00fcgen, vollst\u00e4ndig zu deaktivieren. Es wird empfohlen, alle Cookies aktiviert zu lassen, wenn du dir nicht sicher bist, ob du sie ben\u00f6tigst oder nicht, falls sie verwendet werden, um einen von dir genutzten Dienst bereitzustellen.  <\/p>\n<\/div>\n<\/div>\n<\/div>\n<\/div>\n<div class=\"tt-box-faq-listing\">\n<div class=\"row\">\n<div class=\"col-sm-12 col-md-2\"> <\/div>\n<div class=\"col-sm-12 col-md-8\">\n<div class=\"tt-box-faq\">\n<h6 class=\"tt-title\">Cookies deaktivieren<\/h6>\n<p>Du kannst das Setzen von Cookies verhindern, indem du die Einstellungen deines Browsers anpassst (Informationen dazu findest du in der Hilfe Ihres Browsers). Beachte, dass das Deaktivieren von Cookies die Funktionalit\u00e4t dieser und vieler anderer Websites, die du besuchst, beeintr\u00e4chtigt. Das Deaktivieren von Cookies f\u00fchrt normalerweise auch dazu, dass bestimmte Funktionen und Merkmale dieser Website deaktiviert werden. Daher wird empfohlen, Cookies nicht zu deaktivieren.<\/p>\n<\/div>\n<\/div>\n<\/div>\n<\/div>\n<div class=\"tt-box-faq-listing\">\n<div class=\"row\">\n<div class=\"col-sm-12 col-md-2\"> <\/div>\n<div class=\"col-sm-12 col-md-8\">\n<div class=\"tt-box-faq\">\n<h6 class=\"tt-title\">Die Cookies, die wir setzen<\/h6>\n<p><b>Kontobezogene Cookies<\/b><\/p>\n<p>Wenn du ein Konto bei uns erstellst, verwenden wir Cookies f\u00fcr die Verwaltung des Anmeldevorgangs und die allgemeine Verwaltung. Diese Cookies werden normalerweise gel\u00f6scht, wenn du dich abmeldest, in einigen F\u00e4llen k\u00f6nnen sie jedoch auch danach bestehen bleiben, um sich an deine Website-Einstellungen zu erinnern, wenn du dich abmeldst. <\/p>\n<p><b>Anmeldebezogene Cookies<\/b><\/p>\n<p>Wir verwenden Cookies, wenn du eingeloggt bist, damit wir uns daran erinnern k\u00f6nnen. Dies verhindert, dass du dich jedes Mal neu anmelden musst, wenn du eine neue Seite besuchst. Diese Cookies werden normalerweise entfernt oder gel\u00f6scht, wenn du dich abmeldst, um sicherzustellen, dass du nur auf eingeschr\u00e4nkte Funktionen und Bereiche zugreifen kannst, wenn du angemeldet sind.  <\/p>\n<p><b>E-Mail-Newsletter-bezogene Cookies<\/b><\/p>\n<p>Diese Website bietet Newsletter- oder E-Mail-Abonnementdienste an, und Cookies k\u00f6nnen verwendet werden, um sich daran zu erinnern, ob du bereits registriert bist, und ob bestimmte Benachrichtigungen angezeigt werden sollen, die m\u00f6glicherweise nur f\u00fcr abonnierte\/abgemeldete Benutzer g\u00fcltig sind.<\/p>\n<p><b>Bestellungen verarbeiten verwandte Cookies<\/b><\/p>\n<p>Diese Website bietet E-Commerce- oder Zahlungsm\u00f6glichkeiten und einige Cookies sind unerl\u00e4sslich, um sicherzustellen, dass deine Bestellung zwischen den Seiten gespeichert wird, damit wir sie ordnungsgem\u00e4\u00df verarbeiten k\u00f6nnen.<\/p>\n<p><b>Umfragebezogene Cookies<\/b><\/p>\n<p>Von Zeit zu Zeit bieten wir Benutzerumfragen und Frageb\u00f6gen an, um Ihnen interessante Erkenntnisse und hilfreiche Tools zu liefern oder um unsere Benutzerbasis genauer zu verstehen. Diese Umfragen k\u00f6nnen Cookies verwenden, um sich daran zu erinnern, wer bereits an einer Umfrage teilgenommen hat, oder um dir nach einem Seitenwechsel genaue Ergebnisse zu liefern. <\/p>\n<p><b>Formularbezogene Cookies<\/b><\/p>\n<p>Wenn du Daten \u00fcber ein Formular \u00fcbermittelst, wie es auf Kontaktseiten oder Kommentarformularen zu finden ist, k\u00f6nnen Cookies gesetzt werden, um deine Benutzerdaten f\u00fcr zuk\u00fcnftige Korrespondenz zu speichern.<\/p>\n<p><b>Formularbezogene Cookies<\/b><\/p>\n<p>Wenn du Daten \u00fcber ein Formular \u00fcbermittelst, wie es auf Kontaktseiten oder Kommentarformularen zu finden ist, k\u00f6nnen Cookies gesetzt werden, um deine Benutzerdaten f\u00fcr zuk\u00fcnftige Korrespondenz zu speichern.<\/p>\n<p><b>Website-Einstellungen-Cookies<\/b><\/p>\n<p>Um dir ein gro\u00dfartiges Erlebnis auf dieser Website zu bieten, stellen wir dir die Funktionalit\u00e4t zur Verf\u00fcgung, mit der du deine Pr\u00e4ferenzen f\u00fcr die Ausf\u00fchrung dieser Website festlegen kannst, wenn du sie verwendst. Um deine Pr\u00e4ferenzen zu speichern, m\u00fcssen wir Cookies setzen, damit diese Informationen abgerufen werden k\u00f6nnen, wenn du mit einer Seite interagierst, die von deiner Pr\u00e4ferenzen beeinflusst wird. <\/p>\n<\/div>\n<\/div>\n<\/div>\n<\/div>\n<div class=\"tt-box-faq-listing\">\n<div class=\"row\">\n<div class=\"col-sm-12 col-md-2\"> <\/div>\n<div class=\"col-sm-12 col-md-8\">\n<div class=\"tt-box-faq\">\n<h6 class=\"tt-title\">Cookies von Drittanbietern<\/h6>\n<p>In einigen Sonderf\u00e4llen verwenden wir auch Cookies, die von vertrauensw\u00fcrdigen Drittanbietern bereitgestellt werden. Der folgende Abschnitt beschreibt, auf welche Cookies von Drittanbietern du m\u00f6glicherweise \u00fcber diese Website st\u00f6\u00dfst. <\/p>\n<ul class=\"tt-list-dot\">\n<li>Diese Website verwendet Google Analytics, eine der am weitesten verbreiteten und vertrauensw\u00fcrdigsten Analysel\u00f6sungen im Internet, die uns dabei hilft zu verstehen, wie du die Website nutzst und wie wir deine Erfahrung verbessern k\u00f6nnen. Diese Cookies k\u00f6nnen beispielsweise nachverfolgen, wie lange du auf der Website verbringst und welche Seiten du besuchst, damit wir weiterhin ansprechende Inhalte erstellen k\u00f6nnen. Weitere Informationen zu Google Analytics-Cookies findest du auf der offiziellen Google Analytics-Seite.  <\/li>\n<li>Von Zeit zu Zeit testen wir neue Funktionen und nehmen subtile \u00c4nderungen an der Art und Weise vor, wie die Website bereitgestellt wird. Wenn wir noch neue Funktionen testen, k\u00f6nnen diese Cookies verwendet werden, um sicherzustellen, dass du auf der Website ein konsistentes Erlebnis erhalten, w\u00e4hrend wir sicherstellen, dass wir verstehen, welche Optimierungen unsere Benutzer am meisten sch\u00e4tzen. <\/li>\n<li>Wir verwenden auf dieser Website auch Schaltfl\u00e4chen und\/oder Plugins f\u00fcr soziale Medien, die es Ihnen erm\u00f6glichen, sich auf verschiedene Weise mit Ihrem sozialen Netzwerk zu verbinden. F\u00fcr diese funktionieren die folgenden Social-Media-Websites, einschlie\u00dflich; Facebook und Instagram} setzen Cookies \u00fcber unsere Website, die verwendet werden k\u00f6nnen, um Ihr Profil auf ihrer Website zu verbessern oder zu den Daten beizutragen, die sie f\u00fcr verschiedene Zwecke gespeichert haben, die in ihren jeweiligen Datenschutzrichtlinien beschrieben sind. <\/li>\n<\/ul>\n<\/div>\n<\/div>\n<\/div>\n<\/div>\n<div class=\"tt-box-faq-listing\">\n<div class=\"row\">\n<div class=\"col-sm-12 col-md-2\"> <\/div>\n<div class=\"col-sm-12 col-md-8\">\n<div class=\"tt-box-faq\">\n<h6 class=\"tt-title\">Mehr Informationen<\/h6>\n<p>Hoffentlich hat das die Dinge f\u00fcr dich gekl\u00e4rt, und wie bereits erw\u00e4hnt, wenn du dir nicht sicher sind, ob du Cookies ben\u00f6tigen oder nicht, ist es normalerweise sicherer, Cookies aktiviert zu lassen, falls sie mit einer der Funktionen interagieren, die du auf unserer Website verwendst.<\/p>\n<p>Wenn du jedoch immer noch nach weiteren Informationen suchst, kannst du uns \u00fcber eine unserer bevorzugten Kontaktmethoden kontaktieren:<\/p>\n<ul class=\"tt-list-dot\">\n<li>Durch den Besuch dieses Links: <a href=\"https:\/\/hagenbikes.com\/pages\/hagenbikes.com\">https:\/\/hagenbikes.com<\/a> <\/li>\n<\/ul>\n<\/div>\n<\/div>\n<\/div>\n<\/div>\n\t\t\t\t\t\t<\/div>\n\t\t\t\t<\/div>\n\t\t\t\t\t<\/div>\n\t\t\t\t<\/div>\n\t\t\t\t<\/div>\n\t\t","protected":false},"excerpt":{"rendered":"<p>Cookie-Richtlinie Was sind Cookies Wie bei fast allen professionellen Websites \u00fcblich, verwendet diese Website Cookies, kleine Dateien, die auf deinem [&hellip;]<\/p>\n","protected":false},"author":1,"featured_media":0,"parent":3441,"menu_order":0,"comment_status":"closed","ping_status":"closed","template":"","meta":{"site-sidebar-layout":"no-sidebar","site-content-layout":"","ast-site-content-layout":"full-width-container","site-content-style":"default","site-sidebar-style":"default","ast-global-header-display":"","ast-banner-title-visibility":"","ast-main-header-display":"","ast-hfb-above-header-display":"","ast-hfb-below-header-display":"","ast-hfb-mobile-header-display":"","site-post-title":"disabled","ast-breadcrumbs-content":"","ast-featured-img":"disabled","footer-sml-layout":"","theme-transparent-header-meta":"","adv-header-id-meta":"","stick-header-meta":"","header-above-stick-meta":"","header-main-stick-meta":"","header-below-stick-meta":"","astra-migrate-meta-layouts":"default","ast-page-background-enabled":"default","ast-page-background-meta":{"desktop":{"background-color":"var(--ast-global-color-4)","background-image":"","background-repeat":"repeat","background-position":"center center","background-size":"auto","background-attachment":"scroll","background-type":"","background-media":"","overlay-type":"","overlay-color":"","overlay-opacity":"","overlay-gradient":""},"tablet":{"background-color":"","background-image":"","background-repeat":"repeat","background-position":"center center","background-size":"auto","background-attachment":"scroll","background-type":"","background-media":"","overlay-type":"","overlay-color":"","overlay-opacity":"","overlay-gradient":""},"mobile":{"background-color":"","background-image":"","background-repeat":"repeat","background-position":"center center","background-size":"auto","background-attachment":"scroll","background-type":"","background-media":"","overlay-type":"","overlay-color":"","overlay-opacity":"","overlay-gradient":""}},"ast-content-background-meta":{"desktop":{"background-color":"var(--ast-global-color-5)","background-image":"","background-repeat":"repeat","background-position":"center center","background-size":"auto","background-attachment":"scroll","background-type":"","background-media":"","overlay-type":"","overlay-color":"","overlay-opacity":"","overlay-gradient":""},"tablet":{"background-color":"var(--ast-global-color-5)","background-image":"","background-repeat":"repeat","background-position":"center center","background-size":"auto","background-attachment":"scroll","background-type":"","background-media":"","overlay-type":"","overlay-color":"","overlay-opacity":"","overlay-gradient":""},"mobile":{"background-color":"var(--ast-global-color-5)","background-image":"","background-repeat":"repeat","background-position":"center center","background-size":"auto","background-attachment":"scroll","background-type":"","background-media":"","overlay-type":"","overlay-color":"","overlay-opacity":"","overlay-gradient":""}},"footnotes":""},"class_list":["post-3272","page","type-page","status-publish","hentry"],"_links":{"self":[{"href":"https:\/\/staging.hagenbikes.com\/de\/wp-json\/wp\/v2\/pages\/3272","targetHints":{"allow":["GET"]}}],"collection":[{"href":"https:\/\/staging.hagenbikes.com\/de\/wp-json\/wp\/v2\/pages"}],"about":[{"href":"https:\/\/staging.hagenbikes.com\/de\/wp-json\/wp\/v2\/types\/page"}],"author":[{"embeddable":true,"href":"https:\/\/staging.hagenbikes.com\/de\/wp-json\/wp\/v2\/users\/1"}],"replies":[{"embeddable":true,"href":"https:\/\/staging.hagenbikes.com\/de\/wp-json\/wp\/v2\/comments?post=3272"}],"version-history":[{"count":1,"href":"https:\/\/staging.hagenbikes.com\/de\/wp-json\/wp\/v2\/pages\/3272\/revisions"}],"predecessor-version":[{"id":3273,"href":"https:\/\/staging.hagenbikes.com\/de\/wp-json\/wp\/v2\/pages\/3272\/revisions\/3273"}],"up":[{"embeddable":true,"href":"https:\/\/staging.hagenbikes.com\/de\/wp-json\/wp\/v2\/pages\/3441"}],"wp:attachment":[{"href":"https:\/\/staging.hagenbikes.com\/de\/wp-json\/wp\/v2\/media?parent=3272"}],"curies":[{"name":"wp","href":"https:\/\/api.w.org\/{rel}","templated":true}]}}