{"id":3288,"date":"2024-08-02T16:30:03","date_gmt":"2024-08-02T16:30:03","guid":{"rendered":"https:\/\/staging.hagenbikes.com\/verweis\/"},"modified":"2024-10-17T15:53:14","modified_gmt":"2024-10-17T15:53:14","slug":"referral","status":"publish","type":"page","link":"https:\/\/staging.hagenbikes.com\/de\/pages\/referral\/","title":{"rendered":"Verweis"},"content":{"rendered":"\t\t<div data-elementor-type=\"wp-page\" data-elementor-id=\"3288\" class=\"elementor elementor-3288 elementor-969\">\n\t\t\t\t<div class=\"elementor-element elementor-element-1b46080 e-flex e-con-boxed e-con e-parent\" data-id=\"1b46080\" data-element_type=\"container\">\n\t\t\t\t\t<div class=\"e-con-inner\">\n\t\t\t\t<div class=\"elementor-element elementor-element-38f9c92 elementor-widget elementor-widget-heading\" data-id=\"38f9c92\" data-element_type=\"widget\" data-widget_type=\"heading.default\">\n\t\t\t\t<div class=\"elementor-widget-container\">\n\t\t\t<h2 class=\"elementor-heading-title elementor-size-default\">Empfehlungsprogramm<\/h2>\t\t<\/div>\n\t\t\t\t<\/div>\n\t\t\t\t\t<\/div>\n\t\t\t\t<\/div>\n\t\t<div class=\"elementor-element elementor-element-8328b6c e-flex e-con-boxed e-con e-parent\" data-id=\"8328b6c\" data-element_type=\"container\">\n\t\t\t\t\t<div class=\"e-con-inner\">\n\t\t<div class=\"elementor-element elementor-element-e59388e e-con-full e-flex e-con e-child\" data-id=\"e59388e\" data-element_type=\"container\">\n\t\t\t\t<div class=\"elementor-element elementor-element-b6662cb elementor-widget elementor-widget-image\" data-id=\"b6662cb\" data-element_type=\"widget\" data-widget_type=\"image.default\">\n\t\t\t\t<div class=\"elementor-widget-container\">\n\t\t\t\t\t\t\t\t\t\t\t\t\t<img fetchpriority=\"high\" decoding=\"async\" width=\"500\" height=\"500\" src=\"https:\/\/staging.hagenbikes.com\/wp-content\/uploads\/2024\/07\/Untitled_14_7_1024x1024.jpg.webp\" class=\"attachment-large size-large wp-image-433\" alt=\"\" srcset=\"https:\/\/staging.hagenbikes.com\/wp-content\/uploads\/2024\/07\/Untitled_14_7_1024x1024.jpg.webp 500w, https:\/\/staging.hagenbikes.com\/wp-content\/uploads\/2024\/07\/Untitled_14_7_1024x1024.jpg-300x300.webp 300w, https:\/\/staging.hagenbikes.com\/wp-content\/uploads\/2024\/07\/Untitled_14_7_1024x1024.jpg-150x150.webp 150w, https:\/\/staging.hagenbikes.com\/wp-content\/uploads\/2024\/07\/Untitled_14_7_1024x1024.jpg-100x100.webp 100w\" sizes=\"(max-width: 500px) 100vw, 500px\" \/>\t\t\t\t\t\t\t\t\t\t\t\t\t<\/div>\n\t\t\t\t<\/div>\n\t\t\t\t<\/div>\n\t\t<div class=\"elementor-element elementor-element-0613aeb e-con-full e-flex e-con e-child\" data-id=\"0613aeb\" data-element_type=\"container\">\n\t\t\t\t<div class=\"elementor-element elementor-element-48ac8d3 elementor-widget elementor-widget-heading\" data-id=\"48ac8d3\" data-element_type=\"widget\" data-widget_type=\"heading.default\">\n\t\t\t\t<div class=\"elementor-widget-container\">\n\t\t\t<h2 class=\"elementor-heading-title elementor-size-default\">Beim Kauf eines Hagen Cargo Fahrrads erhalten Sie einen einmaligen Empfehlungscode, den Sie an einen Freund weitergeben k\u00f6nnen.<\/h2>\t\t<\/div>\n\t\t\t\t<\/div>\n\t\t\t\t<div class=\"elementor-element elementor-element-a363129 elementor-widget elementor-widget-text-editor\" data-id=\"a363129\" data-element_type=\"widget\" data-widget_type=\"text-editor.default\">\n\t\t\t\t<div class=\"elementor-widget-container\">\n\t\t\t\t\t\t\t<p>Mit diesem Code erh\u00e4lt Ihr Freund eine kostenlose Lieferung f\u00fcr seine Bestellung. F\u00fcr jede Bestellung, bei der Ihr Code verwendet wurde, k\u00f6nnen Sie einen Artikel aus unserer Rubrik \u201eVerschiedenes\u201c kostenlos ausw\u00e4hlen!<\/p>\n\t\t\t\t\t\t<\/div>\n\t\t\t\t<\/div>\n\t\t\t\t<div class=\"elementor-element elementor-element-a1b3b66 elementor-align-center elementor-widget elementor-widget-button\" data-id=\"a1b3b66\" data-element_type=\"widget\" data-widget_type=\"button.default\">\n\t\t\t\t<div class=\"elementor-widget-container\">\n\t\t\t\t\t<div class=\"elementor-button-wrapper\">\n\t\t\t<a class=\"elementor-button elementor-button-link elementor-size-sm\" href=\"https:\/\/staging.hagenbikes.com\/de\/pages\/misc\/\">\n\t\t\t\t\t\t<span class=\"elementor-button-content-wrapper\">\n\t\t\t\t\t\t\t\t\t<span class=\"elementor-button-text\">JETZT EINKAUFEN<\/span>\n\t\t\t\t\t<\/span>\n\t\t\t\t\t<\/a>\n\t\t<\/div>\n\t\t\t\t<\/div>\n\t\t\t\t<\/div>\n\t\t\t\t<\/div>\n\t\t\t\t\t<\/div>\n\t\t\t\t<\/div>\n\t\t<div class=\"elementor-element elementor-element-3a7609e e-flex e-con-boxed e-con e-parent\" data-id=\"3a7609e\" data-element_type=\"container\">\n\t\t\t\t\t<div class=\"e-con-inner\">\n\t\t<div class=\"elementor-element elementor-element-67ccf2d e-con-full e-flex e-con e-child\" data-id=\"67ccf2d\" data-element_type=\"container\">\n\t\t\t\t<div class=\"elementor-element elementor-element-e9e140c elementor-widget elementor-widget-heading\" data-id=\"e9e140c\" data-element_type=\"widget\" data-widget_type=\"heading.default\">\n\t\t\t\t<div class=\"elementor-widget-container\">\n\t\t\t<h2 class=\"elementor-heading-title elementor-size-default\">M\u00f6chten Sie mehr Sichtbarkeit und auch Testfahrten machen?<\/h2>\t\t<\/div>\n\t\t\t\t<\/div>\n\t\t\t\t<div class=\"elementor-element elementor-element-5a74ba0 elementor-widget elementor-widget-text-editor\" data-id=\"5a74ba0\" data-element_type=\"widget\" data-widget_type=\"text-editor.default\">\n\t\t\t\t<div class=\"elementor-widget-container\">\n\t\t\t\t\t\t\t<p>Kontaktieren Sie uns unter info@hagenbikes.com, damit wir Sie in unserem Buchungssystem f\u00fcr Probefahrten einrichten k\u00f6nnen.<\/p>\n\t\t\t\t\t\t<\/div>\n\t\t\t\t<\/div>\n\t\t\t\t<\/div>\n\t\t<div class=\"elementor-element elementor-element-023c1f8 e-con-full e-flex e-con e-child\" data-id=\"023c1f8\" data-element_type=\"container\">\n\t\t\t\t<div class=\"elementor-element elementor-element-bb7b45b elementor-widget elementor-widget-image\" data-id=\"bb7b45b\" data-element_type=\"widget\" data-widget_type=\"image.default\">\n\t\t\t\t<div class=\"elementor-widget-container\">\n\t\t\t\t\t\t\t\t\t\t\t\t\t<img decoding=\"async\" width=\"1024\" height=\"683\" src=\"https:\/\/staging.hagenbikes.com\/wp-content\/uploads\/2024\/08\/IMG_0859_1160x.jpg-1024x683.webp\" class=\"attachment-large size-large wp-image-971\" alt=\"\" srcset=\"https:\/\/staging.hagenbikes.com\/wp-content\/uploads\/2024\/08\/IMG_0859_1160x.jpg-1024x683.webp 1024w, https:\/\/staging.hagenbikes.com\/wp-content\/uploads\/2024\/08\/IMG_0859_1160x.jpg-300x200.webp 300w, https:\/\/staging.hagenbikes.com\/wp-content\/uploads\/2024\/08\/IMG_0859_1160x.jpg-768x512.webp 768w, https:\/\/staging.hagenbikes.com\/wp-content\/uploads\/2024\/08\/IMG_0859_1160x.jpg-600x400.webp 600w, https:\/\/staging.hagenbikes.com\/wp-content\/uploads\/2024\/08\/IMG_0859_1160x.jpg.webp 1160w\" sizes=\"(max-width: 1024px) 100vw, 1024px\" \/>\t\t\t\t\t\t\t\t\t\t\t\t\t<\/div>\n\t\t\t\t<\/div>\n\t\t\t\t<\/div>\n\t\t\t\t\t<\/div>\n\t\t\t\t<\/div>\n\t\t<div class=\"elementor-element elementor-element-df1422c e-flex e-con-boxed e-con e-parent\" data-id=\"df1422c\" data-element_type=\"container\">\n\t\t\t\t\t<div class=\"e-con-inner\">\n\t\t\t\t<div class=\"elementor-element elementor-element-716d46c elementor-widget elementor-widget-heading\" data-id=\"716d46c\" data-element_type=\"widget\" data-widget_type=\"heading.default\">\n\t\t\t\t<div class=\"elementor-widget-container\">\n\t\t\t<h2 class=\"elementor-heading-title elementor-size-default\">Haben Sie bereits einen Hagen?<\/h2>\t\t<\/div>\n\t\t\t\t<\/div>\n\t\t\t\t<div class=\"elementor-element elementor-element-a757dae elementor-widget elementor-widget-text-editor\" data-id=\"a757dae\" data-element_type=\"widget\" data-widget_type=\"text-editor.default\">\n\t\t\t\t<div class=\"elementor-widget-container\">\n\t\t\t\t\t\t\t<p>Wenn Sie bereits ein Hagen Cargo Fahrrad gekauft haben, bevor wir unser Empfehlungsprogramm gestartet haben, und trotzdem teilnehmen m\u00f6chten, kontaktieren Sie einfach <a href=\"mailto:info@hagenbikes.com\">info@hagenbikes.com<\/a> f\u00fcr Ihren Empfehlungscode<\/p>\n\t\t\t\t\t\t<\/div>\n\t\t\t\t<\/div>\n\t\t\t\t\t<\/div>\n\t\t\t\t<\/div>\n\t\t\t\t<\/div>\n\t\t","protected":false},"excerpt":{"rendered":"<p>Empfehlungsprogramm Beim Kauf eines Hagen Cargo Fahrrads erhalten Sie einen einmaligen Empfehlungscode, den Sie an einen Freund weitergeben k\u00f6nnen. Mit [&hellip;]<\/p>\n","protected":false},"author":1,"featured_media":0,"parent":3441,"menu_order":0,"comment_status":"closed","ping_status":"closed","template":"","meta":{"site-sidebar-layout":"no-sidebar","site-content-layout":"","ast-site-content-layout":"full-width-container","site-content-style":"default","site-sidebar-style":"default","ast-global-header-display":"","ast-banner-title-visibility":"","ast-main-header-display":"","ast-hfb-above-header-display":"","ast-hfb-below-header-display":"","ast-hfb-mobile-header-display":"","site-post-title":"disabled","ast-breadcrumbs-content":"","ast-featured-img":"disabled","footer-sml-layout":"","theme-transparent-header-meta":"","adv-header-id-meta":"","stick-header-meta":"","header-above-stick-meta":"","header-main-stick-meta":"","header-below-stick-meta":"","astra-migrate-meta-layouts":"default","ast-page-background-enabled":"default","ast-page-background-meta":{"desktop":{"background-color":"var(--ast-global-color-4)","background-image":"","background-repeat":"repeat","background-position":"center center","background-size":"auto","background-attachment":"scroll","background-type":"","background-media":"","overlay-type":"","overlay-color":"","overlay-opacity":"","overlay-gradient":""},"tablet":{"background-color":"","background-image":"","background-repeat":"repeat","background-position":"center center","background-size":"auto","background-attachment":"scroll","background-type":"","background-media":"","overlay-type":"","overlay-color":"","overlay-opacity":"","overlay-gradient":""},"mobile":{"background-color":"","background-image":"","background-repeat":"repeat","background-position":"center center","background-size":"auto","background-attachment":"scroll","background-type":"","background-media":"","overlay-type":"","overlay-color":"","overlay-opacity":"","overlay-gradient":""}},"ast-content-background-meta":{"desktop":{"background-color":"var(--ast-global-color-5)","background-image":"","background-repeat":"repeat","background-position":"center center","background-size":"auto","background-attachment":"scroll","background-type":"","background-media":"","overlay-type":"","overlay-color":"","overlay-opacity":"","overlay-gradient":""},"tablet":{"background-color":"var(--ast-global-color-5)","background-image":"","background-repeat":"repeat","background-position":"center center","background-size":"auto","background-attachment":"scroll","background-type":"","background-media":"","overlay-type":"","overlay-color":"","overlay-opacity":"","overlay-gradient":""},"mobile":{"background-color":"var(--ast-global-color-5)","background-image":"","background-repeat":"repeat","background-position":"center center","background-size":"auto","background-attachment":"scroll","background-type":"","background-media":"","overlay-type":"","overlay-color":"","overlay-opacity":"","overlay-gradient":""}},"footnotes":""},"class_list":["post-3288","page","type-page","status-publish","hentry"],"_links":{"self":[{"href":"https:\/\/staging.hagenbikes.com\/de\/wp-json\/wp\/v2\/pages\/3288","targetHints":{"allow":["GET"]}}],"collection":[{"href":"https:\/\/staging.hagenbikes.com\/de\/wp-json\/wp\/v2\/pages"}],"about":[{"href":"https:\/\/staging.hagenbikes.com\/de\/wp-json\/wp\/v2\/types\/page"}],"author":[{"embeddable":true,"href":"https:\/\/staging.hagenbikes.com\/de\/wp-json\/wp\/v2\/users\/1"}],"replies":[{"embeddable":true,"href":"https:\/\/staging.hagenbikes.com\/de\/wp-json\/wp\/v2\/comments?post=3288"}],"version-history":[{"count":4,"href":"https:\/\/staging.hagenbikes.com\/de\/wp-json\/wp\/v2\/pages\/3288\/revisions"}],"predecessor-version":[{"id":4076,"href":"https:\/\/staging.hagenbikes.com\/de\/wp-json\/wp\/v2\/pages\/3288\/revisions\/4076"}],"up":[{"embeddable":true,"href":"https:\/\/staging.hagenbikes.com\/de\/wp-json\/wp\/v2\/pages\/3441"}],"wp:attachment":[{"href":"https:\/\/staging.hagenbikes.com\/de\/wp-json\/wp\/v2\/media?parent=3288"}],"curies":[{"name":"wp","href":"https:\/\/api.w.org\/{rel}","templated":true}]}}