{"id":3290,"date":"2024-08-08T15:57:14","date_gmt":"2024-08-08T15:57:14","guid":{"rendered":"https:\/\/staging.hagenbikes.com\/auslass\/"},"modified":"2024-10-17T15:53:36","modified_gmt":"2024-10-17T15:53:36","slug":"outlet","status":"publish","type":"page","link":"https:\/\/staging.hagenbikes.com\/de\/pages\/outlet\/","title":{"rendered":"Auslass"},"content":{"rendered":"\t\t<div data-elementor-type=\"wp-page\" data-elementor-id=\"3290\" class=\"elementor elementor-3290 elementor-1425\">\n\t\t\t\t<div class=\"elementor-element elementor-element-d3d952b e-flex e-con-boxed e-con e-parent\" data-id=\"d3d952b\" data-element_type=\"container\">\n\t\t\t\t\t<div class=\"e-con-inner\">\n\t\t\t\t<div class=\"elementor-element elementor-element-9156f79 elementor-widget elementor-widget-heading\" data-id=\"9156f79\" data-element_type=\"widget\" data-widget_type=\"heading.default\">\n\t\t\t\t<div class=\"elementor-widget-container\">\n\t\t\t<h2 class=\"elementor-heading-title elementor-size-default\">Auslass<\/h2>\t\t<\/div>\n\t\t\t\t<\/div>\n\t\t\t\t\t<\/div>\n\t\t\t\t<\/div>\n\t\t<div class=\"elementor-element elementor-element-90aab56 e-flex e-con-boxed e-con e-parent\" data-id=\"90aab56\" data-element_type=\"container\">\n\t\t\t\t\t<div class=\"e-con-inner\">\n\t\t<div class=\"elementor-element elementor-element-95c84e3 e-con-full e-flex e-con e-child\" data-id=\"95c84e3\" data-element_type=\"container\">\n\t\t\t\t<div class=\"elementor-element elementor-element-58e2ca6 elementor-widget elementor-widget-heading\" data-id=\"58e2ca6\" data-element_type=\"widget\" data-widget_type=\"heading.default\">\n\t\t\t\t<div class=\"elementor-widget-container\">\n\t\t\t<h2 class=\"elementor-heading-title elementor-size-default\">Beschreibung<\/h2>\t\t<\/div>\n\t\t\t\t<\/div>\n\t\t\t\t<div class=\"elementor-element elementor-element-f2bcd46 elementor-widget elementor-widget-text-editor\" data-id=\"f2bcd46\" data-element_type=\"widget\" data-widget_type=\"text-editor.default\">\n\t\t\t\t<div class=\"elementor-widget-container\">\n\t\t\t\t\t\t\t<p>Wir glauben fest daran, dass jeder die M\u00f6glichkeit haben sollte, sein eigenes Hagen-Lastenrad zu besitzen und zu genie\u00dfen. Jedes Lastenrad, das wir herstellen, sollte gefahren werden. Sogar die R\u00e4der, die als Vorf\u00fchrr\u00e4der in Ausstellungen benutzt wurden oder die kleinere M\u00e4ngel haben. Diese Fahrr\u00e4der haben alles, was Sie brauchen, und das zu einem Preis, den Ihr Geldbeutel lieben wird. Setzen Sie sich also mit uns in Verbindung, denn vielleicht haben wir genau den Schatz, nach dem Sie suchen.<\/p>\n<p>Wichtigste Merkmale<br \/>\n<a style=\"color: #ffcf07;\">\u00a0 \u00a0\u2022<\/a><span style=\"font-size: 16px;\">\u00a0\u00a0<\/span>Werksgarantie<br \/>\n<a style=\"color: #ffcf07;\">\u00a0 \u00a0\u2022<\/a><span style=\"font-size: 16px;\">\u00a0\u00a0<\/span>Schneller Versand<br \/>\n<a style=\"color: #ffcf07;\">\u00a0 \u00a0\u2022<\/a><span style=\"font-size: 16px;\">\u00a0\u00a0<\/span>Neu oder so gut wie neu<\/p>\n<p>Zus\u00e4tzliche Aktualisierungen<br \/>\n<a style=\"color: #ffcf07;\">\u00a0 \u00a0\u2022<\/a><span style=\"font-size: 16px;\"> \u00a0<\/span>Kann mit allen neuen Zubeh\u00f6rteilen aufger\u00fcstet werden<\/p>\n\t\t\t\t\t\t<\/div>\n\t\t\t\t<\/div>\n\t\t\t\t<div class=\"elementor-element elementor-element-ecc1aab elementor-align-center elementor-widget elementor-widget-button\" data-id=\"ecc1aab\" data-element_type=\"widget\" data-widget_type=\"button.default\">\n\t\t\t\t<div class=\"elementor-widget-container\">\n\t\t\t\t\t<div class=\"elementor-button-wrapper\">\n\t\t\t<a class=\"elementor-button elementor-button-link elementor-size-sm\" href=\"https:\/\/staging.hagenbikes.com\/de\/pages\/contact\/\">\n\t\t\t\t\t\t<span class=\"elementor-button-content-wrapper\">\n\t\t\t\t\t\t\t\t\t<span class=\"elementor-button-text\">Kontakt aufnehmen<\/span>\n\t\t\t\t\t<\/span>\n\t\t\t\t\t<\/a>\n\t\t<\/div>\n\t\t\t\t<\/div>\n\t\t\t\t<\/div>\n\t\t\t\t<\/div>\n\t\t<div class=\"elementor-element elementor-element-77fb3ce e-con-full e-flex e-con e-child\" data-id=\"77fb3ce\" data-element_type=\"container\">\n\t\t\t\t<div class=\"elementor-element elementor-element-e708475 elementor-widget elementor-widget-image\" data-id=\"e708475\" data-element_type=\"widget\" data-widget_type=\"image.default\">\n\t\t\t\t<div class=\"elementor-widget-container\">\n\t\t\t\t\t\t\t\t\t\t\t\t\t<img fetchpriority=\"high\" decoding=\"async\" width=\"580\" height=\"387\" src=\"https:\/\/staging.hagenbikes.com\/wp-content\/uploads\/2024\/08\/mini-e-cargo_580x.webp\" class=\"attachment-large size-large wp-image-1427\" alt=\"\" srcset=\"https:\/\/staging.hagenbikes.com\/wp-content\/uploads\/2024\/08\/mini-e-cargo_580x.webp 580w, https:\/\/staging.hagenbikes.com\/wp-content\/uploads\/2024\/08\/mini-e-cargo_580x-300x200.webp 300w\" sizes=\"(max-width: 580px) 100vw, 580px\" \/>\t\t\t\t\t\t\t\t\t\t\t\t\t<\/div>\n\t\t\t\t<\/div>\n\t\t\t\t<\/div>\n\t\t\t\t\t<\/div>\n\t\t\t\t<\/div>\n\t\t<div class=\"elementor-element elementor-element-4384a73 e-flex e-con-boxed e-con e-parent\" data-id=\"4384a73\" data-element_type=\"container\">\n\t\t\t\t\t<div class=\"e-con-inner\">\n\t\t\t\t<div class=\"elementor-element elementor-element-d492407 premium-woo-product-align-center premium-qv-hidden-yes elementor-widget elementor-widget-premium-woo-products\" data-id=\"d492407\" data-element_type=\"widget\" data-widget_type=\"premium-woo-products.grid-2\">\n\t\t\t\t<div class=\"elementor-widget-container\">\n\t\t\t<div class=\"premium-woocommerce premium-woo-products-grid premium-woo-skin-grid-2 premium-woo-query-custom\" data-page-id=\"3290\" data-skin=\"grid_2\" data-quick-view=\"\"><div class=\"premium-woo-products-inner\"><ul class=\"products columns-2\">\n\n<li class=\"post-3762 product first instock sale shipping-taxable purchasable product-type-simple\">\n\t<div class=\"premium-woo-product-wrapper\">\n\t\t<div class=\"premium-woo-product-thumbnail\"><div class=\"premium-woo-ribbon-container\">\t<div class=\"premium-woo-product-sale-wrap\">\n\t\t<span class=\"premium-woo-product-onsale\">Sale! <\/span>\n\t<\/div>\n\t<\/div><a href=\"https:\/\/staging.hagenbikes.com\/de\/shop\/auslass\/brooks-b17\/\" class=\"woocommerce-LoopProduct-link woocommerce-loop-product__link\"><img decoding=\"async\" src=\"https:\/\/staging.hagenbikes.com\/wp-content\/uploads\/2024\/08\/Untitleddesign_5_7449bb3f-549c-45ac-8bc0-08665ba869ff_1024x1024.webp\" alt=\"\"><\/a><div class=\"premium-woo-products-details-wrap\"><div class=\"premium-woo-product-details\"><a href=\"https:\/\/staging.hagenbikes.com\/de\/shop\/auslass\/brooks-b17\/\" class=\"premium-woo-product__link\"><h2 class=\"woocommerce-loop-product__title\">Brooks B17<\/h2><\/a>\n\t<span class=\"price\"><del aria-hidden=\"true\"><span class=\"woocommerce-Price-amount amount\"><bdi>150,00&nbsp;<span class=\"woocommerce-Price-currencySymbol\">&euro;<\/span><\/bdi><\/span><\/del> <span class=\"screen-reader-text\">Urspr\u00fcnglicher Preis war: 150,00&nbsp;&euro;<\/span><ins aria-hidden=\"true\"><span class=\"woocommerce-Price-amount amount\"><bdi>80,00&nbsp;<span class=\"woocommerce-Price-currencySymbol\">&euro;<\/span><\/bdi><\/span><\/ins><span class=\"screen-reader-text\">Aktueller Preis ist: 80,00&nbsp;&euro;.<\/span><\/span>\n<\/div><div class=\"premium-woo-product-actions-wrapper\"><div class=\"premium-woo-atc-button\" ><a href=\"?add-to-cart=3762\" aria-describedby=\"woocommerce_loop_add_to_cart_link_describedby_3762\" data-quantity=\"1\" class=\"button product_type_simple add_to_cart_button ajax_add_to_cart\" data-product_id=\"3762\" data-product_sku=\"\" aria-label=\"In den Warenkorb legen: \u201eBrooks B17\u201c\" rel=\"nofollow\" data-success_message=\"\u201eBrooks B17\u201c wurde deinem Warenkorb hinzugef\u00fcgt\">In den Warenkorb<\/a>\t<span id=\"woocommerce_loop_add_to_cart_link_describedby_3762\" class=\"screen-reader-text\">\n\t\t\t<\/span>\n<\/div><\/div><\/div><\/div>\t<\/div>\n<\/li>\n\n<li class=\"post-3820 product last instock sale shipping-taxable purchasable product-type-variable has-default-attributes\">\n\t<div class=\"premium-woo-product-wrapper\">\n\t\t<div class=\"premium-woo-product-thumbnail\"><div class=\"premium-woo-ribbon-container\">\t<div class=\"premium-woo-product-sale-wrap\">\n\t\t<span class=\"premium-woo-product-onsale\">Sale! <\/span>\n\t<\/div>\n\t<\/div><a href=\"https:\/\/staging.hagenbikes.com\/de\/shop\/auslass\/mini-e-cargo-bike-53-cm\/\" class=\"woocommerce-LoopProduct-link woocommerce-loop-product__link\"><img decoding=\"async\" src=\"https:\/\/staging.hagenbikes.com\/wp-content\/uploads\/2024\/08\/Hagen-Cago-eBike-Mini-Yellow_2_1024x1024.webp\" alt=\"\"><\/a><div class=\"premium-woo-products-details-wrap\"><div class=\"premium-woo-product-details\"><a href=\"https:\/\/staging.hagenbikes.com\/de\/shop\/auslass\/mini-e-cargo-bike-53-cm\/\" class=\"premium-woo-product__link\"><h2 class=\"woocommerce-loop-product__title\">Mini e-Cargo Bike (53 cm)<\/h2><\/a>\n\t<span class=\"price\"><span class=\"woocommerce-Price-amount amount\"><bdi>3990,00&nbsp;<span class=\"woocommerce-Price-currencySymbol\">&euro;<\/span><\/bdi><\/span> &ndash; <span class=\"woocommerce-Price-amount amount\"><bdi>4699,00&nbsp;<span class=\"woocommerce-Price-currencySymbol\">&euro;<\/span><\/bdi><\/span><\/span>\n<\/div><div class=\"premium-woo-product-actions-wrapper\"><div class=\"premium-woo-atc-button\" data-variations=&quot;true&quot;><a href=\"https:\/\/staging.hagenbikes.com\/de\/shop\/auslass\/mini-e-cargo-bike-53-cm\/\" aria-describedby=\"woocommerce_loop_add_to_cart_link_describedby_3820\" data-quantity=\"1\" class=\"button product_type_variable add_to_cart_button\" data-product_id=\"3820\" data-product_sku=\"\" aria-label=\"W\u00e4hle Optionen f\u00fcr \u201eMini e-Cargo Bike (53 cm)\u201c\" rel=\"nofollow\">Ausf\u00fchrung w\u00e4hlen<\/a>\t<span id=\"woocommerce_loop_add_to_cart_link_describedby_3820\" class=\"screen-reader-text\">\n\t\tDieses Produkt weist mehrere Varianten auf. Die Optionen k\u00f6nnen auf der Produktseite gew\u00e4hlt werden\t<\/span>\n<\/div><\/div><\/div><\/div>\t<\/div>\n<\/li>\n<\/ul>\n<\/div><\/div>\t\t<\/div>\n\t\t\t\t<\/div>\n\t\t\t\t\t<\/div>\n\t\t\t\t<\/div>\n\t\t\t\t<\/div>\n\t\t","protected":false},"excerpt":{"rendered":"<p>Auslass Beschreibung Wir glauben fest daran, dass jeder die M\u00f6glichkeit haben sollte, sein eigenes Hagen-Lastenrad zu besitzen und zu genie\u00dfen. [&hellip;]<\/p>\n","protected":false},"author":1,"featured_media":0,"parent":3441,"menu_order":0,"comment_status":"closed","ping_status":"closed","template":"","meta":{"site-sidebar-layout":"no-sidebar","site-content-layout":"","ast-site-content-layout":"full-width-container","site-content-style":"default","site-sidebar-style":"default","ast-global-header-display":"","ast-banner-title-visibility":"","ast-main-header-display":"","ast-hfb-above-header-display":"","ast-hfb-below-header-display":"","ast-hfb-mobile-header-display":"","site-post-title":"disabled","ast-breadcrumbs-content":"","ast-featured-img":"disabled","footer-sml-layout":"","theme-transparent-header-meta":"","adv-header-id-meta":"","stick-header-meta":"","header-above-stick-meta":"","header-main-stick-meta":"","header-below-stick-meta":"","astra-migrate-meta-layouts":"default","ast-page-background-enabled":"default","ast-page-background-meta":{"desktop":{"background-color":"var(--ast-global-color-4)","background-image":"","background-repeat":"repeat","background-position":"center center","background-size":"auto","background-attachment":"scroll","background-type":"","background-media":"","overlay-type":"","overlay-color":"","overlay-opacity":"","overlay-gradient":""},"tablet":{"background-color":"","background-image":"","background-repeat":"repeat","background-position":"center center","background-size":"auto","background-attachment":"scroll","background-type":"","background-media":"","overlay-type":"","overlay-color":"","overlay-opacity":"","overlay-gradient":""},"mobile":{"background-color":"","background-image":"","background-repeat":"repeat","background-position":"center center","background-size":"auto","background-attachment":"scroll","background-type":"","background-media":"","overlay-type":"","overlay-color":"","overlay-opacity":"","overlay-gradient":""}},"ast-content-background-meta":{"desktop":{"background-color":"var(--ast-global-color-5)","background-image":"","background-repeat":"repeat","background-position":"center center","background-size":"auto","background-attachment":"scroll","background-type":"","background-media":"","overlay-type":"","overlay-color":"","overlay-opacity":"","overlay-gradient":""},"tablet":{"background-color":"var(--ast-global-color-5)","background-image":"","background-repeat":"repeat","background-position":"center center","background-size":"auto","background-attachment":"scroll","background-type":"","background-media":"","overlay-type":"","overlay-color":"","overlay-opacity":"","overlay-gradient":""},"mobile":{"background-color":"var(--ast-global-color-5)","background-image":"","background-repeat":"repeat","background-position":"center center","background-size":"auto","background-attachment":"scroll","background-type":"","background-media":"","overlay-type":"","overlay-color":"","overlay-opacity":"","overlay-gradient":""}},"footnotes":""},"class_list":["post-3290","page","type-page","status-publish","hentry","desktop-align-left","tablet-align-left","mobile-align-left"],"_links":{"self":[{"href":"https:\/\/staging.hagenbikes.com\/de\/wp-json\/wp\/v2\/pages\/3290","targetHints":{"allow":["GET"]}}],"collection":[{"href":"https:\/\/staging.hagenbikes.com\/de\/wp-json\/wp\/v2\/pages"}],"about":[{"href":"https:\/\/staging.hagenbikes.com\/de\/wp-json\/wp\/v2\/types\/page"}],"author":[{"embeddable":true,"href":"https:\/\/staging.hagenbikes.com\/de\/wp-json\/wp\/v2\/users\/1"}],"replies":[{"embeddable":true,"href":"https:\/\/staging.hagenbikes.com\/de\/wp-json\/wp\/v2\/comments?post=3290"}],"version-history":[{"count":4,"href":"https:\/\/staging.hagenbikes.com\/de\/wp-json\/wp\/v2\/pages\/3290\/revisions"}],"predecessor-version":[{"id":4079,"href":"https:\/\/staging.hagenbikes.com\/de\/wp-json\/wp\/v2\/pages\/3290\/revisions\/4079"}],"up":[{"embeddable":true,"href":"https:\/\/staging.hagenbikes.com\/de\/wp-json\/wp\/v2\/pages\/3441"}],"wp:attachment":[{"href":"https:\/\/staging.hagenbikes.com\/de\/wp-json\/wp\/v2\/media?parent=3290"}],"curies":[{"name":"wp","href":"https:\/\/api.w.org\/{rel}","templated":true}]}}