{"id":3360,"date":"2024-06-26T16:16:15","date_gmt":"2024-06-26T16:16:15","guid":{"rendered":"https:\/\/staging.hagenbikes.com\/datenschutzrichtlinien\/"},"modified":"2024-10-17T15:48:57","modified_gmt":"2024-10-17T15:48:57","slug":"privacy-policy","status":"publish","type":"page","link":"https:\/\/staging.hagenbikes.com\/de\/policies\/privacy-policy\/","title":{"rendered":"Datenschutzrichtlinien"},"content":{"rendered":"\t\t<div data-elementor-type=\"wp-page\" data-elementor-id=\"3360\" class=\"elementor elementor-3360 elementor-3\">\n\t\t\t\t<div class=\"elementor-element elementor-element-2f353494 e-flex e-con-boxed e-con e-parent\" data-id=\"2f353494\" data-element_type=\"container\">\n\t\t\t\t\t<div class=\"e-con-inner\">\n\t\t\t\t<div class=\"elementor-element elementor-element-7a86ee64 elementor-widget elementor-widget-text-editor\" data-id=\"7a86ee64\" data-element_type=\"widget\" data-widget_type=\"text-editor.default\">\n\t\t\t\t<div class=\"elementor-widget-container\">\n\t\t\t\t\t\t\tDiese Datenschutzrichtlinie beschreibt, wie hagen123.myshopify.com (die \u201eWirbsite\u201c oder \u201ewir\u201c) Ihre personenbezogenen Daten sammelt, verwendet und offenlegt, wenn Sie die Website besuchen oder einen Kauf t\u00e4tigen.\r\n<h1>Sammeln von personenbezogenen Daten<\/h1>\r\nWenn Sie die Website besuchen, erfassen wir bestimmte Informationen \u00fcber Ihr Ger\u00e4t, Ihre Interaktion mit der Website und Informationen, die zur Abwicklung Ihrer Eink\u00e4ufe erforderlich sind. Wir k\u00f6nnen auch zus\u00e4tzliche Informationen sammeln, wenn Sie uns wegen des Kundendienstes kontaktieren. In dieser Datenschutzrichtlinie bezeichnen wir alle Informationen, die eine Person eindeutig identifizieren k\u00f6nnen (einschlie\u00dflich der nachstehenden Informationen), als \u201epersonenbezogene Daten\u201c. In der folgenden Liste finden Sie weitere Informationen dar\u00fcber, welche personenbezogenen Daten wir sammeln und warum.\r\n\r\n<u>Ger\u00e4teinformation<\/u>\r\n<ul>\r\n \t<li><strong>Beispiele f\u00fcr gesammelte personenbezogene Daten:<\/strong>\u00a0Version des Webbrowsers, IP-Adresse, Zeitzone, Cookie-Informationen, welche Websites oder Produkte Sie sich ansehen, Suchbegriffe und wie Sie mit der Website interagieren.<\/li>\r\n \t<li><strong>Zweck der Erhebung:<\/strong>\u00a0um die Website f\u00fcr Sie genau zu laden und Analysen zur Nutzung der Website durchzuf\u00fchren, um unsere Website zu optimieren.<\/li>\r\n \t<li><strong>Quelle der Sammlung:<\/strong>\u00a0Wird automatisch erfasst, wenn Sie mithilfe von Kekse, Protokolldateien, Web-Beacons, Tags oder Pixeln auf unsere Website zugreifen\u00a0<i>[SONSTIGE VERWENDETE TRACKING-TECHNOLOGIEN HINZUF\u00dcGEN ODER SUBTRAHIEREN]<\/i>.<\/li>\r\n \t<li><strong>Offenlegung f\u00fcr einen gesch\u00e4ftlichen Zweck:<\/strong>\u00a0mit unserem Auftragsverarbeiter Shopify geteilt\u00a0<i>[F\u00dcGEN SIE ANDERE ANBIETER HINZU, MIT DENEN SIE DIESE INFORMATIONEN TEILEN]<\/i>.<\/li>\r\n<\/ul>\r\n<u>Bestellinformationen<\/u>\r\n<ul>\r\n \t<li><strong>Beispiele f\u00fcr gesammelte personenbezogene Daten:<\/strong>\u00a0Name, Rechnungsadresse, Lieferadresse, Zahlungsinformationen (einschlie\u00dflich Kreditkartennummern\u00a0<i>[ALLE ANDEREN AKZEPTIERTEN ZAHLUNGSARTEN EINF\u00dcGEN]<\/i>), E-Mail-Adresse und Telefonnummer.<\/li>\r\n \t<li><strong>Zweck der Erhebung:<\/strong>\u00a0um Ihnen Produkte oder Dienstleistungen zur Verf\u00fcgung zu stellen, um unseren Vertrag zu erf\u00fcllen, um Ihre Zahlungsinformationen zu verarbeiten, den Versand zu arrangieren und Ihnen Rechnungen und\/oder Auftragsbest\u00e4tigungen zukommen zu lassen, mit Ihnen zu kommunizieren, unsere Bestellungen auf potenzielle Risiken oder Betrug zu \u00fcberpr\u00fcfen und wenn Sie in der Schlange stehen mit den Pr\u00e4ferenzen, die Sie uns mitgeteilt haben, um Ihnen Informationen oder Werbung in Bezug auf unsere Produkte oder Dienstleistungen bereitzustellen.<\/li>\r\n \t<li><strong>Quelle der Sammlung:<\/strong>\u00a0von Ihnen gesammelt.<\/li>\r\n \t<li><strong>Offenlegung f\u00fcr einen gesch\u00e4ftlichen Zweck:<\/strong>\u00a0mit unserem Auftragsverarbeiter Shopify geteilt\u00a0<i>[F\u00dcGEN SIE ANDERE ANBIETER HINZU, MIT DENEN SIE DIESE INFORMATIONEN TEILEN. Z. B. VERKAUFSKAN\u00c4LE, ZAHLUNGS-GATEWAYS, VERSAND- UND ERF\u00dcLLUNGS-APPS]<\/i>.<\/li>\r\n<\/ul>\r\n<u>Informationen zum Kundensupport<\/u>\r\n<ul>\r\n \t<li><strong>Beispiele f\u00fcr gesammelte personenbezogene Daten:<\/strong>\u00a0<i>[\u00c4NDERUNGEN DER OBEN AUFGEF\u00dcHRTEN INFORMATIONEN ODER ZUS\u00c4TZLICHE INFORMATIONEN NACH BEDARF]<\/i><\/li>\r\n \t<li><strong>Zweck der Erhebung:<\/strong>\u00a0um Kundensupport zu leisten.<\/li>\r\n \t<li><strong>Quelle der Sammlung:<\/strong>\u00a0von Ihnen gesammelt.<\/li>\r\n \t<li><strong>Offenlegung f\u00fcr einen gesch\u00e4ftlichen Zweck:<\/strong>\u00a0<i>[F\u00dcGEN SIE ALLE ANBIETER HINZU, DIE F\u00dcR DEN KUNDENSUPPORT VERWENDET WERDEN]<\/i><\/li>\r\n<\/ul>\r\n<i>[F\u00dcGEN SIE ANDERE INFORMATIONEN EIN, DIE SIE ERHEBEN: OFFLINE-DATEN, GEKAUFTE MARKETINGDATEN\/LISTEN]<\/i>\r\n\r\n<i>[FOLGENDEN ABSCHNITT EINF\u00dcGEN, WENN ALTERSBESCHR\u00c4NKUNG ERFORDERLICH IST]<\/i>\r\n<h2>Minderj\u00e4hrige<\/h2>\r\nDie Website ist nicht f\u00fcr Personen unter dem Alter von bestimmt\u00a0<i>[ALTER EINF\u00dcGEN]<\/i>. Wir erfassen nicht absichtlich personenbezogene Daten von Kindern. Wenn Sie ein Elternteil oder Erziehungsberechtigter sind und glauben, dass Ihr Kind uns personenbezogene Daten zur Verf\u00fcgung gestellt hat, kontaktieren Sie uns bitte unter der unten angegebenen Adresse, um die L\u00f6schung zu beantragen.\r\n<h1>Weitergabe personenbezogener Daten<\/h1>\r\nWir geben Ihre personenbezogenen Daten an Dienstleister weiter, um uns bei der Bereitstellung unserer Dienste und der Erf\u00fcllung unserer Vertr\u00e4ge mit Ihnen zu unterst\u00fctzen, wie oben beschrieben. Zum Beispiel:\r\n<ul>\r\n \t<li>Wir verwenden Shopify, um unseren Online-Shop zu betreiben. Hier k\u00f6nnen Sie mehr dar\u00fcber lesen, wie Shopify Ihre personenbezogenen Daten verwendet:\u00a0<a href=\"https:\/\/www.shopify.com\/legal\/privacy\" target=\"_blank\" rel=\"noreferrer noopener\">https:\/\/www.shopify.com\/legal\/privacy<\/a>.<\/li>\r\n \t<li>Wir k\u00f6nnen Ihre personenbezogenen Daten weitergeben, um geltende Gesetze und Vorschriften einzuhalten, auf eine Vorladung, einen Durchsuchungsbefehl oder eine andere rechtm\u00e4\u00dfige Informationsanfrage zu reagieren, die wir erhalten, oder um unsere Rechte anderweitig zu sch\u00fctzen.<\/li>\r\n \t<li><i>[INFORMATIONEN \u00dcBER ANDERE DIENSTLEISTER EINF\u00dcGEN]<\/i><\/li>\r\n<\/ul>\r\n<i>[FOLGENDEN ABSCHNITT EINF\u00dcGEN, WENN REMARKETING ODER GEZIELTE WERBUNG VERWENDET WIRD]<\/i>\r\n<h2>Verhaltenswerbung<\/h2>\r\nWie oben beschrieben, verwenden wir Ihre personenbezogenen Daten, um Ihnen gezielte Werbung oder Marketingmitteilungen bereitzustellen, von denen wir glauben, dass sie f\u00fcr Sie von Interesse sein k\u00f6nnten. Zum Beispiel:\r\n<ul>\r\n \t<li><i>[FALLS ZUTREFFEND EINF\u00dcGEN]<\/i>\u00a0Wir verwenden Google Analytics, um zu verstehen, wie unsere Kunden die Website nutzen. Hier k\u00f6nnen Sie mehr dar\u00fcber lesen, wie Google Ihre personenbezogenen Daten verwendet:\u00a0<a href=\"https:\/\/policies.google.com\/privacy?hl=de\" target=\"_blank\" rel=\"noreferrer noopener\">https:\/\/policies.google.com\/privacy?hl=en<\/a>.Sie k\u00f6nnen sich auch hier von Google Analytics abmelden:\u00a0<a href=\"https:\/\/tools.google.com\/dlpage\/gaoptout\" target=\"_blank\" rel=\"noreferrer noopener\">https:\/\/tools.google.com\/dlpage\/gaoptout<\/a>.<\/li>\r\n \t<li><i>[EINF\u00dcGEN, WENN SIE EINE MARKETING-APP VON DRITTANBIETERN VERWENDEN, DIE INFORMATIONEN \u00dcBER K\u00c4UFERAKTIVIT\u00c4TEN AUF IHRER WEBSITE SAMMELT]<\/i>\u00a0Wir geben Informationen \u00fcber Ihre Nutzung der Website, Ihre Eink\u00e4ufe und Ihre Interaktion mit unseren Anzeigen auf anderen Websites an unsere Werbepartner weiter. Wir sammeln und teilen einige dieser Informationen direkt mit unseren Werbepartnern und in einigen F\u00e4llen durch die Verwendung von Cookies oder anderen \u00e4hnlichen Technologien (denen Sie je nach Standort zustimmen k\u00f6nnen).<\/li>\r\n \t<li><i>[ANDERE VERWENDETE WERBEDIENSTE EINF\u00dcGEN]<\/i><\/li>\r\n<\/ul>\r\nWeitere Informationen dar\u00fcber, wie zielgerichtete Werbung funktioniert, finden Sie auf der Bildungsseite der Network Advertising Initiative (\u201eNAI\u201c) unter\u00a0<a href=\"http:\/\/www.networkadvertising.org\/understanding-online-advertising\/how-does-it-work\" target=\"_blank\" rel=\"noreferrer noopener\">http:\/\/www.networkadvertising.org\/understanding-online-advertising\/how-does-it-work<\/a>.\r\n\r\nSie k\u00f6nnen gezielte Werbung deaktivieren, indem Sie:\r\n\r\n<i>[LINKS ZUR AUSWERTUNG VON DEN VERWENDETEN DIENSTLEISTUNGEN EINSCHLIESSEN. GEMEINSAME LINKS SIND:<\/i>\r\n<ul>\r\n \t<li><i>FACEBOOK &#8211;\u00a0<\/i><a href=\"https:\/\/www.facebook.com\/settings\/?tab=ads\" target=\"_blank\" rel=\"noreferrer noopener\">https:\/\/www.facebook.com\/settings\/?tab=ads<\/a><\/li>\r\n \t<li><i>GOOGLE &#8211;\u00a0<\/i><a href=\"https:\/\/www.google.com\/settings\/ads\/anonymous\" target=\"_blank\" rel=\"noreferrer noopener\">https:\/\/www.google.com\/settings\/ads\/anonymous<\/a><\/li>\r\n \t<li><i>BING &#8211;\u00a0<\/i><a href=\"https:\/\/advertise.bingads.microsoft.com\/en-us\/resources\/policies\/personalized-ads\" target=\"_blank\" rel=\"noreferrer noopener\">https:\/\/advertise.bingads.microsoft.com\/en-us\/resources\/policies\/personalized-ads<\/a><i>]<\/i><\/li>\r\n<\/ul>\r\nDar\u00fcber hinaus k\u00f6nnen Sie sich von einigen dieser Dienste abmelden, indem Sie das Abmeldeportal der Digital Advertising Alliance unter folgender Adresse besuchen:\u00a0<a href=\"http:\/\/optout.aboutads.info\/\" target=\"_blank\" rel=\"noreferrer noopener\">http:\/\/optout.aboutads.info\/<\/a>.\r\n<h1>Verwendung personenbezogener Daten<\/h1>\r\nWir verwenden Ihre personenbezogenen Daten, um unsere Dienstleistungen f\u00fcr Sie bereitzustellen, die Folgendes umfassen: Anbieten von Produkten zum Verkauf, Abwicklung von Zahlungen, Versand und Erf\u00fcllung Ihrer Bestellung und um Sie \u00fcber neue Produkte, Dienstleistungen und Angebote auf dem Laufenden zu halten.\r\n\r\n<i>[F\u00dcGEN SIE DEN FOLGENDEN ABSCHNITT EIN, WENN IHR GESCH\u00c4FT IN EUROPA BEFINDET ODER WENN SIE KUNDEN IN EUROPA HABEN]<\/i>\r\n<h2>Rechtsgrundlage<\/h2>\r\nGem\u00e4\u00df der Datenschutz-Grundverordnung (\u201eDSGVO\u201c) verarbeiten wir Ihre personenbezogenen Daten, wenn Sie im Europ\u00e4ischen Wirtschaftsraum (\u201eEWR\u201c) ans\u00e4ssig sind, auf der Grundlage der folgenden Rechtsgrundlagen:\r\n\r\n<i>[ALLES F\u00dcR IHR UNTERNEHMEN ZUTREFFENDES ANGEBEN]<\/i>\r\n<ul>\r\n \t<li>Ihre Zustimmung;<\/li>\r\n \t<li>Die Vertragserf\u00fcllung zwischen Ihnen und der Website;<\/li>\r\n \t<li>Einhaltung unserer gesetzlichen Verpflichtungen;<\/li>\r\n \t<li>Um Ihre lebenswichtigen Interessen zu sch\u00fctzen;<\/li>\r\n \t<li>Erf\u00fcllung einer Aufgabe im \u00f6ffentlichen Interesse;<\/li>\r\n \t<li>F\u00fcr unsere berechtigten Interessen, die Ihre Grundrechte und Grundfreiheiten nicht au\u00dfer Kraft setzen.<\/li>\r\n<\/ul>\r\n<h2>Zur\u00fcckbehaltung<\/h2>\r\nWenn Sie eine Bestellung \u00fcber die Website aufgeben, bewahren wir Ihre personenbezogenen Daten f\u00fcr unsere Unterlagen auf, es sei denn, und bis Sie uns auffordern, diese Daten zu l\u00f6schen. Weitere Informationen zu Ihrem Recht auf L\u00f6schung finden Sie im Abschnitt \u201eIhre Rechte\u201c weiter unten.\r\n<h2>Automatische Entscheidungsfindung<\/h2>\r\nWenn Sie im EWR ans\u00e4ssig sind, haben Sie das Recht, der Verarbeitung zu widersprechen, die ausschlie\u00dflich auf einer automatisierten Entscheidungsfindung (einschlie\u00dflich Profiling) beruht, wenn diese Entscheidungsfindung Ihnen gegen\u00fcber rechtliche Wirkung entfaltet oder Sie anderweitig erheblich beeintr\u00e4chtigt.\r\n\r\nWe\u00a0<i>[TU\/NICHT]<\/i>\u00a0Vollautomatische Entscheidungsfindung mit rechtlichen oder anderweitig erheblichen Auswirkungen unter Verwendung von Kundendaten.\r\n\r\nUnser Auftragsverarbeiter Shopify verwendet eine begrenzte automatisierte Entscheidungsfindung, um Betrug zu verhindern, der keine rechtlichen oder anderweitig erheblichen Auswirkungen auf Sie hat.\r\n\r\nZu den Diensten, die Elemente der automatisierten Entscheidungsfindung beinhalten, geh\u00f6ren:\r\n<ul>\r\n \t<li>Tempor\u00e4re Ablehnungsliste von IP-Adressen, die wiederholten fehlgeschlagenen Transaktionen zugeordnet sind. Diese Ablehnungsliste bleibt f\u00fcr eine kleine Anzahl von Stunden bestehen.<\/li>\r\n \t<li>Tempor\u00e4re Ablehnungsliste von Kreditkarten, die mit ausgeschlossenen IP-Adressen verkn\u00fcpft sind. Diese Denylist bleibt f\u00fcr eine kleine Anzahl von Tagen bestehen.<\/li>\r\n<\/ul>\r\n<i>[F\u00dcGEN SIE DEN FOLGENDEN ABSCHNITT NUR EIN, WENN SIE PERSONENBEZOGENE DATEN VERKAUFEN, WIE IM CALIFORNIA CONSUMER PRIVACY ACT DEFINIERT]<\/i>\r\n<h1>Verkauf von pers\u00f6nlichen Informationen<\/h1>\r\nUnsere Website verkauft personenbezogene Daten im Sinne des California Consumer Privacy Act von 2018 (\u201eCCPA\u201c).\r\n\r\n<i>[EINF\u00dcGUNG:<\/i>\r\n<ul>\r\n \t<li><i>KATEGORIEN VON VERKAUFTEN INFORMATIONEN;<\/i><\/li>\r\n \t<li><i>ANWEISUNGEN, WIE MAN DEN VERKAUF ABLEHNEN KANN;<\/i><\/li>\r\n \t<li><i>OB IHR UNTERNEHMEN INFORMATIONEN VON MINDERJ\u00c4HRIGEN (UNTER 16 JAHREN) VERKAUFT UND OB SIE EINE BEST\u00c4TIGENDE GENEHMIGUNG ERHALTEN;<\/i><\/li>\r\n \t<li><i>WENN SIE EINEN FINANZIELLEN ANREIZ GEBEN, INFORMATIONEN NICHT ZU VERKAUFEN, GEBEN SIE INFORMATIONEN DAR\u00dcBER, WAS DIESER ANREIZ IST.]<\/i><\/li>\r\n<\/ul>\r\n<h1>Deine Rechte<\/h1>\r\n<i>[F\u00dcGEN SIE DEN FOLGENDEN ABSCHNITT EIN, WENN IHR GESCH\u00c4FT IN EUROPA BEFINDET ODER WENN SIE KUNDEN IN EUROPA HABEN]<\/i>\r\n<h2>DSGVO<\/h2>\r\nWenn Sie im EWR ans\u00e4ssig sind, haben Sie das Recht, auf die von uns \u00fcber Sie gespeicherten personenbezogenen Daten zuzugreifen, sie auf einen neuen Dienst zu \u00fcbertragen und zu verlangen, dass Ihre personenbezogenen Daten korrigiert, aktualisiert oder gel\u00f6scht werden. Wenn Sie diese Rechte aus\u00fcben m\u00f6chten, kontaktieren Sie uns bitte \u00fcber die untenstehenden Kontaktinformationen\u00a0<i>[ODER ALTERNATIVE ANWEISUNGEN ZUM SENDEN VON ZUGRIFFS-, L\u00d6SCHUNGS-, KORREKTUR- UND PORTABILIT\u00c4TSANFRAGEN EINF\u00dcGEN].<\/i>\r\n\r\nIhre personenbezogenen Daten werden zun\u00e4chst in Irland verarbeitet und dann zur Speicherung und weiteren Verarbeitung au\u00dferhalb Europas \u00fcbertragen, einschlie\u00dflich nach Kanada und in die Vereinigten Staaten. Weitere Informationen dar\u00fcber, wie Daten\u00fcbertragungen der DSGVO entsprechen, finden Sie im DSGVO-Whitepaper von Shopify:\u00a0<a href=\"https:\/\/help.shopify.com\/en\/manual\/your-account\/privacy\/GDPR\" target=\"_blank\" rel=\"noreferrer noopener\">https:\/\/help.shopify.com\/en\/manual\/your-account\/privacy\/GDPR<\/a>.\r\n\r\n<i>[FOLGENDEN ABSCHNITT EINF\u00dcGEN, WENN IHR UNTERNEHMEN DEM CALIFORNIA CONSUMER PRIVACY ACT UNTERLIEGT]<\/i>\r\n<h2>CCPA<\/h2>\r\nWenn Sie in Kalifornien ans\u00e4ssig sind, haben Sie das Recht, auf die personenbezogenen Daten zuzugreifen, die wir \u00fcber Sie gespeichert haben (auch bekannt als das \u201eRecht auf Auskunft\u201c), sie auf einen neuen Dienst zu \u00fcbertragen und zu verlangen, dass Ihre personenbezogenen Daten korrigiert werden , aktualisiert oder gel\u00f6scht. Wenn Sie diese Rechte aus\u00fcben m\u00f6chten, kontaktieren Sie uns bitte \u00fcber die unten stehenden Kontaktinformationen\u00a0<i>[ODER ALTERNATIVE ANWEISUNGEN ZUM SENDEN VON ZUGRIFFS-, L\u00d6SCHUNGS-, KORREKTUR- UND PORTABILIT\u00c4TSANFRAGEN EINF\u00dcGEN]<\/i>.\r\n\r\nWenn Sie einen bevollm\u00e4chtigten Vertreter benennen m\u00f6chten, der diese Anfragen in Ihrem Namen einreicht, kontaktieren Sie uns bitte unter der unten angegebenen Adresse.\r\n<h1>Cookies<\/h1>\r\nEin Cookie ist eine kleine Informationsmenge, die auf Ihren Computer oder Ihr Ger\u00e4t heruntergeladen wird, wenn Sie unsere Website besuchen. Wir verwenden eine Reihe verschiedener Cookies, darunter Funktions-, Leistungs-, Werbe- und Social-Media- oder Inhalts-Cookies. Cookies verbessern Ihr Surferlebnis, indem sie es der Website erm\u00f6glichen, sich an Ihre Aktionen und Pr\u00e4ferenzen zu erinnern (z. B. Login und Regionsauswahl). Dies bedeutet, dass Sie diese Informationen nicht jedes Mal erneut eingeben m\u00fcssen, wenn Sie zur Website zur\u00fcckkehren oder von einer Seite zur anderen bl\u00e4ttern. Cookies liefern auch Informationen dar\u00fcber, wie Menschen die Website nutzen, beispielsweise ob sie sie zum ersten Mal besuchen oder ob sie sie regelm\u00e4\u00dfig besuchen.\r\n\r\nWir verwenden die folgenden Cookies, um Ihre Erfahrung auf unserer Website zu optimieren und unsere Dienste bereitzustellen.\r\n<h2>Nicht verfolgen<\/h2>\r\nBitte beachten Sie, dass wir unsere Datenerhebungs- und Nutzungspraktiken nicht \u00e4ndern, wenn wir ein solches Signal von Ihrem Browser erkennen, da es in der Branche kein einheitliches Verst\u00e4ndnis daf\u00fcr gibt, wie auf \u201eDo Not Track\u201c-Signale zu reagieren ist.\r\n<h1>\u00c4nderungen<\/h1>\r\nWir k\u00f6nnen diese Datenschutzrichtlinie von Zeit zu Zeit aktualisieren, um beispielsweise \u00c4nderungen unserer Praktiken oder aus anderen betrieblichen, rechtlichen oder regulatorischen Gr\u00fcnden widerzuspiegeln.\r\n<h1>Kontakt<\/h1>\r\nF\u00fcr weitere Informationen \u00fcber unsere Datenschutzpraktiken, wenn Sie Fragen haben oder eine Beschwerde einreichen m\u00f6chten, kontaktieren Sie uns bitte per E-Mail unter [E-Mail-Adresse] oder per Post unter Verwendung der unten angegebenen Daten:\r\n\r\nTartu maantee 173, 75312 Peetri, Estland\r\n\r\nZuletzt aktualisiert:\u00a0<i>[DATUM]<\/i>\r\n\r\nWenn Sie mit unserer Antwort auf Ihre Beschwerde nicht zufrieden sind, haben Sie das Recht, Ihre Beschwerde bei der zust\u00e4ndigen Datenschutzbeh\u00f6rde einzureichen. Sie k\u00f6nnen sich hier an Ihre \u00f6rtliche Datenschutzbeh\u00f6rde oder unsere Aufsichtsbeh\u00f6rde wenden:\u00a0<i>[KONTAKTINFORMATIONEN ODER WEBSITE F\u00dcR DIE DATENSCHUTZBEH\u00d6RDE IN IHRER GERICHTSBARKEIT HINZUF\u00dcGEN. ZUM BEISPIEL:<\/i>\u00a0<a href=\"https:\/\/ico.org.uk\/make-a-complaint\/\" target=\"_blank\" rel=\"noreferrer noopener\">https:\/\/ico.org.uk\/make-a-complaint\/<\/a><i>]<\/i>\t\t\t\t\t\t<\/div>\n\t\t\t\t<\/div>\n\t\t\t\t\t<\/div>\n\t\t\t\t<\/div>\n\t\t\t\t<\/div>\n\t\t","protected":false},"excerpt":{"rendered":"<p>Diese Datenschutzrichtlinie beschreibt, wie hagen123.myshopify.com (die \u201eWirbsite\u201c oder \u201ewir\u201c) Ihre personenbezogenen Daten sammelt, verwendet und offenlegt, wenn Sie die Website [&hellip;]<\/p>\n","protected":false},"author":1,"featured_media":0,"parent":3432,"menu_order":0,"comment_status":"closed","ping_status":"closed","template":"","meta":{"site-sidebar-layout":"no-sidebar","site-content-layout":"","ast-site-content-layout":"","site-content-style":"default","site-sidebar-style":"default","ast-global-header-display":"","ast-banner-title-visibility":"","ast-main-header-display":"","ast-hfb-above-header-display":"","ast-hfb-below-header-display":"","ast-hfb-mobile-header-display":"","site-post-title":"disabled","ast-breadcrumbs-content":"","ast-featured-img":"disabled","footer-sml-layout":"","theme-transparent-header-meta":"","adv-header-id-meta":"","stick-header-meta":"","header-above-stick-meta":"","header-main-stick-meta":"","header-below-stick-meta":"","astra-migrate-meta-layouts":"default","ast-page-background-enabled":"default","ast-page-background-meta":{"desktop":{"background-color":"var(--ast-global-color-4)","background-image":"","background-repeat":"repeat","background-position":"center center","background-size":"auto","background-attachment":"scroll","background-type":"","background-media":"","overlay-type":"","overlay-color":"","overlay-opacity":"","overlay-gradient":""},"tablet":{"background-color":"","background-image":"","background-repeat":"repeat","background-position":"center center","background-size":"auto","background-attachment":"scroll","background-type":"","background-media":"","overlay-type":"","overlay-color":"","overlay-opacity":"","overlay-gradient":""},"mobile":{"background-color":"","background-image":"","background-repeat":"repeat","background-position":"center center","background-size":"auto","background-attachment":"scroll","background-type":"","background-media":"","overlay-type":"","overlay-color":"","overlay-opacity":"","overlay-gradient":""}},"ast-content-background-meta":{"desktop":{"background-color":"var(--ast-global-color-5)","background-image":"","background-repeat":"repeat","background-position":"center center","background-size":"auto","background-attachment":"scroll","background-type":"","background-media":"","overlay-type":"","overlay-color":"","overlay-opacity":"","overlay-gradient":""},"tablet":{"background-color":"var(--ast-global-color-5)","background-image":"","background-repeat":"repeat","background-position":"center center","background-size":"auto","background-attachment":"scroll","background-type":"","background-media":"","overlay-type":"","overlay-color":"","overlay-opacity":"","overlay-gradient":""},"mobile":{"background-color":"var(--ast-global-color-5)","background-image":"","background-repeat":"repeat","background-position":"center center","background-size":"auto","background-attachment":"scroll","background-type":"","background-media":"","overlay-type":"","overlay-color":"","overlay-opacity":"","overlay-gradient":""}},"footnotes":""},"class_list":["post-3360","page","type-page","status-publish","hentry"],"_links":{"self":[{"href":"https:\/\/staging.hagenbikes.com\/de\/wp-json\/wp\/v2\/pages\/3360","targetHints":{"allow":["GET"]}}],"collection":[{"href":"https:\/\/staging.hagenbikes.com\/de\/wp-json\/wp\/v2\/pages"}],"about":[{"href":"https:\/\/staging.hagenbikes.com\/de\/wp-json\/wp\/v2\/types\/page"}],"author":[{"embeddable":true,"href":"https:\/\/staging.hagenbikes.com\/de\/wp-json\/wp\/v2\/users\/1"}],"replies":[{"embeddable":true,"href":"https:\/\/staging.hagenbikes.com\/de\/wp-json\/wp\/v2\/comments?post=3360"}],"version-history":[{"count":1,"href":"https:\/\/staging.hagenbikes.com\/de\/wp-json\/wp\/v2\/pages\/3360\/revisions"}],"predecessor-version":[{"id":3361,"href":"https:\/\/staging.hagenbikes.com\/de\/wp-json\/wp\/v2\/pages\/3360\/revisions\/3361"}],"up":[{"embeddable":true,"href":"https:\/\/staging.hagenbikes.com\/de\/wp-json\/wp\/v2\/pages\/3432"}],"wp:attachment":[{"href":"https:\/\/staging.hagenbikes.com\/de\/wp-json\/wp\/v2\/media?parent=3360"}],"curies":[{"name":"wp","href":"https:\/\/api.w.org\/{rel}","templated":true}]}}