{"id":3364,"date":"2024-08-08T15:38:25","date_gmt":"2024-08-08T15:38:25","guid":{"rendered":"https:\/\/staging.hagenbikes.com\/widerrufsrecht\/"},"modified":"2024-10-17T15:39:45","modified_gmt":"2024-10-17T15:39:45","slug":"return-policy","status":"publish","type":"page","link":"https:\/\/staging.hagenbikes.com\/de\/policies\/return-policy\/","title":{"rendered":"Widerrufsrecht"},"content":{"rendered":"\t\t<div data-elementor-type=\"wp-page\" data-elementor-id=\"3364\" class=\"elementor elementor-3364 elementor-1386\">\n\t\t\t\t<div class=\"elementor-element elementor-element-d3d952b e-flex e-con-boxed e-con e-parent\" data-id=\"d3d952b\" data-element_type=\"container\">\n\t\t\t\t\t<div class=\"e-con-inner\">\n\t\t\t\t<div class=\"elementor-element elementor-element-9156f79 elementor-widget elementor-widget-heading\" data-id=\"9156f79\" data-element_type=\"widget\" data-widget_type=\"heading.default\">\n\t\t\t\t<div class=\"elementor-widget-container\">\n\t\t\t<h2 class=\"elementor-heading-title elementor-size-default\">Widerrufsrecht<\/h2>\t\t<\/div>\n\t\t\t\t<\/div>\n\t\t\t\t<div class=\"elementor-element elementor-element-05426ba elementor-widget elementor-widget-text-editor\" data-id=\"05426ba\" data-element_type=\"widget\" data-widget_type=\"text-editor.default\">\n\t\t\t\t<div class=\"elementor-widget-container\">\n\t\t\t\t\t\t\t<p>Wir haben ein 30-t\u00e4giges R\u00fcckgaberecht, d. h. Sie haben 30 Tage nach Erhalt der Ware Zeit, diese zur\u00fcckzusenden.<\/p>\n<p>Um f\u00fcr eine R\u00fcckgabe in Frage zu kommen, muss sich Ihr Artikel in demselben Zustand befinden, in dem Sie ihn erhalten haben: ungetragen oder unbenutzt, mit Etiketten und in der Originalverpackung. Au\u00dferdem ben\u00f6tigen Sie die Quittung oder den Kaufbeleg.<\/p>\n<p>Um eine R\u00fcckgabe einzuleiten, k\u00f6nnen Sie uns unter info@hagenbikes.com kontaktieren. Wenn Ihre R\u00fccksendung akzeptiert wird, erhalten Sie von uns ein R\u00fccksendeetikett sowie Anweisungen, wie und wohin Sie Ihr Paket schicken sollen. Artikel, die an uns zur\u00fcckgeschickt werden, ohne dass wir zuvor eine R\u00fccksendung angefordert haben, werden nicht angenommen.<\/p>\n<p>Bei Fragen zur R\u00fcckgabe k\u00f6nnen Sie uns jederzeit unter info@hagenbikes.com kontaktieren.<\/p>\n<p>Besch\u00e4digungen und Probleme<br \/>\nBitte \u00fcberpr\u00fcfen Sie Ihre Bestellung bei Erhalt und kontaktieren Sie uns sofort, wenn der Artikel defekt oder besch\u00e4digt ist oder wenn Sie den falschen Artikel erhalten haben, damit wir die Angelegenheit bewerten und in Ordnung bringen k\u00f6nnen.<\/p>\n<p>Ausnahmen \/ nicht umtauschbare Artikel<br \/>\nBestimmte Artikel k\u00f6nnen nicht zur\u00fcckgegeben werden, z. B. verderbliche Waren (z. B. Lebensmittel, Blumen oder Pflanzen), Sonderanfertigungen (z. B. Sonderbestellungen oder personalisierte Artikel) und K\u00f6rperpflegeartikel (z. B. Sch\u00f6nheitsprodukte). Wir nehmen auch keine R\u00fccksendungen f\u00fcr gef\u00e4hrliche Materialien, entflammbare Fl\u00fcssigkeiten oder Gase an. Bitte setzen Sie sich mit uns in Verbindung, wenn Sie Fragen oder Bedenken zu Ihrem speziellen Artikel haben.<\/p>\n<p>Leider k\u00f6nnen wir keine R\u00fccksendungen f\u00fcr Ausverkaufsartikel oder Geschenkkarten annehmen.<\/p>\n<p>Umtausch<br \/>\nDer schnellste Weg, um sicherzustellen, dass Sie das Gew\u00fcnschte erhalten, ist die R\u00fcckgabe des Artikels, den Sie haben. Sobald die R\u00fcckgabe akzeptiert wurde, kaufen Sie den neuen Artikel separat.<\/p>\n<p>R\u00fcckerstattungen<br \/>\nWir benachrichtigen Sie, sobald wir Ihre R\u00fccksendung erhalten und gepr\u00fcft haben, und teilen Ihnen mit, ob die R\u00fcckerstattung genehmigt wurde oder nicht. Wenn dies der Fall ist, wird Ihnen die R\u00fcckerstattung automatisch auf Ihre urspr\u00fcngliche Zahlungsmethode \u00fcberwiesen. Bitte denken Sie daran, dass es einige Zeit dauern kann, bis Ihre Bank oder Ihr Kreditkartenunternehmen die Erstattung bearbeitet und verbucht hat.<\/p>\n\t\t\t\t\t\t<\/div>\n\t\t\t\t<\/div>\n\t\t\t\t\t<\/div>\n\t\t\t\t<\/div>\n\t\t\t\t<\/div>\n\t\t","protected":false},"excerpt":{"rendered":"<p>Widerrufsrecht Wir haben ein 30-t\u00e4giges R\u00fcckgaberecht, d. h. Sie haben 30 Tage nach Erhalt der Ware Zeit, diese zur\u00fcckzusenden. Um [&hellip;]<\/p>\n","protected":false},"author":1,"featured_media":0,"parent":3432,"menu_order":0,"comment_status":"closed","ping_status":"closed","template":"","meta":{"site-sidebar-layout":"no-sidebar","site-content-layout":"","ast-site-content-layout":"full-width-container","site-content-style":"default","site-sidebar-style":"default","ast-global-header-display":"","ast-banner-title-visibility":"","ast-main-header-display":"","ast-hfb-above-header-display":"","ast-hfb-below-header-display":"","ast-hfb-mobile-header-display":"","site-post-title":"disabled","ast-breadcrumbs-content":"","ast-featured-img":"disabled","footer-sml-layout":"","theme-transparent-header-meta":"","adv-header-id-meta":"","stick-header-meta":"","header-above-stick-meta":"","header-main-stick-meta":"","header-below-stick-meta":"","astra-migrate-meta-layouts":"default","ast-page-background-enabled":"default","ast-page-background-meta":{"desktop":{"background-color":"var(--ast-global-color-4)","background-image":"","background-repeat":"repeat","background-position":"center center","background-size":"auto","background-attachment":"scroll","background-type":"","background-media":"","overlay-type":"","overlay-color":"","overlay-opacity":"","overlay-gradient":""},"tablet":{"background-color":"","background-image":"","background-repeat":"repeat","background-position":"center center","background-size":"auto","background-attachment":"scroll","background-type":"","background-media":"","overlay-type":"","overlay-color":"","overlay-opacity":"","overlay-gradient":""},"mobile":{"background-color":"","background-image":"","background-repeat":"repeat","background-position":"center center","background-size":"auto","background-attachment":"scroll","background-type":"","background-media":"","overlay-type":"","overlay-color":"","overlay-opacity":"","overlay-gradient":""}},"ast-content-background-meta":{"desktop":{"background-color":"var(--ast-global-color-5)","background-image":"","background-repeat":"repeat","background-position":"center center","background-size":"auto","background-attachment":"scroll","background-type":"","background-media":"","overlay-type":"","overlay-color":"","overlay-opacity":"","overlay-gradient":""},"tablet":{"background-color":"var(--ast-global-color-5)","background-image":"","background-repeat":"repeat","background-position":"center center","background-size":"auto","background-attachment":"scroll","background-type":"","background-media":"","overlay-type":"","overlay-color":"","overlay-opacity":"","overlay-gradient":""},"mobile":{"background-color":"var(--ast-global-color-5)","background-image":"","background-repeat":"repeat","background-position":"center center","background-size":"auto","background-attachment":"scroll","background-type":"","background-media":"","overlay-type":"","overlay-color":"","overlay-opacity":"","overlay-gradient":""}},"footnotes":""},"class_list":["post-3364","page","type-page","status-publish","hentry"],"_links":{"self":[{"href":"https:\/\/staging.hagenbikes.com\/de\/wp-json\/wp\/v2\/pages\/3364","targetHints":{"allow":["GET"]}}],"collection":[{"href":"https:\/\/staging.hagenbikes.com\/de\/wp-json\/wp\/v2\/pages"}],"about":[{"href":"https:\/\/staging.hagenbikes.com\/de\/wp-json\/wp\/v2\/types\/page"}],"author":[{"embeddable":true,"href":"https:\/\/staging.hagenbikes.com\/de\/wp-json\/wp\/v2\/users\/1"}],"replies":[{"embeddable":true,"href":"https:\/\/staging.hagenbikes.com\/de\/wp-json\/wp\/v2\/comments?post=3364"}],"version-history":[{"count":3,"href":"https:\/\/staging.hagenbikes.com\/de\/wp-json\/wp\/v2\/pages\/3364\/revisions"}],"predecessor-version":[{"id":3373,"href":"https:\/\/staging.hagenbikes.com\/de\/wp-json\/wp\/v2\/pages\/3364\/revisions\/3373"}],"up":[{"embeddable":true,"href":"https:\/\/staging.hagenbikes.com\/de\/wp-json\/wp\/v2\/pages\/3432"}],"wp:attachment":[{"href":"https:\/\/staging.hagenbikes.com\/de\/wp-json\/wp\/v2\/media?parent=3364"}],"curies":[{"name":"wp","href":"https:\/\/api.w.org\/{rel}","templated":true}]}}