{"id":3376,"date":"2024-08-07T17:04:12","date_gmt":"2024-08-07T17:04:12","guid":{"rendered":"https:\/\/staging.hagenbikes.com\/garantie\/"},"modified":"2024-10-17T15:38:55","modified_gmt":"2024-10-17T15:38:55","slug":"warranty","status":"publish","type":"page","link":"https:\/\/staging.hagenbikes.com\/de\/pages\/warranty\/","title":{"rendered":"Garantie"},"content":{"rendered":"\t\t<div data-elementor-type=\"wp-page\" data-elementor-id=\"3376\" class=\"elementor elementor-3376 elementor-1364\">\n\t\t\t\t<div class=\"elementor-element elementor-element-d3d952b e-flex e-con-boxed e-con e-parent\" data-id=\"d3d952b\" data-element_type=\"container\">\n\t\t\t\t\t<div class=\"e-con-inner\">\n\t\t\t\t<div class=\"elementor-element elementor-element-9156f79 elementor-widget elementor-widget-heading\" data-id=\"9156f79\" data-element_type=\"widget\" data-widget_type=\"heading.default\">\n\t\t\t\t<div class=\"elementor-widget-container\">\n\t\t\t<h2 class=\"elementor-heading-title elementor-size-default\">Garantie<\/h2>\t\t<\/div>\n\t\t\t\t<\/div>\n\t\t\t\t<div class=\"elementor-element elementor-element-05426ba elementor-widget elementor-widget-text-editor\" data-id=\"05426ba\" data-element_type=\"widget\" data-widget_type=\"text-editor.default\">\n\t\t\t\t<div class=\"elementor-widget-container\">\n\t\t\t\t\t\t\t<div class=\"tt-box-faq\">\n<h6 class=\"tt-title\">Gew\u00e4hrleistungsgarantie<\/h6>\n<p>Uns ist es wichtig, dass dein Fahrrad immer in einem guten Zustand ist und du damit rundum zufrieden sind. Sollten jedoch Probleme auftreten, bieten wir zus\u00e4tzlich zu der gesetzlichen Gew\u00e4hrleistung eine 5-j\u00e4hrige Garantie auf unsere Rahmen, von Hagen Cargo Bikes konstruierten Komponenten und Gabeln ab Kaufdatum<\/p><\/div>\n<div class=\"tt-box-faq\">\n<h6 class=\"tt-title\">Gew\u00e4hrleistung<\/h6>\n<p><a style=\"color: #ffcf07;\">\u00a0 \u00a0<\/a><a style=\"color: #ffcf07;\">\u2022<\/a>\u00a0\u00a02 Jahre ab Lieferdatum<\/p>\n<p><a style=\"color: #ffcf07;\">\u00a0 \u00a0<\/a><a style=\"color: #ffcf07;\">\u2022<\/a>\u00a0\u00a0Eigent\u00fcmerunabh\u00e4ngig<\/p>\n<p><a style=\"color: #ffcf07;\">\u00a0 \u00a0<\/a><a style=\"color: #ffcf07;\">\u2022<\/a>\u00a0\u00a0Nur f\u00fcr Material- und Verarbeitungsfehler, die bereits bei der Lieferung vorhanden waren<\/p>\n<p><a style=\"color: #ffcf07;\">\u00a0 \u00a0<\/a><a style=\"color: #ffcf07;\">\u2022<\/a>\u00a0\u00a0Kosten f\u00fcr Umbau, Versand und Zoll (falls zutreffend) \u00fcbernehmen wir<\/p>\n<\/div>\n<div class=\"tt-box-faq\">\n<h6 class=\"tt-title\">Garantie<\/h6>\n<p><a style=\"color: #ffcf07;\">\u00a0 \u00a0<\/a><a style=\"color: #ffcf07;\">\u2022<\/a>\u00a0\u00a05 Jahre ab Kaufdatum<\/p>\n<p><a style=\"color: #ffcf07;\">\u00a0 \u00a0<\/a><a style=\"color: #ffcf07;\">\u2022<\/a>\u00a0\u00a0Nur f\u00fcr den Erstbesitzer<\/p>\n<p><a style=\"color: #ffcf07;\">\u00a0 \u00a0<\/a><a style=\"color: #ffcf07;\">\u2022<\/a>\u00a0\u00a0Nur f\u00fcr Material- und Verarbeitungsfehler, die bereits bei der Lieferung vorhanden waren<\/p>\n<p><a style=\"color: #ffcf07;\">\u00a0 \u00a0<\/a><a style=\"color: #ffcf07;\">\u2022<\/a>\u00a0\u00a0An allen von Hagen Cargo Bikes gefertigten Teilen (Rahmen, Fahrradgabel etc.)<\/p>\n<p><a style=\"color: #ffcf07;\">\u00a0 \u00a0<\/a><a style=\"color: #ffcf07;\">\u2022<\/a>\u00a0\u00a0Umbau, Versand und Zoll (falls zutreffend) werden vom Eigent\u00fcmer bezahlt<\/p>\n<\/div>\n\t\t\t\t\t\t<\/div>\n\t\t\t\t<\/div>\n\t\t\t\t\t<\/div>\n\t\t\t\t<\/div>\n\t\t\t\t<\/div>\n\t\t","protected":false},"excerpt":{"rendered":"<p>Garantie Gew\u00e4hrleistungsgarantie Uns ist es wichtig, dass dein Fahrrad immer in einem guten Zustand ist und du damit rundum zufrieden [&hellip;]<\/p>\n","protected":false},"author":1,"featured_media":0,"parent":3441,"menu_order":0,"comment_status":"closed","ping_status":"closed","template":"","meta":{"site-sidebar-layout":"no-sidebar","site-content-layout":"","ast-site-content-layout":"full-width-container","site-content-style":"default","site-sidebar-style":"default","ast-global-header-display":"","ast-banner-title-visibility":"","ast-main-header-display":"","ast-hfb-above-header-display":"","ast-hfb-below-header-display":"","ast-hfb-mobile-header-display":"","site-post-title":"disabled","ast-breadcrumbs-content":"","ast-featured-img":"disabled","footer-sml-layout":"","theme-transparent-header-meta":"","adv-header-id-meta":"","stick-header-meta":"","header-above-stick-meta":"","header-main-stick-meta":"","header-below-stick-meta":"","astra-migrate-meta-layouts":"default","ast-page-background-enabled":"default","ast-page-background-meta":{"desktop":{"background-color":"var(--ast-global-color-4)","background-image":"","background-repeat":"repeat","background-position":"center center","background-size":"auto","background-attachment":"scroll","background-type":"","background-media":"","overlay-type":"","overlay-color":"","overlay-opacity":"","overlay-gradient":""},"tablet":{"background-color":"","background-image":"","background-repeat":"repeat","background-position":"center center","background-size":"auto","background-attachment":"scroll","background-type":"","background-media":"","overlay-type":"","overlay-color":"","overlay-opacity":"","overlay-gradient":""},"mobile":{"background-color":"","background-image":"","background-repeat":"repeat","background-position":"center center","background-size":"auto","background-attachment":"scroll","background-type":"","background-media":"","overlay-type":"","overlay-color":"","overlay-opacity":"","overlay-gradient":""}},"ast-content-background-meta":{"desktop":{"background-color":"var(--ast-global-color-5)","background-image":"","background-repeat":"repeat","background-position":"center center","background-size":"auto","background-attachment":"scroll","background-type":"","background-media":"","overlay-type":"","overlay-color":"","overlay-opacity":"","overlay-gradient":""},"tablet":{"background-color":"var(--ast-global-color-5)","background-image":"","background-repeat":"repeat","background-position":"center center","background-size":"auto","background-attachment":"scroll","background-type":"","background-media":"","overlay-type":"","overlay-color":"","overlay-opacity":"","overlay-gradient":""},"mobile":{"background-color":"var(--ast-global-color-5)","background-image":"","background-repeat":"repeat","background-position":"center center","background-size":"auto","background-attachment":"scroll","background-type":"","background-media":"","overlay-type":"","overlay-color":"","overlay-opacity":"","overlay-gradient":""}},"footnotes":""},"class_list":["post-3376","page","type-page","status-publish","hentry"],"_links":{"self":[{"href":"https:\/\/staging.hagenbikes.com\/de\/wp-json\/wp\/v2\/pages\/3376","targetHints":{"allow":["GET"]}}],"collection":[{"href":"https:\/\/staging.hagenbikes.com\/de\/wp-json\/wp\/v2\/pages"}],"about":[{"href":"https:\/\/staging.hagenbikes.com\/de\/wp-json\/wp\/v2\/types\/page"}],"author":[{"embeddable":true,"href":"https:\/\/staging.hagenbikes.com\/de\/wp-json\/wp\/v2\/users\/1"}],"replies":[{"embeddable":true,"href":"https:\/\/staging.hagenbikes.com\/de\/wp-json\/wp\/v2\/comments?post=3376"}],"version-history":[{"count":1,"href":"https:\/\/staging.hagenbikes.com\/de\/wp-json\/wp\/v2\/pages\/3376\/revisions"}],"predecessor-version":[{"id":3377,"href":"https:\/\/staging.hagenbikes.com\/de\/wp-json\/wp\/v2\/pages\/3376\/revisions\/3377"}],"up":[{"embeddable":true,"href":"https:\/\/staging.hagenbikes.com\/de\/wp-json\/wp\/v2\/pages\/3441"}],"wp:attachment":[{"href":"https:\/\/staging.hagenbikes.com\/de\/wp-json\/wp\/v2\/media?parent=3376"}],"curies":[{"name":"wp","href":"https:\/\/api.w.org\/{rel}","templated":true}]}}