{"id":3462,"date":"2024-09-04T17:02:43","date_gmt":"2024-09-04T17:02:43","guid":{"rendered":"https:\/\/staging.hagenbikes.com\/seiten-2\/garantie\/"},"modified":"2024-10-10T17:44:03","modified_gmt":"2024-10-10T17:44:03","slug":"garantie","status":"publish","type":"page","link":"https:\/\/staging.hagenbikes.com\/de\/seiten-2\/garantie\/","title":{"rendered":"Garantie"},"content":{"rendered":"\t\t<div data-elementor-type=\"wp-page\" data-elementor-id=\"3462\" class=\"elementor elementor-3462 elementor-1904\">\n\t\t\t\t<div class=\"elementor-element elementor-element-d3d952b e-flex e-con-boxed e-con e-parent\" data-id=\"d3d952b\" data-element_type=\"container\">\n\t\t\t\t\t<div class=\"e-con-inner\">\n\t\t\t\t<div class=\"elementor-element elementor-element-9156f79 elementor-widget elementor-widget-heading\" data-id=\"9156f79\" data-element_type=\"widget\" data-widget_type=\"heading.default\">\n\t\t\t\t<div class=\"elementor-widget-container\">\n\t\t\t<h2 class=\"elementor-heading-title elementor-size-default\">Garantie<\/h2>\t\t<\/div>\n\t\t\t\t<\/div>\n\t\t\t\t<div class=\"elementor-element elementor-element-05426ba elementor-widget elementor-widget-text-editor\" data-id=\"05426ba\" data-element_type=\"widget\" data-widget_type=\"text-editor.default\">\n\t\t\t\t<div class=\"elementor-widget-container\">\n\t\t\t\t\t\t\t<div class=\"tt-box-faq\">\n<h6 class=\"tt-title\">Garantie und Garantieverl\u00e4ngerung<\/h6>\n<p>F\u00fcr uns ist es wichtig, dass Ihr Fahrzeug immer in einwandfreiem Zustand ist und dass Sie immer zufrieden sind. Das hei\u00dft, wenn Probleme auftreten sollten, bieten wir Ihnen zus\u00e4tzlich zu der gesetzlichen Garantie, die Sie erhalten, eine zus\u00e4tzliche Garantie von 5 Jahren auf unsere R\u00e4der, die von Hagen Bikes hergestellten Komponenten und die R\u00e4der ab dem Kaufdatum. <\/p><\/div>\n<div class=\"tt-box-faq\">\n<h6 class=\"tt-title\">Garantie der Basis<\/h6>\n<\/div>\n<div class=\"tt-box-faq\">\n<p> <a style=\"color: #ffcf07;\"> &#8211;<\/a><span style=\"font-size: 16px;\"> 2 ans \u00e0 compter de la date de livraison<br \/><\/span><a style=\"color: #ffcf07;\"> &#8211; <\/a><span style=\"font-size: 16px;\">Ind\u00e9pendant du propri\u00e9taire<br \/><\/span><a style=\"color: #ffcf07;\"> &#8211; <\/a><span style=\"font-size: 16px;\">Einmalig f\u00fcr Material- und Fabrikationsfehler, die bereits w\u00e4hrend der Lieferung vorhanden waren<br \/><\/span><a style=\"color: #ffcf07;\"> &#8211;<\/a><span style=\"font-size: 16px;\"> Nous r\u00e9glons les frais de r\u00e9paration, exp\u00e9dition et douanes (le cas \u00e9ch\u00e9ant)<br \/><\/span><\/p>\n<\/div>\n<div class=\"tt-box-faq\">\n<p><strong>Garantie \u00e9tendue<\/strong><\/p>\n<p><a style=\"color: #ffcf07;\">   <\/a><a style=\"color: #ffcf07;\">&#8211;<\/a><span style=\"font-size: 16px;\"> 2 ans \u00e0 compter de la date d&#8217;achat<br \/><\/span><a style=\"color: #ffcf07;\">   <\/a><a style=\"color: #ffcf07;\">&#8211;<\/a><span style=\"font-size: 16px;\"> Uniquement f\u00fcr den ersten Eigent\u00fcmer<br \/><\/span><a style=\"color: #ffcf07;\">   <\/a><a style=\"color: #ffcf07;\">&#8211;<\/a><span style=\"font-size: 16px;\"> Einmalig f\u00fcr Material- und Fabrikationsfehler, die bereits bei der Auslieferung vorhanden waren<br \/><\/span><a style=\"color: #ffcf07;\">   <\/a><a style=\"color: #ffcf07;\">&#8211;<\/a><span style=\"font-size: 16px;\"> F\u00fcr alle von Hagen Bikes hergestellten Produkte (Kader, Fourche, etc.)<br \/><\/span><a style=\"color: #ffcf07;\">   <\/a><a style=\"color: #ffcf07;\">&#8211;<\/a><span style=\"font-size: 16px;\"> Der Kunde bestimmt die Kosten f\u00fcr die Reparatur, den Versand und die Geb\u00fchren (je nach Fall).<\/span><\/p>\n<\/div>\n\t\t\t\t\t\t<\/div>\n\t\t\t\t<\/div>\n\t\t\t\t\t<\/div>\n\t\t\t\t<\/div>\n\t\t\t\t<\/div>\n\t\t","protected":false},"excerpt":{"rendered":"<p>Garantie Garantie und Garantieverl\u00e4ngerung F\u00fcr uns ist es wichtig, dass Ihr Fahrzeug immer in einwandfreiem Zustand ist und dass Sie [&hellip;]<\/p>\n","protected":false},"author":1,"featured_media":0,"parent":3439,"menu_order":0,"comment_status":"closed","ping_status":"closed","template":"","meta":{"site-sidebar-layout":"no-sidebar","site-content-layout":"","ast-site-content-layout":"full-width-container","site-content-style":"default","site-sidebar-style":"default","ast-global-header-display":"","ast-banner-title-visibility":"","ast-main-header-display":"","ast-hfb-above-header-display":"","ast-hfb-below-header-display":"","ast-hfb-mobile-header-display":"","site-post-title":"disabled","ast-breadcrumbs-content":"","ast-featured-img":"disabled","footer-sml-layout":"","theme-transparent-header-meta":"","adv-header-id-meta":"","stick-header-meta":"","header-above-stick-meta":"","header-main-stick-meta":"","header-below-stick-meta":"","astra-migrate-meta-layouts":"default","ast-page-background-enabled":"default","ast-page-background-meta":{"desktop":{"background-color":"var(--ast-global-color-4)","background-image":"","background-repeat":"repeat","background-position":"center center","background-size":"auto","background-attachment":"scroll","background-type":"","background-media":"","overlay-type":"","overlay-color":"","overlay-opacity":"","overlay-gradient":""},"tablet":{"background-color":"","background-image":"","background-repeat":"repeat","background-position":"center center","background-size":"auto","background-attachment":"scroll","background-type":"","background-media":"","overlay-type":"","overlay-color":"","overlay-opacity":"","overlay-gradient":""},"mobile":{"background-color":"","background-image":"","background-repeat":"repeat","background-position":"center center","background-size":"auto","background-attachment":"scroll","background-type":"","background-media":"","overlay-type":"","overlay-color":"","overlay-opacity":"","overlay-gradient":""}},"ast-content-background-meta":{"desktop":{"background-color":"var(--ast-global-color-5)","background-image":"","background-repeat":"repeat","background-position":"center center","background-size":"auto","background-attachment":"scroll","background-type":"","background-media":"","overlay-type":"","overlay-color":"","overlay-opacity":"","overlay-gradient":""},"tablet":{"background-color":"var(--ast-global-color-5)","background-image":"","background-repeat":"repeat","background-position":"center center","background-size":"auto","background-attachment":"scroll","background-type":"","background-media":"","overlay-type":"","overlay-color":"","overlay-opacity":"","overlay-gradient":""},"mobile":{"background-color":"var(--ast-global-color-5)","background-image":"","background-repeat":"repeat","background-position":"center center","background-size":"auto","background-attachment":"scroll","background-type":"","background-media":"","overlay-type":"","overlay-color":"","overlay-opacity":"","overlay-gradient":""}},"footnotes":""},"class_list":["post-3462","page","type-page","status-publish","hentry"],"_links":{"self":[{"href":"https:\/\/staging.hagenbikes.com\/de\/wp-json\/wp\/v2\/pages\/3462","targetHints":{"allow":["GET"]}}],"collection":[{"href":"https:\/\/staging.hagenbikes.com\/de\/wp-json\/wp\/v2\/pages"}],"about":[{"href":"https:\/\/staging.hagenbikes.com\/de\/wp-json\/wp\/v2\/types\/page"}],"author":[{"embeddable":true,"href":"https:\/\/staging.hagenbikes.com\/de\/wp-json\/wp\/v2\/users\/1"}],"replies":[{"embeddable":true,"href":"https:\/\/staging.hagenbikes.com\/de\/wp-json\/wp\/v2\/comments?post=3462"}],"version-history":[{"count":1,"href":"https:\/\/staging.hagenbikes.com\/de\/wp-json\/wp\/v2\/pages\/3462\/revisions"}],"predecessor-version":[{"id":3463,"href":"https:\/\/staging.hagenbikes.com\/de\/wp-json\/wp\/v2\/pages\/3462\/revisions\/3463"}],"up":[{"embeddable":true,"href":"https:\/\/staging.hagenbikes.com\/de\/wp-json\/wp\/v2\/pages\/3439"}],"wp:attachment":[{"href":"https:\/\/staging.hagenbikes.com\/de\/wp-json\/wp\/v2\/media?parent=3462"}],"curies":[{"name":"wp","href":"https:\/\/api.w.org\/{rel}","templated":true}]}}