{"id":3572,"date":"2024-09-11T15:32:36","date_gmt":"2024-09-11T15:32:36","guid":{"rendered":"https:\/\/staging.hagenbikes.com\/politiques\/rueckerstattungspolitik\/"},"modified":"2024-10-10T17:44:49","modified_gmt":"2024-10-10T17:44:49","slug":"rueckerstattungspolitik","status":"publish","type":"page","link":"https:\/\/staging.hagenbikes.com\/de\/politiques\/rueckerstattungspolitik\/","title":{"rendered":"R\u00fcckerstattungspolitik"},"content":{"rendered":"\t\t<div data-elementor-type=\"wp-page\" data-elementor-id=\"3572\" class=\"elementor elementor-3572 elementor-2067\">\n\t\t\t\t<div class=\"elementor-element elementor-element-d3d952b e-flex e-con-boxed e-con e-parent\" data-id=\"d3d952b\" data-element_type=\"container\">\n\t\t\t\t\t<div class=\"e-con-inner\">\n\t\t\t\t<div class=\"elementor-element elementor-element-9156f79 elementor-widget elementor-widget-heading\" data-id=\"9156f79\" data-element_type=\"widget\" data-widget_type=\"heading.default\">\n\t\t\t\t<div class=\"elementor-widget-container\">\n\t\t\t<h2 class=\"elementor-heading-title elementor-size-default\">R\u00fcckerstattungspolitik<\/h2>\t\t<\/div>\n\t\t\t\t<\/div>\n\t\t\t\t<div class=\"elementor-element elementor-element-05426ba elementor-widget elementor-widget-text-editor\" data-id=\"05426ba\" data-element_type=\"widget\" data-widget_type=\"text-editor.default\">\n\t\t\t\t<div class=\"elementor-widget-container\">\n\t\t\t\t\t\t\t<p>Nous avons une politique de retour sous 30 jours, ce qui signifie que vous avez 30 jours \u00e0 partir de la r\u00e9ception pour demander un retour.<\/p>\n<p>Um f\u00fcr eine R\u00fccksendung in Frage zu kommen, muss sich Ihr Artikel in demselben Zustand befinden, in dem Sie ihn erhalten haben, d.h. nicht getragen oder nicht benutzt, mit Zubeh\u00f6r und in seiner Originalverpackung. Vous aurez \u00e9galement besoin d&#8217;une preuve d&#8217;achat. <\/p>\n<p>Pour initier un retour, vous pouvez nous contacter \u00e0 <a href=\"mailto:info@hagenbikes.com\" target=\"_blank\" rel=\"noreferrer noopener\">info@hagenbikes.com.<\/a> Wenn die R\u00fccksendung akzeptiert wird, senden wir Ihnen eine R\u00fccksendebest\u00e4tigung sowie Anweisungen, wohin und wie Sie Ihre Ware zur\u00fcckschicken sollen. Artikel, die wir ohne vorherige Anfrage zur\u00fcckschicken, werden nicht angenommen.    <\/p>\n<p>Vous pouvez toujours nous contacter concernant les retours \u00e0 l&#8217;adresse <a href=\"mailto:info@hagenbikes.com\" target=\"_blank\" rel=\"noreferrer noopener\">info@hagenbikes.com.<\/a><\/p>\n<p><strong>Probl\u00e8mes et articles endommag\u00e9s <\/strong><br \/>Veuillez inspecter votre commande \u00e0 la r\u00e9ception et nous contacter imm\u00e9diatement si l&#8217;article est d\u00e9fectueux, endommag\u00e9 ou si le mauvais article a \u00e9t\u00e9 re\u00e7u, afin que nous puissions \u00e9valuer le probl\u00e8me et le r\u00e9soudre.<\/p>\n<p><strong>Ausnahmen und nicht retournierbare Artikel<\/strong> <br \/>Bestimmte Arten von Artikeln k\u00f6nnen nicht retourniert werden, wie z.B. die verderblichen Produkte (z.B. Nahrungsmittel, Blumen oder Pflanzen), die pers\u00f6nlichen Produkte (z.B. Spezialkommandos oder pers\u00f6nliche Artikel) und die pers\u00f6nlichen Pflegeprodukte (z.B. Sch\u00f6nheitsprodukte). Nous n&#8217;acceptons pas non plus les retours de mati\u00e8res dangereuses, de liquides inflammables ou de gaz. Veuillez nous contacter si vous avez des questions concernant votre article sp\u00e9cifique.    <\/p>\n<p>Malheureusement, nous n&#8217;acceptons pas les retours sur les articles sold\u00e9s ou cartes cadeau.<\/p>\n<p><strong>Umtausch <\/strong><br \/>Die schnellste M\u00f6glichkeit, den von Ihnen gew\u00fcnschten Artikel zu erhalten, besteht darin, den Artikel, den Sie haben, zur\u00fcckzusenden und nach der Annahme der R\u00fccksendung einen separaten Kauf f\u00fcr den neuen Artikel zu t\u00e4tigen.<\/p>\n<p><strong>Remboursement <\/strong><br \/>Wir informieren Sie, sobald wir Ihre R\u00fccksendung erhalten und gepr\u00fcft haben, und Sie erfahren, ob die R\u00fcckerstattung genehmigt wurde oder nicht. Im Falle einer positiven Entscheidung werden Sie automatisch auf Ihre urspr\u00fcngliche Zahlungsmethode zur\u00fcckerstattet. Beachten Sie bitte, dass Ihre Bank oder Ihr Kreditinstitut auch eine gewisse Zeit brauchen kann, um die R\u00fcckzahlung zu bearbeiten.  <\/p>\n\t\t\t\t\t\t<\/div>\n\t\t\t\t<\/div>\n\t\t\t\t\t<\/div>\n\t\t\t\t<\/div>\n\t\t\t\t<\/div>\n\t\t","protected":false},"excerpt":{"rendered":"<p>R\u00fcckerstattungspolitik Nous avons une politique de retour sous 30 jours, ce qui signifie que vous avez 30 jours \u00e0 partir [&hellip;]<\/p>\n","protected":false},"author":1,"featured_media":0,"parent":3457,"menu_order":0,"comment_status":"closed","ping_status":"closed","template":"","meta":{"site-sidebar-layout":"no-sidebar","site-content-layout":"","ast-site-content-layout":"full-width-container","site-content-style":"default","site-sidebar-style":"default","ast-global-header-display":"","ast-banner-title-visibility":"","ast-main-header-display":"","ast-hfb-above-header-display":"","ast-hfb-below-header-display":"","ast-hfb-mobile-header-display":"","site-post-title":"disabled","ast-breadcrumbs-content":"","ast-featured-img":"disabled","footer-sml-layout":"","theme-transparent-header-meta":"","adv-header-id-meta":"","stick-header-meta":"","header-above-stick-meta":"","header-main-stick-meta":"","header-below-stick-meta":"","astra-migrate-meta-layouts":"default","ast-page-background-enabled":"default","ast-page-background-meta":{"desktop":{"background-color":"var(--ast-global-color-4)","background-image":"","background-repeat":"repeat","background-position":"center center","background-size":"auto","background-attachment":"scroll","background-type":"","background-media":"","overlay-type":"","overlay-color":"","overlay-opacity":"","overlay-gradient":""},"tablet":{"background-color":"","background-image":"","background-repeat":"repeat","background-position":"center center","background-size":"auto","background-attachment":"scroll","background-type":"","background-media":"","overlay-type":"","overlay-color":"","overlay-opacity":"","overlay-gradient":""},"mobile":{"background-color":"","background-image":"","background-repeat":"repeat","background-position":"center center","background-size":"auto","background-attachment":"scroll","background-type":"","background-media":"","overlay-type":"","overlay-color":"","overlay-opacity":"","overlay-gradient":""}},"ast-content-background-meta":{"desktop":{"background-color":"var(--ast-global-color-5)","background-image":"","background-repeat":"repeat","background-position":"center center","background-size":"auto","background-attachment":"scroll","background-type":"","background-media":"","overlay-type":"","overlay-color":"","overlay-opacity":"","overlay-gradient":""},"tablet":{"background-color":"var(--ast-global-color-5)","background-image":"","background-repeat":"repeat","background-position":"center center","background-size":"auto","background-attachment":"scroll","background-type":"","background-media":"","overlay-type":"","overlay-color":"","overlay-opacity":"","overlay-gradient":""},"mobile":{"background-color":"var(--ast-global-color-5)","background-image":"","background-repeat":"repeat","background-position":"center center","background-size":"auto","background-attachment":"scroll","background-type":"","background-media":"","overlay-type":"","overlay-color":"","overlay-opacity":"","overlay-gradient":""}},"footnotes":""},"class_list":["post-3572","page","type-page","status-publish","hentry"],"_links":{"self":[{"href":"https:\/\/staging.hagenbikes.com\/de\/wp-json\/wp\/v2\/pages\/3572","targetHints":{"allow":["GET"]}}],"collection":[{"href":"https:\/\/staging.hagenbikes.com\/de\/wp-json\/wp\/v2\/pages"}],"about":[{"href":"https:\/\/staging.hagenbikes.com\/de\/wp-json\/wp\/v2\/types\/page"}],"author":[{"embeddable":true,"href":"https:\/\/staging.hagenbikes.com\/de\/wp-json\/wp\/v2\/users\/1"}],"replies":[{"embeddable":true,"href":"https:\/\/staging.hagenbikes.com\/de\/wp-json\/wp\/v2\/comments?post=3572"}],"version-history":[{"count":1,"href":"https:\/\/staging.hagenbikes.com\/de\/wp-json\/wp\/v2\/pages\/3572\/revisions"}],"predecessor-version":[{"id":3573,"href":"https:\/\/staging.hagenbikes.com\/de\/wp-json\/wp\/v2\/pages\/3572\/revisions\/3573"}],"up":[{"embeddable":true,"href":"https:\/\/staging.hagenbikes.com\/de\/wp-json\/wp\/v2\/pages\/3457"}],"wp:attachment":[{"href":"https:\/\/staging.hagenbikes.com\/de\/wp-json\/wp\/v2\/media?parent=3572"}],"curies":[{"name":"wp","href":"https:\/\/api.w.org\/{rel}","templated":true}]}}