{"id":3603,"date":"2024-09-06T13:34:04","date_gmt":"2024-09-06T13:34:04","guid":{"rendered":"https:\/\/staging.hagenbikes.com\/seiten\/einzelhaendler\/"},"modified":"2024-10-10T17:44:55","modified_gmt":"2024-10-10T17:44:55","slug":"einzelhaendler","status":"publish","type":"page","link":"https:\/\/staging.hagenbikes.com\/de\/seiten\/einzelhaendler\/","title":{"rendered":"Einzelh\u00e4ndler"},"content":{"rendered":"\t\t<div data-elementor-type=\"wp-page\" data-elementor-id=\"3603\" class=\"elementor elementor-3603 elementor-1980\">\n\t\t\t\t<div class=\"elementor-element elementor-element-129479f e-flex e-con-boxed e-con e-parent\" data-id=\"129479f\" data-element_type=\"container\">\n\t\t\t\t\t<div class=\"e-con-inner\">\n\t\t<div class=\"elementor-element elementor-element-0e87214 e-con-full e-flex e-con e-child\" data-id=\"0e87214\" data-element_type=\"container\">\n\t\t\t\t<div class=\"elementor-element elementor-element-aef6034 elementor-widget elementor-widget-image\" data-id=\"aef6034\" data-element_type=\"widget\" data-widget_type=\"image.default\">\n\t\t\t\t<div class=\"elementor-widget-container\">\n\t\t\t\t\t\t\t\t\t\t\t\t\t<img fetchpriority=\"high\" decoding=\"async\" width=\"500\" height=\"500\" src=\"https:\/\/staging.hagenbikes.com\/wp-content\/uploads\/2024\/08\/Untitled_580x.webp\" class=\"attachment-large size-large wp-image-1355\" alt=\"\" srcset=\"https:\/\/staging.hagenbikes.com\/wp-content\/uploads\/2024\/08\/Untitled_580x.webp 500w, https:\/\/staging.hagenbikes.com\/wp-content\/uploads\/2024\/08\/Untitled_580x-300x300.webp 300w, https:\/\/staging.hagenbikes.com\/wp-content\/uploads\/2024\/08\/Untitled_580x-150x150.webp 150w, https:\/\/staging.hagenbikes.com\/wp-content\/uploads\/2024\/08\/Untitled_580x-100x100.webp 100w, https:\/\/staging.hagenbikes.com\/wp-content\/uploads\/2024\/08\/Untitled_580x-50x50.webp 50w\" sizes=\"(max-width: 500px) 100vw, 500px\" \/>\t\t\t\t\t\t\t\t\t\t\t\t\t<\/div>\n\t\t\t\t<\/div>\n\t\t\t\t<\/div>\n\t\t<div class=\"elementor-element elementor-element-77009ad e-con-full e-flex e-con e-child\" data-id=\"77009ad\" data-element_type=\"container\">\n\t\t\t\t<div class=\"elementor-element elementor-element-74a73dd elementor-widget elementor-widget-heading\" data-id=\"74a73dd\" data-element_type=\"widget\" data-widget_type=\"heading.default\">\n\t\t\t\t<div class=\"elementor-widget-container\">\n\t\t\t<h2 class=\"elementor-heading-title elementor-size-default\">Achetez votre v\u00e9lo Hagen Cargo dans un magasin de v\u00e9los pr\u00e8s de chez vous.<\/h2>\t\t<\/div>\n\t\t\t\t<\/div>\n\t\t\t\t<div class=\"elementor-element elementor-element-e0815d3 elementor-widget elementor-widget-text-editor\" data-id=\"e0815d3\" data-element_type=\"widget\" data-widget_type=\"text-editor.default\">\n\t\t\t\t<div class=\"elementor-widget-container\">\n\t\t\t\t\t\t\t<p>Bitte kontaktieren Sie das Gesch\u00e4ft vor Ihrer Abreise, um das Vorhandensein eines Fahrzeugs von Hagen Cargo zu best\u00e4tigen. Um eine Fahrt mit unserem Fahrzeug zu reservieren, konsultieren Sie bitte auch unsere Option d&#8217;essai. <\/p>\n\t\t\t\t\t\t<\/div>\n\t\t\t\t<\/div>\n\t\t\t\t<div class=\"elementor-element elementor-element-1fcebae elementor-align-center elementor-widget elementor-widget-button\" data-id=\"1fcebae\" data-element_type=\"widget\" data-widget_type=\"button.default\">\n\t\t\t\t<div class=\"elementor-widget-container\">\n\t\t\t\t\t<div class=\"elementor-button-wrapper\">\n\t\t\t<a class=\"elementor-button elementor-button-link elementor-size-sm\" href=\"https:\/\/staging.hagenbikes.com\/de\/seiten-3\/testfahrt\/\">\n\t\t\t\t\t\t<span class=\"elementor-button-content-wrapper\">\n\t\t\t\t\t\t\t\t\t<span class=\"elementor-button-text\">r\u00e9server une id\u00e9e d'essai<\/span>\n\t\t\t\t\t<\/span>\n\t\t\t\t\t<\/a>\n\t\t<\/div>\n\t\t\t\t<\/div>\n\t\t\t\t<\/div>\n\t\t\t\t<\/div>\n\t\t\t\t\t<\/div>\n\t\t\t\t<\/div>\n\t\t<div class=\"elementor-element elementor-element-d3d952b e-flex e-con-boxed e-con e-parent\" data-id=\"d3d952b\" data-element_type=\"container\">\n\t\t\t\t\t<div class=\"e-con-inner\">\n\t\t\t\t<div class=\"elementor-element elementor-element-9156f79 elementor-widget elementor-widget-heading\" data-id=\"9156f79\" data-element_type=\"widget\" data-widget_type=\"heading.default\">\n\t\t\t\t<div class=\"elementor-widget-container\">\n\t\t\t<h2 class=\"elementor-heading-title elementor-size-default\">MAGASINS<\/h2>\t\t<\/div>\n\t\t\t\t<\/div>\n\t\t\t\t<div class=\"elementor-element elementor-element-05426ba elementor-widget elementor-widget-text-editor\" data-id=\"05426ba\" data-element_type=\"widget\" data-widget_type=\"text-editor.default\">\n\t\t\t\t<div class=\"elementor-widget-container\">\n\t\t\t\t\t\t\t<p><b>Niederlande<\/b><br \/>Amsterdam &#8211; <a href=\"https:\/\/www.rahtour.nl\/\" target=\"_blank\" rel=\"noreferrer noopener\">Rahtourfiets<\/a><br \/>Meppel &#8211; <a href=\"https:\/\/www.beastybike.nl\/\/\" target=\"_blank\" rel=\"noreferrer noopener\">Beastybikes NL<\/a><\/p>\n<p><b>Deutschland<\/b><br \/>Darmstadt &#8211; <a href=\"https:\/\/www.maddins-bikeservice.de\/\" target=\"_blank\" rel=\"noreferrer noopener\">Maddins Bike Service<\/a><br \/>Hamburg &#8211; <a href=\"https:\/\/langendorfcargo.de\/\" target=\"_blank\" rel=\"noreferrer noopener\">Langendorf Cargo<\/a><br \/>Kiel &#8211; <a href=\"https:\/\/www.velostyle.de\/%20\" target=\"_blank\" rel=\"noreferrer noopener\">Velostyle<\/a>; <a href=\"https:\/\/kielerradhaus.de\/\" target=\"_blank\" rel=\"noreferrer noopener\">Kieler Radhaus<\/a><br \/>Berlin &#8211; <a href=\"https:\/\/bikepunkshop.com\/Home\" target=\"_blank\" rel=\"noreferrer noopener\">Bike Punk<\/a><br \/>Leipzig &#8211; <a href=\"https:\/\/fulmo.cc\/\" target=\"_blank\" rel=\"noreferrer noopener\">Fulmo<\/a><br \/>K\u00f6ln &#8211; <a href=\"https:\/\/www.bikestation-koeln.de\/\" target=\"_blank\" rel=\"noreferrer noopener\">Bikestation K\u00f6ln<\/a><br \/>Freiburg &#8211;         <a href=\"https:\/\/mycargobike.de\/\" target=\"_blank\" rel=\"noreferrer noopener\">MyCargobike<\/a><\/p>\n<p><b>Schweiz<\/b><br \/>K\u00e4giswil &#8211; <a href=\"https:\/\/www.fusion-world.ch\/\" target=\"_blank\" rel=\"noreferrer noopener\">Fusion World<\/a><br \/>Z\u00fcrich &#8211; <a href=\"https:\/\/holycargo.ch\/\" target=\"_blank\" rel=\"noreferrer noopener\">Holy Cargo<\/a> <\/p>\n<p><b>Frankreich<\/b><br \/>Paris &#8211; <a href=\"https:\/\/www.beastybike.com\/\" target=\"_blank\" rel=\"noreferrer noopener\">Beastybikes FR<\/a><br \/>Bordeaux &#8211; <a href=\"https:\/\/www.reinecargo.fr\/\" target=\"_blank\" rel=\"noreferrer noopener\">SAS Reine Cargo<\/a><br \/>Antibes &#8211; <a href=\"https:\/\/thebikechain.fr\/\" target=\"_blank\" rel=\"noreferrer noopener\">Die Fahrradkette<\/a><\/p>\n<p><b>Italien<\/b><br \/>Mailand &#8211; <a href=\"https:\/\/cargobikemilano.it\/\" target=\"_blank\" rel=\"noreferrer noopener\">Ciclofficina Cargo Bike di Alessandro Ferraris<\/a><\/p>\n<p><b>\u00d6sterreich<\/b><br \/>Wien &#8211; <a href=\"https:\/\/velo.wien\/\" target=\"_blank\" rel=\"noreferrer noopener\">Velo Wien<\/a><\/p>\n<p><b>Belgien<\/b><br \/>Gentbrugge &#8211; <a href=\"https:\/\/www.rijwielenvercamer.be\/\" target=\"_blank\" rel=\"noreferrer noopener\">Rijwielen Vercamer<\/a><\/p>\n\t\t\t\t\t\t<\/div>\n\t\t\t\t<\/div>\n\t\t\t\t\t<\/div>\n\t\t\t\t<\/div>\n\t\t\t\t<\/div>\n\t\t","protected":false},"excerpt":{"rendered":"<p>Achetez votre v\u00e9lo Hagen Cargo dans un magasin de v\u00e9los pr\u00e8s de chez vous. Bitte kontaktieren Sie das Gesch\u00e4ft vor [&hellip;]<\/p>\n","protected":false},"author":1,"featured_media":0,"parent":3429,"menu_order":0,"comment_status":"closed","ping_status":"closed","template":"","meta":{"site-sidebar-layout":"no-sidebar","site-content-layout":"","ast-site-content-layout":"full-width-container","site-content-style":"default","site-sidebar-style":"default","ast-global-header-display":"","ast-banner-title-visibility":"","ast-main-header-display":"","ast-hfb-above-header-display":"","ast-hfb-below-header-display":"","ast-hfb-mobile-header-display":"","site-post-title":"disabled","ast-breadcrumbs-content":"","ast-featured-img":"disabled","footer-sml-layout":"","theme-transparent-header-meta":"","adv-header-id-meta":"","stick-header-meta":"","header-above-stick-meta":"","header-main-stick-meta":"","header-below-stick-meta":"","astra-migrate-meta-layouts":"default","ast-page-background-enabled":"default","ast-page-background-meta":{"desktop":{"background-color":"var(--ast-global-color-4)","background-image":"","background-repeat":"repeat","background-position":"center center","background-size":"auto","background-attachment":"scroll","background-type":"","background-media":"","overlay-type":"","overlay-color":"","overlay-opacity":"","overlay-gradient":""},"tablet":{"background-color":"","background-image":"","background-repeat":"repeat","background-position":"center center","background-size":"auto","background-attachment":"scroll","background-type":"","background-media":"","overlay-type":"","overlay-color":"","overlay-opacity":"","overlay-gradient":""},"mobile":{"background-color":"","background-image":"","background-repeat":"repeat","background-position":"center center","background-size":"auto","background-attachment":"scroll","background-type":"","background-media":"","overlay-type":"","overlay-color":"","overlay-opacity":"","overlay-gradient":""}},"ast-content-background-meta":{"desktop":{"background-color":"var(--ast-global-color-5)","background-image":"","background-repeat":"repeat","background-position":"center center","background-size":"auto","background-attachment":"scroll","background-type":"","background-media":"","overlay-type":"","overlay-color":"","overlay-opacity":"","overlay-gradient":""},"tablet":{"background-color":"var(--ast-global-color-5)","background-image":"","background-repeat":"repeat","background-position":"center center","background-size":"auto","background-attachment":"scroll","background-type":"","background-media":"","overlay-type":"","overlay-color":"","overlay-opacity":"","overlay-gradient":""},"mobile":{"background-color":"var(--ast-global-color-5)","background-image":"","background-repeat":"repeat","background-position":"center center","background-size":"auto","background-attachment":"scroll","background-type":"","background-media":"","overlay-type":"","overlay-color":"","overlay-opacity":"","overlay-gradient":""}},"footnotes":""},"class_list":["post-3603","page","type-page","status-publish","hentry"],"_links":{"self":[{"href":"https:\/\/staging.hagenbikes.com\/de\/wp-json\/wp\/v2\/pages\/3603","targetHints":{"allow":["GET"]}}],"collection":[{"href":"https:\/\/staging.hagenbikes.com\/de\/wp-json\/wp\/v2\/pages"}],"about":[{"href":"https:\/\/staging.hagenbikes.com\/de\/wp-json\/wp\/v2\/types\/page"}],"author":[{"embeddable":true,"href":"https:\/\/staging.hagenbikes.com\/de\/wp-json\/wp\/v2\/users\/1"}],"replies":[{"embeddable":true,"href":"https:\/\/staging.hagenbikes.com\/de\/wp-json\/wp\/v2\/comments?post=3603"}],"version-history":[{"count":2,"href":"https:\/\/staging.hagenbikes.com\/de\/wp-json\/wp\/v2\/pages\/3603\/revisions"}],"predecessor-version":[{"id":3609,"href":"https:\/\/staging.hagenbikes.com\/de\/wp-json\/wp\/v2\/pages\/3603\/revisions\/3609"}],"up":[{"embeddable":true,"href":"https:\/\/staging.hagenbikes.com\/de\/wp-json\/wp\/v2\/pages\/3429"}],"wp:attachment":[{"href":"https:\/\/staging.hagenbikes.com\/de\/wp-json\/wp\/v2\/media?parent=3603"}],"curies":[{"name":"wp","href":"https:\/\/api.w.org\/{rel}","templated":true}]}}