{"id":3725,"date":"2024-07-31T14:20:04","date_gmt":"2024-07-31T14:20:04","guid":{"rendered":"https:\/\/staging.hagenbikes.com\/shop\/unkategorisiert\/ergotec-3-up-down-adapter\/"},"modified":"2024-10-11T14:13:07","modified_gmt":"2024-10-11T14:13:07","slug":"ergotec-3-up-down-adapter","status":"publish","type":"product","link":"https:\/\/staging.hagenbikes.com\/de\/shop\/zubehor-de\/ergotec-3-up-down-adapter\/","title":{"rendered":"Ergotec 3 Up &amp; Down Adapter"},"content":{"rendered":"\t\t<div data-elementor-type=\"wp-post\" data-elementor-id=\"3725\" class=\"elementor elementor-3725 elementor-863\">\n\t\t\t\t<div class=\"elementor-element elementor-element-df65d04 e-flex e-con-boxed e-con e-parent\" data-id=\"df65d04\" data-element_type=\"container\">\n\t\t\t\t\t<div class=\"e-con-inner\">\n\t\t<div class=\"elementor-element elementor-element-5983d89 e-con-full e-flex e-con e-child\" data-id=\"5983d89\" data-element_type=\"container\">\n\t\t<div class=\"elementor-element elementor-element-1d2dbb1 e-con-full e-flex e-con e-child\" data-id=\"1d2dbb1\" data-element_type=\"container\">\n\t\t\t\t<div class=\"elementor-element elementor-element-f5ec5ed elementor-widget elementor-widget-heading\" data-id=\"f5ec5ed\" data-element_type=\"widget\" data-widget_type=\"heading.default\">\n\t\t\t\t<div class=\"elementor-widget-container\">\n\t\t\t<h2 class=\"elementor-heading-title elementor-size-default\">Zubeh\u00f6r<\/h2>\t\t<\/div>\n\t\t\t\t<\/div>\n\t\t\t\t<div class=\"elementor-element elementor-element-90ba41c premium-woo-product-align-center premium-qv-hidden-yes elementor-widget elementor-widget-premium-woo-products\" data-id=\"90ba41c\" data-element_type=\"widget\" data-widget_type=\"premium-woo-products.grid-2\">\n\t\t\t\t<div class=\"elementor-widget-container\">\n\t\t\t<div class=\"premium-woocommerce premium-woo-products-grid premium-woo-skin-grid-2 premium-woo-query-custom\" data-page-id=\"3725\" data-skin=\"grid_2\" data-quick-view=\"\"><div class=\"premium-woo-products-inner\"><ul class=\"products columns-4\">\n\n<li class=\"post-3664 product first instock shipping-taxable purchasable product-type-simple\">\n\t<div class=\"premium-woo-product-wrapper\">\n\t\t<div class=\"premium-woo-product-thumbnail\"><a href=\"https:\/\/staging.hagenbikes.com\/de\/shop\/zubehor-de\/kindersitz\/\" class=\"woocommerce-LoopProduct-link woocommerce-loop-product__link\"><img decoding=\"async\" src=\"https:\/\/staging.hagenbikes.com\/wp-content\/uploads\/2024\/07\/Nighthawk-Cargo-Bike-Child-Seat-Avatar_1024x1024.webp\" alt=\"\"><\/a><div class=\"premium-woo-products-details-wrap\"><div class=\"premium-woo-product-details\"><a href=\"https:\/\/staging.hagenbikes.com\/de\/shop\/zubehor-de\/kindersitz\/\" class=\"premium-woo-product__link\"><h2 class=\"woocommerce-loop-product__title\">Kindersitz<\/h2><\/a>\n\t<span class=\"price\"><span class=\"woocommerce-Price-amount amount\"><bdi>249,00&nbsp;<span class=\"woocommerce-Price-currencySymbol\">&euro;<\/span><\/bdi><\/span><\/span>\n<\/div><div class=\"premium-woo-product-actions-wrapper\"><div class=\"premium-woo-atc-button\" ><a href=\"?add-to-cart=3664\" aria-describedby=\"woocommerce_loop_add_to_cart_link_describedby_3664\" data-quantity=\"1\" class=\"button product_type_simple add_to_cart_button ajax_add_to_cart\" data-product_id=\"3664\" data-product_sku=\"E00303\" aria-label=\"In den Warenkorb legen: \u201eKindersitz\u201c\" rel=\"nofollow\" data-success_message=\"\u201eKindersitz\u201c wurde deinem Warenkorb hinzugef\u00fcgt\">In den Warenkorb<\/a>\t<span id=\"woocommerce_loop_add_to_cart_link_describedby_3664\" class=\"screen-reader-text\">\n\t\t\t<\/span>\n<\/div><\/div><\/div><\/div>\t<\/div>\n<\/li>\n\n<li class=\"post-3723 product  instock shipping-taxable purchasable product-type-simple\">\n\t<div class=\"premium-woo-product-wrapper\">\n\t\t<div class=\"premium-woo-product-thumbnail\"><a href=\"https:\/\/staging.hagenbikes.com\/de\/shop\/zubehor-de\/breite-box\/\" class=\"woocommerce-LoopProduct-link woocommerce-loop-product__link\"><img decoding=\"async\" src=\"https:\/\/staging.hagenbikes.com\/wp-content\/uploads\/2024\/07\/eBike-WideBox_DriveSide_Squarecopy_1024x1024.webp\" alt=\"\"><\/a><div class=\"premium-woo-products-details-wrap\"><div class=\"premium-woo-product-details\"><a href=\"https:\/\/staging.hagenbikes.com\/de\/shop\/zubehor-de\/breite-box\/\" class=\"premium-woo-product__link\"><h2 class=\"woocommerce-loop-product__title\">Breite Box<\/h2><\/a>\n\t<span class=\"price\"><span class=\"woocommerce-Price-amount amount\"><bdi>399,00&nbsp;<span class=\"woocommerce-Price-currencySymbol\">&euro;<\/span><\/bdi><\/span><\/span>\n<\/div><div class=\"premium-woo-product-actions-wrapper\"><div class=\"premium-woo-atc-button\" ><a href=\"?add-to-cart=3723\" aria-describedby=\"woocommerce_loop_add_to_cart_link_describedby_3723\" data-quantity=\"1\" class=\"button product_type_simple add_to_cart_button ajax_add_to_cart\" data-product_id=\"3723\" data-product_sku=\"E00302\" aria-label=\"In den Warenkorb legen: \u201eBreite Box\u201c\" rel=\"nofollow\" data-success_message=\"\u201eBreite Box\u201c wurde deinem Warenkorb hinzugef\u00fcgt\">In den Warenkorb<\/a>\t<span id=\"woocommerce_loop_add_to_cart_link_describedby_3723\" class=\"screen-reader-text\">\n\t\t\t<\/span>\n<\/div><\/div><\/div><\/div>\t<\/div>\n<\/li>\n\n<li class=\"post-3662 product  instock shipping-taxable purchasable product-type-simple\">\n\t<div class=\"premium-woo-product-wrapper\">\n\t\t<div class=\"premium-woo-product-thumbnail\"><a href=\"https:\/\/staging.hagenbikes.com\/de\/shop\/zubehor-de\/gestellhalterung-hinten\/\" class=\"woocommerce-LoopProduct-link woocommerce-loop-product__link\"><img decoding=\"async\" src=\"https:\/\/staging.hagenbikes.com\/wp-content\/uploads\/2024\/07\/Hagen-Bikes-Rear-Rack-Mount-Avatar_7b97a3a5-11a3-44b0-bf25-163ce0d72cc6_1024x1024.webp\" alt=\"\"><\/a><div class=\"premium-woo-products-details-wrap\"><div class=\"premium-woo-product-details\"><a href=\"https:\/\/staging.hagenbikes.com\/de\/shop\/zubehor-de\/gestellhalterung-hinten\/\" class=\"premium-woo-product__link\"><h2 class=\"woocommerce-loop-product__title\">Gestellhalterung hinten<\/h2><\/a>\n\t<span class=\"price\"><span class=\"woocommerce-Price-amount amount\"><bdi>29,99&nbsp;<span class=\"woocommerce-Price-currencySymbol\">&euro;<\/span><\/bdi><\/span><\/span>\n<\/div><div class=\"premium-woo-product-actions-wrapper\"><div class=\"premium-woo-atc-button\" ><a href=\"?add-to-cart=3662\" aria-describedby=\"woocommerce_loop_add_to_cart_link_describedby_3662\" data-quantity=\"1\" class=\"button product_type_simple add_to_cart_button ajax_add_to_cart\" data-product_id=\"3662\" data-product_sku=\"EE00308\" aria-label=\"In den Warenkorb legen: \u201eGestellhalterung hinten\u201c\" rel=\"nofollow\" data-success_message=\"\u201eGestellhalterung hinten\u201c wurde deinem Warenkorb hinzugef\u00fcgt\">In den Warenkorb<\/a>\t<span id=\"woocommerce_loop_add_to_cart_link_describedby_3662\" class=\"screen-reader-text\">\n\t\t\t<\/span>\n<\/div><\/div><\/div><\/div>\t<\/div>\n<\/li>\n\n<li class=\"post-3706 product last instock shipping-taxable purchasable product-type-simple\">\n\t<div class=\"premium-woo-product-wrapper\">\n\t\t<div class=\"premium-woo-product-thumbnail\"><a href=\"https:\/\/staging.hagenbikes.com\/de\/shop\/zubehor-de\/vordach\/\" class=\"woocommerce-LoopProduct-link woocommerce-loop-product__link\"><img decoding=\"async\" src=\"https:\/\/staging.hagenbikes.com\/wp-content\/uploads\/2024\/07\/Untitled_20_3_1024x1024.webp\" alt=\"\"><\/a><div class=\"premium-woo-products-details-wrap\"><div class=\"premium-woo-product-details\"><a href=\"https:\/\/staging.hagenbikes.com\/de\/shop\/zubehor-de\/vordach\/\" class=\"premium-woo-product__link\"><h2 class=\"woocommerce-loop-product__title\">Vordach<\/h2><\/a>\n\t<span class=\"price\"><span class=\"woocommerce-Price-amount amount\"><bdi>399,00&nbsp;<span class=\"woocommerce-Price-currencySymbol\">&euro;<\/span><\/bdi><\/span><\/span>\n<\/div><div class=\"premium-woo-product-actions-wrapper\"><div class=\"premium-woo-atc-button\" ><a href=\"?add-to-cart=3706\" aria-describedby=\"woocommerce_loop_add_to_cart_link_describedby_3706\" data-quantity=\"1\" class=\"button product_type_simple add_to_cart_button ajax_add_to_cart\" data-product_id=\"3706\" data-product_sku=\"E00312\" aria-label=\"In den Warenkorb legen: \u201eVordach\u201c\" rel=\"nofollow\" data-success_message=\"\u201eVordach\u201c wurde deinem Warenkorb hinzugef\u00fcgt\">In den Warenkorb<\/a>\t<span id=\"woocommerce_loop_add_to_cart_link_describedby_3706\" class=\"screen-reader-text\">\n\t\t\t<\/span>\n<\/div><\/div><\/div><\/div>\t<\/div>\n<\/li>\n\n<li class=\"post-3725 product first instock shipping-taxable purchasable product-type-simple\">\n\t<div class=\"premium-woo-product-wrapper\">\n\t\t<div class=\"premium-woo-product-thumbnail\"><a href=\"https:\/\/staging.hagenbikes.com\/de\/shop\/zubehor-de\/ergotec-3-up-down-adapter\/\" class=\"woocommerce-LoopProduct-link woocommerce-loop-product__link\"><img decoding=\"async\" src=\"https:\/\/staging.hagenbikes.com\/wp-content\/uploads\/2024\/07\/Hagen-Bikes-Ergotec-Cargo-Handlebar-Raiser-1_1024x1024.webp\" alt=\"\"><\/a><div class=\"premium-woo-products-details-wrap\"><div class=\"premium-woo-product-details\"><a href=\"https:\/\/staging.hagenbikes.com\/de\/shop\/zubehor-de\/ergotec-3-up-down-adapter\/\" class=\"premium-woo-product__link\"><h2 class=\"woocommerce-loop-product__title\">Ergotec 3 Up &amp; Down Adapter<\/h2><\/a>\n\t<span class=\"price\"><span class=\"woocommerce-Price-amount amount\"><bdi>99,00&nbsp;<span class=\"woocommerce-Price-currencySymbol\">&euro;<\/span><\/bdi><\/span><\/span>\n<\/div><div class=\"premium-woo-product-actions-wrapper\"><div class=\"premium-woo-atc-button\" ><a href=\"?add-to-cart=3725\" aria-describedby=\"woocommerce_loop_add_to_cart_link_describedby_3725\" data-quantity=\"1\" class=\"button product_type_simple add_to_cart_button ajax_add_to_cart\" data-product_id=\"3725\" data-product_sku=\"E00311\" aria-label=\"In den Warenkorb legen: \u201eErgotec 3 Up &amp; Down Adapter\u201c\" rel=\"nofollow\" data-success_message=\"\u201eErgotec 3 Up &amp; Down Adapter\u201c wurde deinem Warenkorb hinzugef\u00fcgt\">In den Warenkorb<\/a>\t<span id=\"woocommerce_loop_add_to_cart_link_describedby_3725\" class=\"screen-reader-text\">\n\t\t\t<\/span>\n<\/div><\/div><\/div><\/div>\t<\/div>\n<\/li>\n\n<li class=\"post-3663 product  instock shipping-taxable purchasable product-type-variable\">\n\t<div class=\"premium-woo-product-wrapper\">\n\t\t<div class=\"premium-woo-product-thumbnail\"><a href=\"https:\/\/staging.hagenbikes.com\/de\/shop\/zubehor-de\/seitenverkleidungen\/\" class=\"woocommerce-LoopProduct-link woocommerce-loop-product__link\"><img decoding=\"async\" src=\"https:\/\/staging.hagenbikes.com\/wp-content\/uploads\/2024\/07\/MicrosoftTeams-image_1_1024x1024.webp\" alt=\"\"><\/a><div class=\"premium-woo-products-details-wrap\"><div class=\"premium-woo-product-details\"><a href=\"https:\/\/staging.hagenbikes.com\/de\/shop\/zubehor-de\/seitenverkleidungen\/\" class=\"premium-woo-product__link\"><h2 class=\"woocommerce-loop-product__title\">Seitenverkleidungen<\/h2><\/a>\n\t<span class=\"price\"><span class=\"woocommerce-Price-amount amount\"><bdi>299,00&nbsp;<span class=\"woocommerce-Price-currencySymbol\">&euro;<\/span><\/bdi><\/span> &ndash; <span class=\"woocommerce-Price-amount amount\"><bdi>329,00&nbsp;<span class=\"woocommerce-Price-currencySymbol\">&euro;<\/span><\/bdi><\/span><\/span>\n<\/div><div class=\"premium-woo-product-actions-wrapper\"><div class=\"premium-woo-atc-button\" data-variations=&quot;true&quot;><a href=\"https:\/\/staging.hagenbikes.com\/de\/shop\/zubehor-de\/seitenverkleidungen\/\" aria-describedby=\"woocommerce_loop_add_to_cart_link_describedby_3663\" data-quantity=\"1\" class=\"button product_type_variable add_to_cart_button\" data-product_id=\"3663\" data-product_sku=\"E00310\" aria-label=\"W\u00e4hle Optionen f\u00fcr \u201eSeitenverkleidungen\u201c\" rel=\"nofollow\">Ausf\u00fchrung w\u00e4hlen<\/a>\t<span id=\"woocommerce_loop_add_to_cart_link_describedby_3663\" class=\"screen-reader-text\">\n\t\tDieses Produkt weist mehrere Varianten auf. Die Optionen k\u00f6nnen auf der Produktseite gew\u00e4hlt werden\t<\/span>\n<\/div><\/div><\/div><\/div>\t<\/div>\n<\/li>\n\n<li class=\"post-3726 product  instock shipping-taxable purchasable product-type-variable\">\n\t<div class=\"premium-woo-product-wrapper\">\n\t\t<div class=\"premium-woo-product-thumbnail\"><a href=\"https:\/\/staging.hagenbikes.com\/de\/shop\/zubehor-de\/windschutzscheibe\/\" class=\"woocommerce-LoopProduct-link woocommerce-loop-product__link\"><img decoding=\"async\" src=\"https:\/\/staging.hagenbikes.com\/wp-content\/uploads\/2024\/07\/Hagen-Cargo-Bikes-Windscreen_1024x1024.webp\" alt=\"\"><\/a><div class=\"premium-woo-products-details-wrap\"><div class=\"premium-woo-product-details\"><a href=\"https:\/\/staging.hagenbikes.com\/de\/shop\/zubehor-de\/windschutzscheibe\/\" class=\"premium-woo-product__link\"><h2 class=\"woocommerce-loop-product__title\">Windschutzscheibe<\/h2><\/a>\n\t<span class=\"price\"><span class=\"woocommerce-Price-amount amount\"><bdi>249,00&nbsp;<span class=\"woocommerce-Price-currencySymbol\">&euro;<\/span><\/bdi><\/span><\/span>\n<\/div><div class=\"premium-woo-product-actions-wrapper\"><div class=\"premium-woo-atc-button\" data-variations=&quot;true&quot;><a href=\"https:\/\/staging.hagenbikes.com\/de\/shop\/zubehor-de\/windschutzscheibe\/\" aria-describedby=\"woocommerce_loop_add_to_cart_link_describedby_3726\" data-quantity=\"1\" class=\"button product_type_variable add_to_cart_button\" data-product_id=\"3726\" data-product_sku=\"E00304\" aria-label=\"W\u00e4hle Optionen f\u00fcr \u201eWindschutzscheibe\u201c\" rel=\"nofollow\">Ausf\u00fchrung w\u00e4hlen<\/a>\t<span id=\"woocommerce_loop_add_to_cart_link_describedby_3726\" class=\"screen-reader-text\">\n\t\tDieses Produkt weist mehrere Varianten auf. Die Optionen k\u00f6nnen auf der Produktseite gew\u00e4hlt werden\t<\/span>\n<\/div><\/div><\/div><\/div>\t<\/div>\n<\/li>\n\n<li class=\"post-3791 product last instock shipping-taxable purchasable product-type-variable\">\n\t<div class=\"premium-woo-product-wrapper\">\n\t\t<div class=\"premium-woo-product-thumbnail\"><a href=\"https:\/\/staging.hagenbikes.com\/de\/shop\/zubehor-de\/fussmatte\/\" class=\"woocommerce-LoopProduct-link woocommerce-loop-product__link\"><img decoding=\"async\" src=\"https:\/\/staging.hagenbikes.com\/wp-content\/uploads\/2024\/07\/Untitleddesign_1_2f60a989-a258-4025-8045-9d921f9ff177_1024x1024.webp\" alt=\"\"><\/a><div class=\"premium-woo-products-details-wrap\"><div class=\"premium-woo-product-details\"><a href=\"https:\/\/staging.hagenbikes.com\/de\/shop\/zubehor-de\/fussmatte\/\" class=\"premium-woo-product__link\"><h2 class=\"woocommerce-loop-product__title\">Fu\u00dfmatte<\/h2><\/a>\n\t<span class=\"price\"><span class=\"woocommerce-Price-amount amount\"><bdi>49,99&nbsp;<span class=\"woocommerce-Price-currencySymbol\">&euro;<\/span><\/bdi><\/span><\/span>\n<\/div><div class=\"premium-woo-product-actions-wrapper\"><div class=\"premium-woo-atc-button\" data-variations=&quot;true&quot;><a href=\"https:\/\/staging.hagenbikes.com\/de\/shop\/zubehor-de\/fussmatte\/\" aria-describedby=\"woocommerce_loop_add_to_cart_link_describedby_3791\" data-quantity=\"1\" class=\"button product_type_variable add_to_cart_button\" data-product_id=\"3791\" data-product_sku=\"EE00308S\" aria-label=\"W\u00e4hle Optionen f\u00fcr \u201eFu\u00dfmatte\u201c\" rel=\"nofollow\">Ausf\u00fchrung w\u00e4hlen<\/a>\t<span id=\"woocommerce_loop_add_to_cart_link_describedby_3791\" class=\"screen-reader-text\">\n\t\tDieses Produkt weist mehrere Varianten auf. Die Optionen k\u00f6nnen auf der Produktseite gew\u00e4hlt werden\t<\/span>\n<\/div><\/div><\/div><\/div>\t<\/div>\n<\/li>\n\n<li class=\"post-3804 product first instock shipping-taxable purchasable product-type-simple\">\n\t<div class=\"premium-woo-product-wrapper\">\n\t\t<div class=\"premium-woo-product-thumbnail\"><a href=\"https:\/\/staging.hagenbikes.com\/de\/shop\/zubehor-de\/aufbewahrungsbox\/\" class=\"woocommerce-LoopProduct-link woocommerce-loop-product__link\"><img decoding=\"async\" src=\"https:\/\/staging.hagenbikes.com\/wp-content\/uploads\/2024\/07\/0Y0A4422copy_1024x1024.webp\" alt=\"\"><\/a><div class=\"premium-woo-products-details-wrap\"><div class=\"premium-woo-product-details\"><a href=\"https:\/\/staging.hagenbikes.com\/de\/shop\/zubehor-de\/aufbewahrungsbox\/\" class=\"premium-woo-product__link\"><h2 class=\"woocommerce-loop-product__title\">Aufbewahrungsbox<\/h2><\/a>\n\t<span class=\"price\"><span class=\"woocommerce-Price-amount amount\"><bdi>99,00&nbsp;<span class=\"woocommerce-Price-currencySymbol\">&euro;<\/span><\/bdi><\/span><\/span>\n<\/div><div class=\"premium-woo-product-actions-wrapper\"><div class=\"premium-woo-atc-button\" ><a href=\"?add-to-cart=3804\" aria-describedby=\"woocommerce_loop_add_to_cart_link_describedby_3804\" data-quantity=\"1\" class=\"button product_type_simple add_to_cart_button ajax_add_to_cart\" data-product_id=\"3804\" data-product_sku=\"E00306\" aria-label=\"In den Warenkorb legen: \u201eAufbewahrungsbox\u201c\" rel=\"nofollow\" data-success_message=\"\u201eAufbewahrungsbox\u201c wurde deinem Warenkorb hinzugef\u00fcgt\">In den Warenkorb<\/a>\t<span id=\"woocommerce_loop_add_to_cart_link_describedby_3804\" class=\"screen-reader-text\">\n\t\t\t<\/span>\n<\/div><\/div><\/div><\/div>\t<\/div>\n<\/li>\n\n<li class=\"post-3796 product  instock shipping-taxable purchasable product-type-simple\">\n\t<div class=\"premium-woo-product-wrapper\">\n\t\t<div class=\"premium-woo-product-thumbnail\"><a href=\"https:\/\/staging.hagenbikes.com\/de\/shop\/zubehor-de\/lieferbox\/\" class=\"woocommerce-LoopProduct-link woocommerce-loop-product__link\"><img decoding=\"async\" src=\"https:\/\/staging.hagenbikes.com\/wp-content\/uploads\/2024\/07\/Untitled_12_1024x1024.webp\" alt=\"\"><\/a><div class=\"premium-woo-products-details-wrap\"><div class=\"premium-woo-product-details\"><a href=\"https:\/\/staging.hagenbikes.com\/de\/shop\/zubehor-de\/lieferbox\/\" class=\"premium-woo-product__link\"><h2 class=\"woocommerce-loop-product__title\">Lieferbox<\/h2><\/a>\n\t<span class=\"price\"><span class=\"woocommerce-Price-amount amount\"><bdi>1190,00&nbsp;<span class=\"woocommerce-Price-currencySymbol\">&euro;<\/span><\/bdi><\/span><\/span>\n<\/div><div class=\"premium-woo-product-actions-wrapper\"><div class=\"premium-woo-atc-button\" ><a href=\"?add-to-cart=3796\" aria-describedby=\"woocommerce_loop_add_to_cart_link_describedby_3796\" data-quantity=\"1\" class=\"button product_type_simple add_to_cart_button ajax_add_to_cart\" data-product_id=\"3796\" data-product_sku=\"E00307\" aria-label=\"In den Warenkorb legen: \u201eLieferbox\u201c\" rel=\"nofollow\" data-success_message=\"\u201eLieferbox\u201c wurde deinem Warenkorb hinzugef\u00fcgt\">In den Warenkorb<\/a>\t<span id=\"woocommerce_loop_add_to_cart_link_describedby_3796\" class=\"screen-reader-text\">\n\t\t\t<\/span>\n<\/div><\/div><\/div><\/div>\t<\/div>\n<\/li>\n<\/ul>\n<\/div><\/div>\t\t<\/div>\n\t\t\t\t<\/div>\n\t\t\t\t<\/div>\n\t\t\t\t<\/div>\n\t\t\t\t\t<\/div>\n\t\t\t\t<\/div>\n\t\t\t\t<\/div>\n\t\t","protected":false},"excerpt":{"rendered":"<div class=\"tt-collapse-title\">Beschreibung<\/div>\n<div class=\"tt-collapse-content\">\n<p>Wir alle wissen, dass ein Fahrrad am besten aussieht, wenn der Lenker so niedrig wie m\u00f6glich ist. Aber an manchen Tagen ist es einfach sch\u00f6n, ihn etwas h\u00f6her zu haben, langsamer zu fahren und die Umgebung zu genie\u00dfen. Genau darum geht es bei diesem Schnellspanner f\u00fcr die H\u00f6henverstellung. Egal, ob Sie das Fahrrad zwischen unterschiedlich gro\u00dfen Fahrern umstellen oder einfach nur mehr M\u00f6glichkeiten zum Fahren haben &#8211; mit diesem Ding sind Sie bestens ausgestattet.   <\/p>\n<ul>\n<li>Schnellspanner f\u00fcr die Lenkerh\u00f6he<\/li>\n<li>Stellen Sie den Lenker f\u00fcr verschiedene Fahrer schnell ein<\/li>\n<li>Maximale H\u00f6he des Adapters 100 mm<\/li>\n<\/ul>\n<p><strong>Technische Daten:<\/strong><\/p>\n<\/div>\n[table id=\"6\" \/]\n","protected":false},"featured_media":2941,"template":"","meta":{"site-sidebar-layout":"no-sidebar","site-content-layout":"","ast-site-content-layout":"normal-width-container","site-content-style":"default","site-sidebar-style":"default","ast-global-header-display":"","ast-banner-title-visibility":"","ast-main-header-display":"","ast-hfb-above-header-display":"","ast-hfb-below-header-display":"","ast-hfb-mobile-header-display":"","site-post-title":"disabled","ast-breadcrumbs-content":"","ast-featured-img":"disabled","footer-sml-layout":"","theme-transparent-header-meta":"default","adv-header-id-meta":"","stick-header-meta":"","header-above-stick-meta":"","header-main-stick-meta":"","header-below-stick-meta":"","astra-migrate-meta-layouts":"default","ast-page-background-enabled":"default","ast-page-background-meta":{"desktop":{"background-color":"var(--ast-global-color-4)","background-image":"","background-repeat":"repeat","background-position":"center center","background-size":"auto","background-attachment":"scroll","background-type":"","background-media":"","overlay-type":"","overlay-color":"","overlay-opacity":"","overlay-gradient":""},"tablet":{"background-color":"","background-image":"","background-repeat":"repeat","background-position":"center center","background-size":"auto","background-attachment":"scroll","background-type":"","background-media":"","overlay-type":"","overlay-color":"","overlay-opacity":"","overlay-gradient":""},"mobile":{"background-color":"","background-image":"","background-repeat":"repeat","background-position":"center center","background-size":"auto","background-attachment":"scroll","background-type":"","background-media":"","overlay-type":"","overlay-color":"","overlay-opacity":"","overlay-gradient":""}},"ast-content-background-meta":{"desktop":{"background-color":"var(--ast-global-color-5)","background-image":"","background-repeat":"repeat","background-position":"center center","background-size":"auto","background-attachment":"scroll","background-type":"","background-media":"","overlay-type":"","overlay-color":"","overlay-opacity":"","overlay-gradient":""},"tablet":{"background-color":"var(--ast-global-color-5)","background-image":"","background-repeat":"repeat","background-position":"center center","background-size":"auto","background-attachment":"scroll","background-type":"","background-media":"","overlay-type":"","overlay-color":"","overlay-opacity":"","overlay-gradient":""},"mobile":{"background-color":"var(--ast-global-color-5)","background-image":"","background-repeat":"repeat","background-position":"center center","background-size":"auto","background-attachment":"scroll","background-type":"","background-media":"","overlay-type":"","overlay-color":"","overlay-opacity":"","overlay-gradient":""}}},"product_cat":[179],"product_tag":[],"class_list":{"0":"post-3725","1":"product","2":"type-product","3":"status-publish","4":"has-post-thumbnail","6":"product_cat-zubehor-de","7":"desktop-align-left","8":"tablet-align-left","9":"mobile-align-left","11":"first","12":"instock","13":"shipping-taxable","14":"purchasable","15":"product-type-simple"},"_links":{"self":[{"href":"https:\/\/staging.hagenbikes.com\/de\/wp-json\/wp\/v2\/product\/3725","targetHints":{"allow":["GET"]}}],"collection":[{"href":"https:\/\/staging.hagenbikes.com\/de\/wp-json\/wp\/v2\/product"}],"about":[{"href":"https:\/\/staging.hagenbikes.com\/de\/wp-json\/wp\/v2\/types\/product"}],"version-history":[{"count":1,"href":"https:\/\/staging.hagenbikes.com\/de\/wp-json\/wp\/v2\/product\/3725\/revisions"}],"predecessor-version":[{"id":3732,"href":"https:\/\/staging.hagenbikes.com\/de\/wp-json\/wp\/v2\/product\/3725\/revisions\/3732"}],"wp:featuredmedia":[{"embeddable":true,"href":"https:\/\/staging.hagenbikes.com\/de\/wp-json\/wp\/v2\/media\/2941"}],"wp:attachment":[{"href":"https:\/\/staging.hagenbikes.com\/de\/wp-json\/wp\/v2\/media?parent=3725"}],"wp:term":[{"taxonomy":"product_cat","embeddable":true,"href":"https:\/\/staging.hagenbikes.com\/de\/wp-json\/wp\/v2\/product_cat?post=3725"},{"taxonomy":"product_tag","embeddable":true,"href":"https:\/\/staging.hagenbikes.com\/de\/wp-json\/wp\/v2\/product_tag?post=3725"}],"curies":[{"name":"wp","href":"https:\/\/api.w.org\/{rel}","templated":true}]}}