{"id":3816,"date":"2024-08-16T14:11:09","date_gmt":"2024-08-16T14:11:09","guid":{"rendered":"https:\/\/staging.hagenbikes.com\/shop\/unkategorisiert\/yeply-jaehrlicher-service\/"},"modified":"2024-08-16T14:11:09","modified_gmt":"2024-08-16T14:11:09","slug":"yeply-jaehrlicher-service","status":"publish","type":"product","link":"https:\/\/staging.hagenbikes.com\/de\/shop\/iot-dienstleistung\/yeply-jaehrlicher-service\/","title":{"rendered":"Yeply J\u00e4hrlicher Service"},"content":{"rendered":"","protected":false},"excerpt":{"rendered":"<div class=\"tt-collapse-title\">Beschreibung<\/div>\n<div class=\"tt-collapse-content\">\n<div class=\"elementor-element elementor-element-33ace739 elementor-widget elementor-widget-text-editor\" data-widget_type=\"text-editor.default\" data-element_type=\"widget\" data-id=\"33ace739\">\n<div class=\"elementor-widget-container\">\n<p>Yeply bietet einen Service in 8 St\u00e4dten f\u00fcr Kunden und 110 St\u00e4dten f\u00fcr Gesch\u00e4ftspartner in Finnland, Deutschland, \u00d6sterreich und den Niederlanden an und ist eine wirklich bequeme M\u00f6glichkeit, Ihr Fahrrad so solide wie m\u00f6glich zu halten. &#8222;Wir bieten einen revolution\u00e4ren Wartungsservice f\u00fcr Fahrr\u00e4der am selben Tag an, der es Ihnen erspart, Ihr Fahrrad in eine Werkstatt zu bringen und dann <i>wer-wei\u00df-wie-lange<\/i> zu warten, bis Sie es zur\u00fcckbekommen. Wir bedienen die Stadtteile in bequemen Schichten, so dass Sie Ihr Fahrrad einfach bei uns abgeben und es ein paar Stunden sp\u00e4ter wieder abholen k\u00f6nnen. Dar\u00fcber hinaus bewahrt unsere eigene MyYeply-App Ihre Serviceunterlagen sicher auf und benachrichtigt Sie, wenn Ihr n\u00e4chster Service f\u00e4llig ist.&#8220; Sie werden sich sicher f\u00fchlen, wenn Sie Ihr Fahrrad in die Obhut der freundlichen und kompetenten Mechaniker geben, die Sie durch die einzelnen Schritte f\u00fchren und Sie benachrichtigen, wenn Ihr Fahrrad zur Abholung bereit ist. So einfach ist das. Lesen Sie <a title=\"Yeply Homepage\" href=\"https:\/\/www.yeply.com\/\" target=\"_blank\" rel=\"noreferrer noopener\">hier<\/a> mehr \u00fcber Yeply.<\/p>\n<\/div>\n<\/div>\n<\/div>\n","protected":false},"featured_media":3203,"template":"","meta":{"site-sidebar-layout":"default","site-content-layout":"","ast-site-content-layout":"default","site-content-style":"default","site-sidebar-style":"default","ast-global-header-display":"","ast-banner-title-visibility":"","ast-main-header-display":"","ast-hfb-above-header-display":"","ast-hfb-below-header-display":"","ast-hfb-mobile-header-display":"","site-post-title":"","ast-breadcrumbs-content":"","ast-featured-img":"","footer-sml-layout":"","theme-transparent-header-meta":"default","adv-header-id-meta":"","stick-header-meta":"","header-above-stick-meta":"","header-main-stick-meta":"","header-below-stick-meta":"","astra-migrate-meta-layouts":"default","ast-page-background-enabled":"default","ast-page-background-meta":{"desktop":{"background-color":"var(--ast-global-color-4)","background-image":"","background-repeat":"repeat","background-position":"center center","background-size":"auto","background-attachment":"scroll","background-type":"","background-media":"","overlay-type":"","overlay-color":"","overlay-opacity":"","overlay-gradient":""},"tablet":{"background-color":"","background-image":"","background-repeat":"repeat","background-position":"center center","background-size":"auto","background-attachment":"scroll","background-type":"","background-media":"","overlay-type":"","overlay-color":"","overlay-opacity":"","overlay-gradient":""},"mobile":{"background-color":"","background-image":"","background-repeat":"repeat","background-position":"center center","background-size":"auto","background-attachment":"scroll","background-type":"","background-media":"","overlay-type":"","overlay-color":"","overlay-opacity":"","overlay-gradient":""}},"ast-content-background-meta":{"desktop":{"background-color":"var(--ast-global-color-5)","background-image":"","background-repeat":"repeat","background-position":"center center","background-size":"auto","background-attachment":"scroll","background-type":"","background-media":"","overlay-type":"","overlay-color":"","overlay-opacity":"","overlay-gradient":""},"tablet":{"background-color":"var(--ast-global-color-5)","background-image":"","background-repeat":"repeat","background-position":"center center","background-size":"auto","background-attachment":"scroll","background-type":"","background-media":"","overlay-type":"","overlay-color":"","overlay-opacity":"","overlay-gradient":""},"mobile":{"background-color":"var(--ast-global-color-5)","background-image":"","background-repeat":"repeat","background-position":"center center","background-size":"auto","background-attachment":"scroll","background-type":"","background-media":"","overlay-type":"","overlay-color":"","overlay-opacity":"","overlay-gradient":""}}},"product_cat":[190],"product_tag":[],"class_list":{"0":"post-3816","1":"product","2":"type-product","3":"status-publish","4":"has-post-thumbnail","6":"product_cat-iot-dienstleistung","7":"desktop-align-left","8":"tablet-align-left","9":"mobile-align-left","11":"first","12":"instock","13":"shipping-taxable","14":"purchasable","15":"product-type-simple"},"_links":{"self":[{"href":"https:\/\/staging.hagenbikes.com\/de\/wp-json\/wp\/v2\/product\/3816","targetHints":{"allow":["GET"]}}],"collection":[{"href":"https:\/\/staging.hagenbikes.com\/de\/wp-json\/wp\/v2\/product"}],"about":[{"href":"https:\/\/staging.hagenbikes.com\/de\/wp-json\/wp\/v2\/types\/product"}],"version-history":[{"count":0,"href":"https:\/\/staging.hagenbikes.com\/de\/wp-json\/wp\/v2\/product\/3816\/revisions"}],"wp:featuredmedia":[{"embeddable":true,"href":"https:\/\/staging.hagenbikes.com\/de\/wp-json\/wp\/v2\/media\/3203"}],"wp:attachment":[{"href":"https:\/\/staging.hagenbikes.com\/de\/wp-json\/wp\/v2\/media?parent=3816"}],"wp:term":[{"taxonomy":"product_cat","embeddable":true,"href":"https:\/\/staging.hagenbikes.com\/de\/wp-json\/wp\/v2\/product_cat?post=3816"},{"taxonomy":"product_tag","embeddable":true,"href":"https:\/\/staging.hagenbikes.com\/de\/wp-json\/wp\/v2\/product_tag?post=3816"}],"curies":[{"name":"wp","href":"https:\/\/api.w.org\/{rel}","templated":true}]}}