{"id":3274,"date":"2024-08-14T16:58:21","date_gmt":"2024-08-14T16:58:21","guid":{"rendered":"https:\/\/staging.hagenbikes.com\/politique-en-matiere-de-cookies\/"},"modified":"2024-10-17T16:04:35","modified_gmt":"2024-10-17T16:04:35","slug":"cookies-policy","status":"publish","type":"page","link":"https:\/\/staging.hagenbikes.com\/fr\/pages\/cookies-policy\/","title":{"rendered":"Politique en mati\u00e8re de cookies"},"content":{"rendered":"\t\t<div data-elementor-type=\"wp-page\" data-elementor-id=\"3274\" class=\"elementor elementor-3274 elementor-1611\">\n\t\t\t\t<div class=\"elementor-element elementor-element-d3d952b e-flex e-con-boxed e-con e-parent\" data-id=\"d3d952b\" data-element_type=\"container\">\n\t\t\t\t\t<div class=\"e-con-inner\">\n\t\t\t\t<div class=\"elementor-element elementor-element-05426ba elementor-widget elementor-widget-text-editor\" data-id=\"05426ba\" data-element_type=\"widget\" data-widget_type=\"text-editor.default\">\n\t\t\t\t<div class=\"elementor-widget-container\">\n\t\t\t\t\t\t\t<div class=\"row\">\n<div class=\"col-sm-12 col-md-8\">\n<h1 class=\"tt-title-subpages\">Politique en mati\u00e8re de cookies<\/h1>\n<\/div>\n<\/div>\n<div class=\"tt-box-faq-listing\">\n<div class=\"row\">\n<div class=\"col-sm-12 col-md-2\"> <\/div>\n<div class=\"col-sm-12 col-md-8\">\n<div class=\"tt-box-faq\">\n<h6 class=\"tt-title\">Qu&rsquo;est-ce qu&rsquo;un cookie ?<\/h6>\n<p>Comme la plupart des sites web professionnels, ce site utilise des cookies, qui sont de minuscules fichiers t\u00e9l\u00e9charg\u00e9s sur votre ordinateur, afin d&rsquo;am\u00e9liorer votre exp\u00e9rience. Cette page d\u00e9crit les informations qu&rsquo;ils recueillent, comment nous les utilisons et pourquoi nous avons parfois besoin de stocker ces cookies. Nous vous expliquons \u00e9galement comment vous pouvez emp\u00eacher ces cookies d&rsquo;\u00eatre stock\u00e9s, mais cela peut entra\u00eener une d\u00e9gradation ou une interruption de certains \u00e9l\u00e9ments de la fonctionnalit\u00e9 du site.  <\/p>\n<\/div>\n<\/div>\n<\/div>\n<\/div>\n<div class=\"tt-box-faq-listing\">\n<div class=\"row\">\n<div class=\"col-sm-12 col-md-2\"> <\/div>\n<div class=\"col-sm-12 col-md-8\">\n<div class=\"tt-box-faq\">\n<h6 class=\"tt-title\">Comment nous utilisons les cookies<\/h6>\n<p>Nous utilisons des cookies pour diverses raisons d\u00e9taill\u00e9es ci-dessous. Malheureusement, dans la plupart des cas, il n&rsquo;existe pas d&rsquo;options standard pour d\u00e9sactiver les cookies sans d\u00e9sactiver compl\u00e8tement les fonctionnalit\u00e9s et les caract\u00e9ristiques qu&rsquo;ils ajoutent \u00e0 ce site. Il est recommand\u00e9 de laisser tous les cookies activ\u00e9s si vous n&rsquo;\u00eates pas s\u00fbr d&rsquo;en avoir besoin ou non, au cas o\u00f9 ils seraient utilis\u00e9s pour fournir un service que vous utilisez.  <\/p>\n<\/div>\n<\/div>\n<\/div>\n<\/div>\n<div class=\"tt-box-faq-listing\">\n<div class=\"row\">\n<div class=\"col-sm-12 col-md-2\"> <\/div>\n<div class=\"col-sm-12 col-md-8\">\n<div class=\"tt-box-faq\">\n<h6 class=\"tt-title\">D\u00e9sactivation des cookies<\/h6>\n<p>Vous pouvez emp\u00eacher l&rsquo;installation de cookies en ajustant les param\u00e8tres de votre navigateur (voir l&rsquo;aide de votre navigateur pour savoir comment proc\u00e9der). Sachez que la d\u00e9sactivation des cookies affectera la fonctionnalit\u00e9 de ce site et de nombreux autres sites que vous visitez. La d\u00e9sactivation des cookies entra\u00eene g\u00e9n\u00e9ralement la d\u00e9sactivation de certaines fonctionnalit\u00e9s et caract\u00e9ristiques de ce site. Il est donc recommand\u00e9 de ne pas d\u00e9sactiver les cookies.   <\/p>\n<\/div>\n<\/div>\n<\/div>\n<\/div>\n<div class=\"tt-box-faq-listing\">\n<div class=\"row\">\n<div class=\"col-sm-12 col-md-2\"> <\/div>\n<div class=\"col-sm-12 col-md-8\">\n<div class=\"tt-box-faq\">\n<h6 class=\"tt-title\">Les cookies que nous installons<\/h6>\n<p><b>Cookies li\u00e9s au compte<\/b><\/p>\n<p>Si vous cr\u00e9ez un compte chez nous, nous utiliserons des cookies pour g\u00e9rer le processus d&rsquo;inscription et l&rsquo;administration g\u00e9n\u00e9rale. Ces cookies sont g\u00e9n\u00e9ralement supprim\u00e9s lorsque vous vous d\u00e9connectez, mais dans certains cas, ils peuvent rester en place pour m\u00e9moriser vos pr\u00e9f\u00e9rences de site lorsque vous vous d\u00e9connectez. <\/p>\n<p><b>Cookies li\u00e9s \u00e0 la connexion<\/b><\/p>\n<p>Nous utilisons des cookies lorsque vous \u00eates connect\u00e9 afin de nous en souvenir. Cela vous \u00e9vite de devoir vous connecter \u00e0 chaque fois que vous visitez une nouvelle page. Ces cookies sont g\u00e9n\u00e9ralement supprim\u00e9s ou effac\u00e9s lorsque vous vous d\u00e9connectez afin de garantir que vous ne puissiez acc\u00e9der \u00e0 des fonctions et zones restreintes que lorsque vous \u00eates connect\u00e9.  <\/p>\n<p><b>Cookies li\u00e9s aux bulletins d&rsquo;information \u00e9lectroniques<\/b><\/p>\n<p>Ce site propose des services d&rsquo;abonnement \u00e0 des lettres d&rsquo;information ou \u00e0 des courriers \u00e9lectroniques et des cookies peuvent \u00eatre utilis\u00e9s pour savoir si vous \u00eates d\u00e9j\u00e0 inscrit et pour afficher certaines notifications qui peuvent n&rsquo;\u00eatre valables que pour les utilisateurs inscrits ou non inscrits.<\/p>\n<p><b>Cookies li\u00e9s au traitement des commandes<\/b><\/p>\n<p>Ce site propose des services de commerce \u00e9lectronique ou de paiement et certains cookies sont essentiels pour garantir que votre commande est m\u00e9moris\u00e9e d&rsquo;une page \u00e0 l&rsquo;autre afin que nous puissions la traiter correctement.<\/p>\n<p><b>Cookies li\u00e9s aux enqu\u00eates<\/b><\/p>\n<p>De temps \u00e0 autre, nous proposons des enqu\u00eates et des questionnaires aux utilisateurs afin de vous fournir des informations int\u00e9ressantes, des outils utiles ou de mieux comprendre notre base d&rsquo;utilisateurs. Ces enqu\u00eates peuvent utiliser des cookies pour se souvenir des personnes qui ont d\u00e9j\u00e0 particip\u00e9 \u00e0 une enqu\u00eate ou pour vous fournir des r\u00e9sultats pr\u00e9cis lorsque vous changez de page. <\/p>\n<p><b>Cookies li\u00e9s aux formulaires<\/b><\/p>\n<p>Lorsque vous soumettez des donn\u00e9es par le biais d&rsquo;un formulaire, comme ceux que l&rsquo;on trouve sur les pages de contact ou les formulaires de commentaires, des cookies peuvent \u00eatre mis en place pour m\u00e9moriser vos coordonn\u00e9es d&rsquo;utilisateur en vue d&rsquo;une correspondance ult\u00e9rieure.<\/p>\n<p><b>Cookies li\u00e9s aux formulaires<\/b><\/p>\n<p>Lorsque vous soumettez des donn\u00e9es par le biais d&rsquo;un formulaire, comme ceux que l&rsquo;on trouve sur les pages de contact ou les formulaires de commentaires, des cookies peuvent \u00eatre mis en place pour m\u00e9moriser vos coordonn\u00e9es d&rsquo;utilisateur en vue d&rsquo;une correspondance ult\u00e9rieure.<\/p>\n<p><b>Cookies relatifs aux pr\u00e9f\u00e9rences du site<\/b><\/p>\n<p>Afin de vous offrir une exp\u00e9rience agr\u00e9able sur ce site, nous vous offrons la possibilit\u00e9 de d\u00e9finir vos pr\u00e9f\u00e9rences quant au fonctionnement de ce site lorsque vous l&rsquo;utilisez. Pour m\u00e9moriser vos pr\u00e9f\u00e9rences, nous devons installer des cookies afin que ces informations puissent \u00eatre appel\u00e9es chaque fois que vous interagissez avec une page affect\u00e9e par vos pr\u00e9f\u00e9rences. <\/p>\n<\/div>\n<\/div>\n<\/div>\n<\/div>\n<div class=\"tt-box-faq-listing\">\n<div class=\"row\">\n<div class=\"col-sm-12 col-md-2\"> <\/div>\n<div class=\"col-sm-12 col-md-8\">\n<div class=\"tt-box-faq\">\n<h6 class=\"tt-title\">Cookies de tiers<\/h6>\n<p>Dans certains cas particuliers, nous utilisons \u00e9galement des cookies fournis par des tiers de confiance. La section suivante d\u00e9taille les cookies de tiers que vous pouvez rencontrer sur ce site. <\/p>\n<ul class=\"tt-list-dot\">\n<li>Ce site utilise Google Analytics, l&rsquo;une des solutions d&rsquo;analyse les plus r\u00e9pandues et les plus fiables sur le web, pour nous aider \u00e0 comprendre comment vous utilisez le site et comment nous pouvons am\u00e9liorer votre exp\u00e9rience. Ces cookies peuvent suivre des \u00e9l\u00e9ments tels que le temps que vous passez sur le site et les pages que vous visitez afin que nous puissions continuer \u00e0 produire un contenu attrayant. Pour plus d&rsquo;informations sur les cookies de Google Analytics, consultez la page officielle de Google Analytics.  <\/li>\n<li>De temps \u00e0 autre, nous testons de nouvelles fonctionnalit\u00e9s et apportons des changements subtils \u00e0 la mani\u00e8re dont le site est fourni. Lorsque nous testons encore de nouvelles fonctionnalit\u00e9s, ces cookies peuvent \u00eatre utilis\u00e9s pour garantir que vous b\u00e9n\u00e9ficiez d&rsquo;une exp\u00e9rience coh\u00e9rente sur le site, tout en nous permettant de comprendre quelles sont les optimisations les plus appr\u00e9ci\u00e9es par nos utilisateurs. <\/li>\n<li>Nous utilisons \u00e9galement des boutons de m\u00e9dias sociaux et\/ou des plugins sur ce site qui vous permettent de vous connecter \u00e0 votre r\u00e9seau social de diverses mani\u00e8res. Pour que ces boutons fonctionnent, les sites de m\u00e9dias sociaux suivants, y compris Facebook et Instagram, placeront des cookies sur notre site qui peuvent \u00eatre utilis\u00e9s pour am\u00e9liorer votre profil sur leur site ou contribuer aux donn\u00e9es qu&rsquo;ils d\u00e9tiennent \u00e0 diverses fins d\u00e9crites dans leurs politiques de confidentialit\u00e9 respectives. <\/li>\n<\/ul>\n<\/div>\n<\/div>\n<\/div>\n<\/div>\n<div class=\"tt-box-faq-listing\">\n<div class=\"row\">\n<div class=\"col-sm-12 col-md-2\"> <\/div>\n<div class=\"col-sm-12 col-md-8\">\n<div class=\"tt-box-faq\">\n<h6 class=\"tt-title\">Plus d&rsquo;informations<\/h6>\n<p>Nous esp\u00e9rons avoir clarifi\u00e9 les choses pour vous et, comme nous l&rsquo;avons mentionn\u00e9 pr\u00e9c\u00e9demment, si vous n&rsquo;\u00eates pas s\u00fbr d&rsquo;avoir besoin de quelque chose, il est g\u00e9n\u00e9ralement plus prudent de laisser les cookies activ\u00e9s au cas o\u00f9 ils interagiraient avec l&rsquo;une des fonctions que vous utilisez sur notre site.<\/p>\n<p>Toutefois, si vous souhaitez obtenir davantage d&rsquo;informations, vous pouvez nous contacter par l&rsquo;une de nos m\u00e9thodes de contact pr\u00e9f\u00e9r\u00e9es :<\/p>\n<ul class=\"tt-list-dot\">\n<li>En visitant ce lien: <a href=\"https:\/\/hagenbikes.com\/pages\/hagenbikes.com\">https:\/\/hagenbikes.com<\/a> <\/li>\n<\/ul>\n<\/div>\n<\/div>\n<\/div>\n<\/div>\n\t\t\t\t\t\t<\/div>\n\t\t\t\t<\/div>\n\t\t\t\t\t<\/div>\n\t\t\t\t<\/div>\n\t\t\t\t<\/div>\n\t\t","protected":false},"excerpt":{"rendered":"<p>Politique en mati\u00e8re de cookies Qu&rsquo;est-ce qu&rsquo;un cookie ? Comme la plupart des sites web professionnels, ce site utilise des [&hellip;]<\/p>\n","protected":false},"author":1,"featured_media":0,"parent":3430,"menu_order":0,"comment_status":"closed","ping_status":"closed","template":"","meta":{"site-sidebar-layout":"no-sidebar","site-content-layout":"","ast-site-content-layout":"full-width-container","site-content-style":"default","site-sidebar-style":"default","ast-global-header-display":"","ast-banner-title-visibility":"","ast-main-header-display":"","ast-hfb-above-header-display":"","ast-hfb-below-header-display":"","ast-hfb-mobile-header-display":"","site-post-title":"disabled","ast-breadcrumbs-content":"","ast-featured-img":"disabled","footer-sml-layout":"","theme-transparent-header-meta":"","adv-header-id-meta":"","stick-header-meta":"","header-above-stick-meta":"","header-main-stick-meta":"","header-below-stick-meta":"","astra-migrate-meta-layouts":"default","ast-page-background-enabled":"default","ast-page-background-meta":{"desktop":{"background-color":"var(--ast-global-color-4)","background-image":"","background-repeat":"repeat","background-position":"center center","background-size":"auto","background-attachment":"scroll","background-type":"","background-media":"","overlay-type":"","overlay-color":"","overlay-opacity":"","overlay-gradient":""},"tablet":{"background-color":"","background-image":"","background-repeat":"repeat","background-position":"center center","background-size":"auto","background-attachment":"scroll","background-type":"","background-media":"","overlay-type":"","overlay-color":"","overlay-opacity":"","overlay-gradient":""},"mobile":{"background-color":"","background-image":"","background-repeat":"repeat","background-position":"center center","background-size":"auto","background-attachment":"scroll","background-type":"","background-media":"","overlay-type":"","overlay-color":"","overlay-opacity":"","overlay-gradient":""}},"ast-content-background-meta":{"desktop":{"background-color":"var(--ast-global-color-5)","background-image":"","background-repeat":"repeat","background-position":"center center","background-size":"auto","background-attachment":"scroll","background-type":"","background-media":"","overlay-type":"","overlay-color":"","overlay-opacity":"","overlay-gradient":""},"tablet":{"background-color":"var(--ast-global-color-5)","background-image":"","background-repeat":"repeat","background-position":"center center","background-size":"auto","background-attachment":"scroll","background-type":"","background-media":"","overlay-type":"","overlay-color":"","overlay-opacity":"","overlay-gradient":""},"mobile":{"background-color":"var(--ast-global-color-5)","background-image":"","background-repeat":"repeat","background-position":"center center","background-size":"auto","background-attachment":"scroll","background-type":"","background-media":"","overlay-type":"","overlay-color":"","overlay-opacity":"","overlay-gradient":""}},"footnotes":""},"class_list":["post-3274","page","type-page","status-publish","hentry"],"_links":{"self":[{"href":"https:\/\/staging.hagenbikes.com\/fr\/wp-json\/wp\/v2\/pages\/3274","targetHints":{"allow":["GET"]}}],"collection":[{"href":"https:\/\/staging.hagenbikes.com\/fr\/wp-json\/wp\/v2\/pages"}],"about":[{"href":"https:\/\/staging.hagenbikes.com\/fr\/wp-json\/wp\/v2\/types\/page"}],"author":[{"embeddable":true,"href":"https:\/\/staging.hagenbikes.com\/fr\/wp-json\/wp\/v2\/users\/1"}],"replies":[{"embeddable":true,"href":"https:\/\/staging.hagenbikes.com\/fr\/wp-json\/wp\/v2\/comments?post=3274"}],"version-history":[{"count":1,"href":"https:\/\/staging.hagenbikes.com\/fr\/wp-json\/wp\/v2\/pages\/3274\/revisions"}],"predecessor-version":[{"id":3275,"href":"https:\/\/staging.hagenbikes.com\/fr\/wp-json\/wp\/v2\/pages\/3274\/revisions\/3275"}],"up":[{"embeddable":true,"href":"https:\/\/staging.hagenbikes.com\/fr\/wp-json\/wp\/v2\/pages\/3430"}],"wp:attachment":[{"href":"https:\/\/staging.hagenbikes.com\/fr\/wp-json\/wp\/v2\/media?parent=3274"}],"curies":[{"name":"wp","href":"https:\/\/api.w.org\/{rel}","templated":true}]}}