{"id":3282,"date":"2024-08-13T15:29:11","date_gmt":"2024-08-13T15:29:11","guid":{"rendered":"https:\/\/staging.hagenbikes.com\/evenements\/"},"modified":"2024-10-10T16:37:56","modified_gmt":"2024-10-10T16:37:56","slug":"evenements","status":"publish","type":"page","link":"https:\/\/staging.hagenbikes.com\/fr\/pages\/evenements\/","title":{"rendered":"Ev\u00e9nements"},"content":{"rendered":"\t\t<div data-elementor-type=\"wp-page\" data-elementor-id=\"3282\" class=\"elementor elementor-3282 elementor-1588\">\n\t\t\t\t<div class=\"elementor-element elementor-element-cf659ce e-flex e-con-boxed e-con e-parent\" data-id=\"cf659ce\" data-element_type=\"container\">\n\t\t\t\t\t<div class=\"e-con-inner\">\n\t\t\t\t<div class=\"elementor-element elementor-element-e957f7c elementor-widget elementor-widget-image\" data-id=\"e957f7c\" data-element_type=\"widget\" data-widget_type=\"image.default\">\n\t\t\t\t<div class=\"elementor-widget-container\">\n\t\t\t\t\t\t\t\t\t\t\t\t\t<img fetchpriority=\"high\" decoding=\"async\" width=\"1024\" height=\"490\" src=\"https:\/\/staging.hagenbikes.com\/wp-content\/uploads\/2024\/06\/cropped-hagen-100x48.png\" class=\"attachment-large size-large wp-image-35\" alt=\"\" srcset=\"https:\/\/staging.hagenbikes.com\/wp-content\/uploads\/2024\/06\/cropped-hagen-1024x490.png 1024w, https:\/\/staging.hagenbikes.com\/wp-content\/uploads\/2024\/06\/cropped-hagen-300x143.png 300w, https:\/\/staging.hagenbikes.com\/wp-content\/uploads\/2024\/06\/cropped-hagen-768x367.png 768w, https:\/\/staging.hagenbikes.com\/wp-content\/uploads\/2024\/06\/cropped-hagen-1536x734.png 1536w, https:\/\/staging.hagenbikes.com\/wp-content\/uploads\/2024\/06\/cropped-hagen-2048x979.png 2048w, https:\/\/staging.hagenbikes.com\/wp-content\/uploads\/2024\/06\/cropped-hagen-600x287.png 600w, https:\/\/staging.hagenbikes.com\/wp-content\/uploads\/2024\/06\/cropped-hagen-100x48.png 100w\" sizes=\"(max-width: 1024px) 100vw, 1024px\" \/>\t\t\t\t\t\t\t\t\t\t\t\t\t<\/div>\n\t\t\t\t<\/div>\n\t\t\t\t<div class=\"elementor-element elementor-element-dab9eeb elementor-widget elementor-widget-heading\" data-id=\"dab9eeb\" data-element_type=\"widget\" data-widget_type=\"heading.default\">\n\t\t\t\t<div class=\"elementor-widget-container\">\n\t\t\t<h2 class=\"elementor-heading-title elementor-size-default\">EV\u00c9NEMENTS<\/h2>\t\t<\/div>\n\t\t\t\t<\/div>\n\t\t\t\t<div class=\"elementor-element elementor-element-7ea17d7 elementor-widget elementor-widget-heading\" data-id=\"7ea17d7\" data-element_type=\"widget\" data-widget_type=\"heading.default\">\n\t\t\t\t<div class=\"elementor-widget-container\">\n\t\t\t<h2 class=\"elementor-heading-title elementor-size-default\">\u00c9v\u00e9nements \u00e0 venir en 2024<\/h2>\t\t<\/div>\n\t\t\t\t<\/div>\n\t\t\t\t<div class=\"elementor-element elementor-element-8cf2894 elementor-widget elementor-widget-heading\" data-id=\"8cf2894\" data-element_type=\"widget\" data-widget_type=\"heading.default\">\n\t\t\t\t<div class=\"elementor-widget-container\">\n\t\t\t<h2 class=\"elementor-heading-title elementor-size-default\">\u00c9v\u00e9nements pr\u00e9c\u00e9dents<\/h2>\t\t<\/div>\n\t\t\t\t<\/div>\n\t\t\t\t<div class=\"elementor-element elementor-element-2490e21 elementor-widget elementor-widget-text-editor\" data-id=\"2490e21\" data-element_type=\"widget\" data-widget_type=\"text-editor.default\">\n\t\t\t\t<div class=\"elementor-widget-container\">\n\t\t\t\t\t\t\t<p><strong>10 &#8211; 12.03.2023 &#8211; <a href=\"https:\/\/www.cyclingworld.de\/\" target=\"_blank\" rel=\"noreferrer noopener\">CyclingWorld D\u00fcsseldorf<\/a><\/strong><\/p>\n<p><strong>24 &#8211; 26.03.2023 &#8211; <a href=\"https:\/\/www.kolektif-berlin.com\/\" target=\"_blank\" rel=\"noreferrer noopener\">Kolektif Berlin<\/a><\/strong><\/p>\n<p><strong>27 &#8211; 29.05.2023 &#8211; <a href=\"https:\/\/velo-in-paris.com\/\" target=\"_blank\" rel=\"noreferrer noopener\">V\u00e9lo in Paris<\/a><\/strong><\/p>\n<p><strong>21 &#8211; 25.06.2023 &#8211; <a href=\"https:\/\/www.eurobike.com\/en\/\" target=\"_blank\" rel=\"noreferrer noopener\">Eurobike<\/a><\/strong><\/p>\n<p><strong>18 &#8211; 20.03.2022 &#8211; <a href=\"https:\/\/www.cyclingworld.de\/\" target=\"_blank\" rel=\"noreferrer noopener\">CyclingWorld D\u00fcsseldorf<\/a><\/strong><\/p>\n<p><strong>25 &#8211; 27.03.2022 &#8211; <a href=\"https:\/\/www.kolektif-berlin.com\/\" target=\"_blank\" rel=\"noreferrer noopener\">Kolektif Berlin<\/a><\/strong><\/p>\n<p><strong>09 &#8211; 10.04.2022 &#8211; <a href=\"https:\/\/velofestivals.com\/veloberlin\/\" target=\"_blank\" rel=\"noreferrer noopener\">VeloBerlin<\/a><\/strong><\/p>\n<p><strong>21 &#8211; 22.05.2022 &#8211; <a href=\"https:\/\/velofestivals.com\/velohamburg\/\" target=\"_blank\" rel=\"noreferrer noopener\">VeloHamburg<\/a><\/strong><\/p>\n<p><strong>13 &#8211; 17.07.2022 &#8211; <a href=\"https:\/\/www.eurobike.com\/en\/\" target=\"_blank\" rel=\"noreferrer noopener\">Eurobike<\/a><\/strong><\/p>\n\t\t\t\t\t\t<\/div>\n\t\t\t\t<\/div>\n\t\t\t\t\t<\/div>\n\t\t\t\t<\/div>\n\t\t\t\t<\/div>\n\t\t","protected":false},"excerpt":{"rendered":"<p>EV\u00c9NEMENTS \u00c9v\u00e9nements \u00e0 venir en 2024 \u00c9v\u00e9nements pr\u00e9c\u00e9dents 10 &#8211; 12.03.2023 &#8211; CyclingWorld D\u00fcsseldorf 24 &#8211; 26.03.2023 &#8211; Kolektif Berlin [&hellip;]<\/p>\n","protected":false},"author":1,"featured_media":0,"parent":3430,"menu_order":0,"comment_status":"closed","ping_status":"closed","template":"","meta":{"site-sidebar-layout":"no-sidebar","site-content-layout":"","ast-site-content-layout":"full-width-container","site-content-style":"default","site-sidebar-style":"default","ast-global-header-display":"","ast-banner-title-visibility":"","ast-main-header-display":"","ast-hfb-above-header-display":"","ast-hfb-below-header-display":"","ast-hfb-mobile-header-display":"","site-post-title":"disabled","ast-breadcrumbs-content":"","ast-featured-img":"disabled","footer-sml-layout":"","theme-transparent-header-meta":"","adv-header-id-meta":"","stick-header-meta":"","header-above-stick-meta":"","header-main-stick-meta":"","header-below-stick-meta":"","astra-migrate-meta-layouts":"default","ast-page-background-enabled":"default","ast-page-background-meta":{"desktop":{"background-color":"var(--ast-global-color-4)","background-image":"","background-repeat":"repeat","background-position":"center center","background-size":"auto","background-attachment":"scroll","background-type":"","background-media":"","overlay-type":"","overlay-color":"","overlay-opacity":"","overlay-gradient":""},"tablet":{"background-color":"","background-image":"","background-repeat":"repeat","background-position":"center center","background-size":"auto","background-attachment":"scroll","background-type":"","background-media":"","overlay-type":"","overlay-color":"","overlay-opacity":"","overlay-gradient":""},"mobile":{"background-color":"","background-image":"","background-repeat":"repeat","background-position":"center center","background-size":"auto","background-attachment":"scroll","background-type":"","background-media":"","overlay-type":"","overlay-color":"","overlay-opacity":"","overlay-gradient":""}},"ast-content-background-meta":{"desktop":{"background-color":"var(--ast-global-color-5)","background-image":"","background-repeat":"repeat","background-position":"center center","background-size":"auto","background-attachment":"scroll","background-type":"","background-media":"","overlay-type":"","overlay-color":"","overlay-opacity":"","overlay-gradient":""},"tablet":{"background-color":"var(--ast-global-color-5)","background-image":"","background-repeat":"repeat","background-position":"center center","background-size":"auto","background-attachment":"scroll","background-type":"","background-media":"","overlay-type":"","overlay-color":"","overlay-opacity":"","overlay-gradient":""},"mobile":{"background-color":"var(--ast-global-color-5)","background-image":"","background-repeat":"repeat","background-position":"center center","background-size":"auto","background-attachment":"scroll","background-type":"","background-media":"","overlay-type":"","overlay-color":"","overlay-opacity":"","overlay-gradient":""}},"footnotes":""},"class_list":["post-3282","page","type-page","status-publish","hentry"],"_links":{"self":[{"href":"https:\/\/staging.hagenbikes.com\/fr\/wp-json\/wp\/v2\/pages\/3282","targetHints":{"allow":["GET"]}}],"collection":[{"href":"https:\/\/staging.hagenbikes.com\/fr\/wp-json\/wp\/v2\/pages"}],"about":[{"href":"https:\/\/staging.hagenbikes.com\/fr\/wp-json\/wp\/v2\/types\/page"}],"author":[{"embeddable":true,"href":"https:\/\/staging.hagenbikes.com\/fr\/wp-json\/wp\/v2\/users\/1"}],"replies":[{"embeddable":true,"href":"https:\/\/staging.hagenbikes.com\/fr\/wp-json\/wp\/v2\/comments?post=3282"}],"version-history":[{"count":1,"href":"https:\/\/staging.hagenbikes.com\/fr\/wp-json\/wp\/v2\/pages\/3282\/revisions"}],"predecessor-version":[{"id":3283,"href":"https:\/\/staging.hagenbikes.com\/fr\/wp-json\/wp\/v2\/pages\/3282\/revisions\/3283"}],"up":[{"embeddable":true,"href":"https:\/\/staging.hagenbikes.com\/fr\/wp-json\/wp\/v2\/pages\/3430"}],"wp:attachment":[{"href":"https:\/\/staging.hagenbikes.com\/fr\/wp-json\/wp\/v2\/media?parent=3282"}],"curies":[{"name":"wp","href":"https:\/\/api.w.org\/{rel}","templated":true}]}}