{"id":3286,"date":"2024-08-14T16:43:08","date_gmt":"2024-08-14T16:43:08","guid":{"rendered":"https:\/\/staging.hagenbikes.com\/partenaires-de-service\/"},"modified":"2024-10-17T16:10:47","modified_gmt":"2024-10-17T16:10:47","slug":"service-partners","status":"publish","type":"page","link":"https:\/\/staging.hagenbikes.com\/fr\/pages\/service-partners\/","title":{"rendered":"Partenaires de service"},"content":{"rendered":"\t\t<div data-elementor-type=\"wp-page\" data-elementor-id=\"3286\" class=\"elementor elementor-3286 elementor-1597\">\n\t\t\t\t<div class=\"elementor-element elementor-element-129479f e-flex e-con-boxed e-con e-parent\" data-id=\"129479f\" data-element_type=\"container\">\n\t\t\t\t\t<div class=\"e-con-inner\">\n\t\t<div class=\"elementor-element elementor-element-0e87214 e-con-full e-flex e-con e-child\" data-id=\"0e87214\" data-element_type=\"container\">\n\t\t\t\t<div class=\"elementor-element elementor-element-aef6034 elementor-widget elementor-widget-image\" data-id=\"aef6034\" data-element_type=\"widget\" data-widget_type=\"image.default\">\n\t\t\t\t<div class=\"elementor-widget-container\">\n\t\t\t\t\t\t\t\t\t\t\t\t\t<img fetchpriority=\"high\" decoding=\"async\" width=\"500\" height=\"500\" src=\"https:\/\/staging.hagenbikes.com\/wp-content\/uploads\/2024\/08\/Untitled_580x.webp\" class=\"attachment-large size-large wp-image-1355\" alt=\"\" srcset=\"https:\/\/staging.hagenbikes.com\/wp-content\/uploads\/2024\/08\/Untitled_580x.webp 500w, https:\/\/staging.hagenbikes.com\/wp-content\/uploads\/2024\/08\/Untitled_580x-300x300.webp 300w, https:\/\/staging.hagenbikes.com\/wp-content\/uploads\/2024\/08\/Untitled_580x-150x150.webp 150w, https:\/\/staging.hagenbikes.com\/wp-content\/uploads\/2024\/08\/Untitled_580x-100x100.webp 100w, https:\/\/staging.hagenbikes.com\/wp-content\/uploads\/2024\/08\/Untitled_580x-50x50.webp 50w\" sizes=\"(max-width: 500px) 100vw, 500px\" \/>\t\t\t\t\t\t\t\t\t\t\t\t\t<\/div>\n\t\t\t\t<\/div>\n\t\t\t\t<\/div>\n\t\t<div class=\"elementor-element elementor-element-77009ad e-con-full e-flex e-con e-child\" data-id=\"77009ad\" data-element_type=\"container\">\n\t\t\t\t<div class=\"elementor-element elementor-element-74a73dd elementor-widget elementor-widget-heading\" data-id=\"74a73dd\" data-element_type=\"widget\" data-widget_type=\"heading.default\">\n\t\t\t\t<div class=\"elementor-widget-container\">\n\t\t\t<h2 class=\"elementor-heading-title elementor-size-default\">Faites r\u00e9viser votre v\u00e9lo Hagen Cargo dans un magasin de v\u00e9los pr\u00e8s de chez vous<\/h2>\t\t<\/div>\n\t\t\t\t<\/div>\n\t\t\t\t<div class=\"elementor-element elementor-element-e0815d3 elementor-widget elementor-widget-text-editor\" data-id=\"e0815d3\" data-element_type=\"widget\" data-widget_type=\"text-editor.default\">\n\t\t\t\t<div class=\"elementor-widget-container\">\n\t\t\t\t\t\t\t<p>Veuillez contacter les magasins avant de vous y rendre pour confirmer la date et l&rsquo;heure du service.<\/p>\n\t\t\t\t\t\t<\/div>\n\t\t\t\t<\/div>\n\t\t\t\t<div class=\"elementor-element elementor-element-1fcebae elementor-align-center elementor-widget elementor-widget-button\" data-id=\"1fcebae\" data-element_type=\"widget\" data-widget_type=\"button.default\">\n\t\t\t\t<div class=\"elementor-widget-container\">\n\t\t\t\t\t<div class=\"elementor-button-wrapper\">\n\t\t\t<a class=\"elementor-button elementor-button-link elementor-size-sm\" href=\"https:\/\/staging.hagenbikes.com\/fr\/pages\/test-ride\/\">\n\t\t\t\t\t\t<span class=\"elementor-button-content-wrapper\">\n\t\t\t\t\t\t\t\t\t<span class=\"elementor-button-text\">RANDONN\u00c9E D'ESSAI<\/span>\n\t\t\t\t\t<\/span>\n\t\t\t\t\t<\/a>\n\t\t<\/div>\n\t\t\t\t<\/div>\n\t\t\t\t<\/div>\n\t\t\t\t<\/div>\n\t\t\t\t\t<\/div>\n\t\t\t\t<\/div>\n\t\t<div class=\"elementor-element elementor-element-d3d952b e-flex e-con-boxed e-con e-parent\" data-id=\"d3d952b\" data-element_type=\"container\">\n\t\t\t\t\t<div class=\"e-con-inner\">\n\t\t\t\t<div class=\"elementor-element elementor-element-9156f79 elementor-widget elementor-widget-heading\" data-id=\"9156f79\" data-element_type=\"widget\" data-widget_type=\"heading.default\">\n\t\t\t\t<div class=\"elementor-widget-container\">\n\t\t\t<h2 class=\"elementor-heading-title elementor-size-default\">Partenaires de service<\/h2>\t\t<\/div>\n\t\t\t\t<\/div>\n\t\t\t\t<div class=\"elementor-element elementor-element-05426ba elementor-widget elementor-widget-text-editor\" data-id=\"05426ba\" data-element_type=\"widget\" data-widget_type=\"text-editor.default\">\n\t\t\t\t<div class=\"elementor-widget-container\">\n\t\t\t\t\t\t\t<p><strong>France<\/strong><br \/>\nParis &#8211; <a href=\"https:\/\/www.velogik.com\/en\/\">V\u00e9logik<\/a><br \/>\nNB : POUR LES TRAVAUX SOUS GARANTIE, VOUS SEREZ FACTUR\u00c9S AU MAGASIN. Pour les travaux sous garantie, vous serez factur\u00e9 au magasin. Plus tard, vous pouvez nous envoyer la facture et nous vous rembourserons.<\/p>\n\t\t\t\t\t\t<\/div>\n\t\t\t\t<\/div>\n\t\t\t\t\t<\/div>\n\t\t\t\t<\/div>\n\t\t\t\t<\/div>\n\t\t","protected":false},"excerpt":{"rendered":"<p>Faites r\u00e9viser votre v\u00e9lo Hagen Cargo dans un magasin de v\u00e9los pr\u00e8s de chez vous Veuillez contacter les magasins avant [&hellip;]<\/p>\n","protected":false},"author":1,"featured_media":0,"parent":3430,"menu_order":0,"comment_status":"closed","ping_status":"closed","template":"","meta":{"site-sidebar-layout":"no-sidebar","site-content-layout":"","ast-site-content-layout":"full-width-container","site-content-style":"default","site-sidebar-style":"default","ast-global-header-display":"","ast-banner-title-visibility":"","ast-main-header-display":"","ast-hfb-above-header-display":"","ast-hfb-below-header-display":"","ast-hfb-mobile-header-display":"","site-post-title":"disabled","ast-breadcrumbs-content":"","ast-featured-img":"disabled","footer-sml-layout":"","theme-transparent-header-meta":"","adv-header-id-meta":"","stick-header-meta":"","header-above-stick-meta":"","header-main-stick-meta":"","header-below-stick-meta":"","astra-migrate-meta-layouts":"default","ast-page-background-enabled":"default","ast-page-background-meta":{"desktop":{"background-color":"var(--ast-global-color-4)","background-image":"","background-repeat":"repeat","background-position":"center center","background-size":"auto","background-attachment":"scroll","background-type":"","background-media":"","overlay-type":"","overlay-color":"","overlay-opacity":"","overlay-gradient":""},"tablet":{"background-color":"","background-image":"","background-repeat":"repeat","background-position":"center center","background-size":"auto","background-attachment":"scroll","background-type":"","background-media":"","overlay-type":"","overlay-color":"","overlay-opacity":"","overlay-gradient":""},"mobile":{"background-color":"","background-image":"","background-repeat":"repeat","background-position":"center center","background-size":"auto","background-attachment":"scroll","background-type":"","background-media":"","overlay-type":"","overlay-color":"","overlay-opacity":"","overlay-gradient":""}},"ast-content-background-meta":{"desktop":{"background-color":"var(--ast-global-color-5)","background-image":"","background-repeat":"repeat","background-position":"center center","background-size":"auto","background-attachment":"scroll","background-type":"","background-media":"","overlay-type":"","overlay-color":"","overlay-opacity":"","overlay-gradient":""},"tablet":{"background-color":"var(--ast-global-color-5)","background-image":"","background-repeat":"repeat","background-position":"center center","background-size":"auto","background-attachment":"scroll","background-type":"","background-media":"","overlay-type":"","overlay-color":"","overlay-opacity":"","overlay-gradient":""},"mobile":{"background-color":"var(--ast-global-color-5)","background-image":"","background-repeat":"repeat","background-position":"center center","background-size":"auto","background-attachment":"scroll","background-type":"","background-media":"","overlay-type":"","overlay-color":"","overlay-opacity":"","overlay-gradient":""}},"footnotes":""},"class_list":["post-3286","page","type-page","status-publish","hentry"],"_links":{"self":[{"href":"https:\/\/staging.hagenbikes.com\/fr\/wp-json\/wp\/v2\/pages\/3286","targetHints":{"allow":["GET"]}}],"collection":[{"href":"https:\/\/staging.hagenbikes.com\/fr\/wp-json\/wp\/v2\/pages"}],"about":[{"href":"https:\/\/staging.hagenbikes.com\/fr\/wp-json\/wp\/v2\/types\/page"}],"author":[{"embeddable":true,"href":"https:\/\/staging.hagenbikes.com\/fr\/wp-json\/wp\/v2\/users\/1"}],"replies":[{"embeddable":true,"href":"https:\/\/staging.hagenbikes.com\/fr\/wp-json\/wp\/v2\/comments?post=3286"}],"version-history":[{"count":4,"href":"https:\/\/staging.hagenbikes.com\/fr\/wp-json\/wp\/v2\/pages\/3286\/revisions"}],"predecessor-version":[{"id":4104,"href":"https:\/\/staging.hagenbikes.com\/fr\/wp-json\/wp\/v2\/pages\/3286\/revisions\/4104"}],"up":[{"embeddable":true,"href":"https:\/\/staging.hagenbikes.com\/fr\/wp-json\/wp\/v2\/pages\/3430"}],"wp:attachment":[{"href":"https:\/\/staging.hagenbikes.com\/fr\/wp-json\/wp\/v2\/media?parent=3286"}],"curies":[{"name":"wp","href":"https:\/\/api.w.org\/{rel}","templated":true}]}}