{"id":3300,"date":"2024-06-26T16:16:15","date_gmt":"2024-06-26T16:16:15","guid":{"rendered":"https:\/\/staging.hagenbikes.com\/politique-de-confidentialite\/"},"modified":"2024-10-17T16:05:13","modified_gmt":"2024-10-17T16:05:13","slug":"privacy-policy","status":"publish","type":"page","link":"https:\/\/staging.hagenbikes.com\/fr\/policies\/privacy-policy\/","title":{"rendered":"Politique de confidentialit\u00e9"},"content":{"rendered":"\t\t<div data-elementor-type=\"wp-page\" data-elementor-id=\"3300\" class=\"elementor elementor-3300 elementor-3\">\n\t\t\t\t<div class=\"elementor-element elementor-element-2f353494 e-flex e-con-boxed e-con e-parent\" data-id=\"2f353494\" data-element_type=\"container\">\n\t\t\t\t\t<div class=\"e-con-inner\">\n\t\t\t\t<div class=\"elementor-element elementor-element-7a86ee64 elementor-widget elementor-widget-text-editor\" data-id=\"7a86ee64\" data-element_type=\"widget\" data-widget_type=\"text-editor.default\">\n\t\t\t\t<div class=\"elementor-widget-container\">\n\t\t\t\t\t\t\t\r\n<div class=\"shopify-policy__title\">\r\n<h1><span style=\"font-size: 16px;\">La pr\u00e9sente politique de confidentialit\u00e9 d\u00e9crit la mani\u00e8re dont hagenbikes.com (le \u00ab site \u00bb ou \u00ab nous \u00bb) recueille, utilise et divulgue vos informations personnelles lorsque vous visitez ou effectuez un achat sur le site.<\/span><\/h1>\r\n<\/div>\r\n<div class=\"shopify-policy__body\">\r\n<div class=\"rte\">\r\n<h1>Collecte d&rsquo;informations personnelles<\/h1>\r\nLorsque vous visitez le site, nous recueillons certaines informations sur votre appareil, votre interaction avec le site et les informations n\u00e9cessaires au traitement de vos achats. Nous pouvons \u00e9galement recueillir des informations suppl\u00e9mentaires si vous nous contactez pour une assistance \u00e0 la client\u00e8le. Dans la pr\u00e9sente politique de confidentialit\u00e9, nous d\u00e9signons par \u00ab informations personnelles \u00bb toute information permettant d&rsquo;identifier une personne de mani\u00e8re unique (y compris les informations ci-dessous). Voir la liste ci-dessous pour plus d&rsquo;informations sur les informations personnelles que nous collectons et pourquoi.\r\n\r\n<em>Informations sur l&rsquo;appareil<\/em>\r\n<ul>\r\n \t<li>Exemples d&rsquo;informations personnelles collect\u00e9es : version du navigateur web, adresse IP, fuseau horaire, informations sur les cookies, sites ou produits que vous consultez, termes de recherche et mani\u00e8re dont vous interagissez avec le site.<\/li>\r\n \t<li>Objectif de la collecte : charger le site avec pr\u00e9cision pour vous et r\u00e9aliser des analyses sur l&rsquo;utilisation du site afin de l&rsquo;optimiser.<\/li>\r\n \t<li>Source de la collecte : Collecte automatique lorsque vous acc\u00e9dez \u00e0 notre site \u00e0 l&rsquo;aide de cookies, de fichiers journaux, de balises web, d&rsquo;\u00e9tiquettes ou de pixels.<\/li>\r\n \t<li>Divulgation \u00e0 des fins commerciales : partag\u00e9e avec notre sous-traitant Shopify.<\/li>\r\n<\/ul>\r\n<em>Informations sur les commandes<\/em>\r\n<ul>\r\n \t<li>Exemples d&rsquo;informations personnelles collect\u00e9es : nom, adresse de facturation, adresse de livraison, informations de paiement (y compris les num\u00e9ros de carte de cr\u00e9dit, l&rsquo;adresse \u00e9lectronique et le num\u00e9ro de t\u00e9l\u00e9phone).<\/li>\r\n \t<li>Objectif de la collecte : vous fournir des produits ou des services afin d&rsquo;ex\u00e9cuter notre contrat, de traiter vos informations de paiement, d&rsquo;organiser l&rsquo;exp\u00e9dition et de vous fournir des factures et\/ou des confirmations de commande, de communiquer avec vous, d&rsquo;examiner nos commandes pour d\u00e9tecter les risques potentiels ou les fraudes et, conform\u00e9ment aux pr\u00e9f\u00e9rences que vous avez partag\u00e9es avec nous, de vous fournir des informations ou de la publicit\u00e9 concernant nos produits ou nos services.<\/li>\r\n \t<li>Source de la collecte : donn\u00e9es recueillies aupr\u00e8s de vous.<\/li>\r\n \t<li>Divulgation \u00e0 des fins commerciales : partag\u00e9e avec notre processeur Shopify, Instagram et Facebook.<\/li>\r\n<\/ul>\r\n<em>Informations relatives \u00e0 l&rsquo;assistance \u00e0 la client\u00e8le.<\/em>\r\n<ul>\r\n \t<li>Exemples d&rsquo;informations personnelles collect\u00e9es : E-mail, nom, informations de paiement<\/li>\r\n \t<li>Objectif de la collecte : fournir un service d&rsquo;assistance \u00e0 la client\u00e8le.<\/li>\r\n \t<li>Source de la collecte : recueillies aupr\u00e8s de vous.<\/li>\r\n \t<li>Divulgation \u00e0 des fins commerciales<\/li>\r\n<\/ul>\r\n<h2>Mineurs<\/h2>\r\nLe site n&rsquo;est pas destin\u00e9 aux personnes \u00e2g\u00e9es de moins de 18 ans. Nous ne collectons pas intentionnellement d&rsquo;informations personnelles aupr\u00e8s des enfants. Si vous \u00eates le parent ou le tuteur et que vous pensez que votre enfant nous a fourni des informations personnelles, veuillez nous contacter \u00e0 l&rsquo;adresse ci-dessous pour en demander la suppression.\r\n<h1>Partage des informations personnelles<\/h1>\r\nNous partageons vos informations personnelles avec des prestataires de services pour nous aider \u00e0 fournir nos services et \u00e0 remplir nos contrats avec vous, comme d\u00e9crit ci-dessus. Par exemple :\r\n<ul>\r\n \t<li>Nous pouvons partager vos informations personnelles pour nous conformer aux lois et r\u00e9glementations applicables, pour r\u00e9pondre \u00e0 une citation \u00e0 compara\u00eetre, \u00e0 un mandat de recherche ou \u00e0 toute autre demande l\u00e9gale d&rsquo;informations que nous recevons, ou pour prot\u00e9ger nos droits de toute autre mani\u00e8re.<\/li>\r\n<\/ul>\r\n<h2>Publicit\u00e9 comportementale<\/h2>\r\nComme d\u00e9crit ci-dessus, nous utilisons vos informations personnelles pour vous fournir des publicit\u00e9s cibl\u00e9es ou des communications marketing que nous pensons susceptibles de vous int\u00e9resser. Par exemple :\r\n<ul>\r\n \t<li>Nous utilisons Google Analytics pour nous aider \u00e0 comprendre comment nos clients utilisent le Site. Vous pouvez en savoir plus sur la mani\u00e8re dont Google utilise vos informations personnelles ici : https:\/\/policies.google.com\/privacy?hl=en.You. Vous pouvez \u00e9galement d\u00e9sactiver Google Analytics ici : https:\/\/tools.google.com\/dlpage\/gaoptout.<\/li>\r\n \t<li>Nous partageons avec nos partenaires publicitaires des informations sur votre utilisation du site, vos achats et votre interaction avec nos publicit\u00e9s sur d&rsquo;autres sites web. Nous collectons et partageons certaines de ces informations directement avec nos partenaires publicitaires et, dans certains cas, par le biais de cookies ou d&rsquo;autres technologies similaires (auxquelles vous pouvez consentir, en fonction de votre localisation).<\/li>\r\n<\/ul>\r\nPour plus d&rsquo;informations sur le fonctionnement de la publicit\u00e9 cibl\u00e9e, vous pouvez consulter la page \u00e9ducative de la Network Advertising Initiative (\u00ab NAI \u00bb) \u00e0 l&rsquo;adresse suivante : http:\/\/www.networkadvertising.org\/understanding-online-advertising\/how-does-it-work.\r\n\r\nVous pouvez vous opposer \u00e0 la publicit\u00e9 cibl\u00e9e en proc\u00e9dant comme suit :\r\n<ul>\r\n \t<li><i>FACEBOOK &#8211;\u00a0<\/i><a href=\"https:\/\/www.facebook.com\/settings\/?tab=ads\" target=\"_blank\" rel=\"noreferrer noopener\">https:\/\/www.facebook.com\/settings\/?tab=ads<\/a><\/li>\r\n \t<li><i>GOOGLE &#8211;\u00a0<\/i><a href=\"https:\/\/www.google.com\/settings\/ads\/anonymous\" target=\"_blank\" rel=\"noreferrer noopener\">https:\/\/www.google.com\/settings\/ads\/anonymous<\/a><\/li>\r\n \t<li><i>BING &#8211;\u00a0<\/i><a href=\"https:\/\/advertise.bingads.microsoft.com\/en-us\/resources\/policies\/personalized-ads\" target=\"_blank\" rel=\"noreferrer noopener\">https:\/\/advertise.bingads.microsoft.com\/en-us\/resources\/policies\/personalized-ads<\/a><i>]<\/i><\/li>\r\n<\/ul>\r\nEn outre, vous pouvez refuser certains de ces services en visitant le portail de d\u00e9sactivation de la Digital Advertising Alliance \u00e0 l&rsquo;adresse suivante : <a href=\"http:\/\/optout.aboutads.info\">http:\/\/optout.aboutads.info<\/a>\r\n<h1>Utilisation des informations personnelles<\/h1>\r\nNous utilisons vos informations personnelles pour vous fournir nos services, ce qui inclut : la mise en vente de produits, le traitement des paiements, l&rsquo;exp\u00e9dition et l&rsquo;ex\u00e9cution de votre commande, et la mise \u00e0 jour de nos nouveaux produits, services et offres.\r\n<h2>Base juridique<\/h2>\r\nConform\u00e9ment au R\u00e8glement g\u00e9n\u00e9ral sur la protection des donn\u00e9es ( \u00bb RGPD \u201c), si vous \u00eates un r\u00e9sident de l&rsquo;Espace \u00e9conomique europ\u00e9en (\u201d EEE \u00bb), nous traitons vos informations personnelles sur les bases l\u00e9gales suivantes :\r\n<ul>\r\n \t<li>Votre consentement ;<\/li>\r\n \t<li>L&rsquo;ex\u00e9cution du contrat entre vous et le site ;<\/li>\r\n \t<li>Respect de nos obligations l\u00e9gales ;<\/li>\r\n \t<li>Pour prot\u00e9ger vos int\u00e9r\u00eats vitaux ;<\/li>\r\n \t<li>Pour ex\u00e9cuter une t\u00e2che effectu\u00e9e dans l&rsquo;int\u00e9r\u00eat public ;<\/li>\r\n \t<li>Pour nos int\u00e9r\u00eats l\u00e9gitimes, qui ne pr\u00e9valent pas sur vos droits et libert\u00e9s fondamentaux.<\/li>\r\n<\/ul>\r\n<h2>Conservation<\/h2>\r\nLorsque vous passez une commande sur le site, nous conservons vos informations personnelles dans nos dossiers, \u00e0 moins que vous ne nous demandiez de les effacer. Pour plus d&rsquo;informations sur votre droit d&rsquo;effacement, veuillez consulter la section \u00ab Vos droits \u00bb ci-dessous.\r\n<h2>Prise de d\u00e9cision automatique<\/h2>\r\nSi vous r\u00e9sidez dans l&rsquo;EEE, vous avez le droit de vous opposer \u00e0 un traitement fond\u00e9 uniquement sur une prise de d\u00e9cision automatis\u00e9e (qui inclut le profilage), lorsque cette prise de d\u00e9cision a un effet juridique sur vous ou vous affecte de mani\u00e8re significative.\r\n\r\nNous ne nous engageons PAS dans une prise de d\u00e9cision enti\u00e8rement automatis\u00e9e qui a un effet juridique ou autrement significatif en utilisant les donn\u00e9es des clients.\r\n\r\nNotre sous-traitant Shopify utilise une prise de d\u00e9cision automatis\u00e9e limit\u00e9e pour pr\u00e9venir la fraude qui n&rsquo;a pas d&rsquo;effet l\u00e9gal ou significatif sur vous.\r\n\r\nLes services qui comprennent des \u00e9l\u00e9ments de prise de d\u00e9cision automatis\u00e9e sont les suivants :\r\n<ul>\r\n \t<li>Liste de refus temporaire des adresses IP associ\u00e9es \u00e0 des transactions \u00e9chou\u00e9es \u00e0 plusieurs reprises. Cette liste persiste pendant un petit nombre d&rsquo;heures.<\/li>\r\n \t<li>D\u00e9ni temporaire des cartes de cr\u00e9dit associ\u00e9es \u00e0 des adresses IP refus\u00e9es. Cette liste est conserv\u00e9e pendant un petit nombre de jours.<\/li>\r\n<\/ul>\r\n<h2>Vente d&rsquo;informations personnelles<\/h2>\r\nNotre site vend des informations personnelles, telles que d\u00e9finies par la loi californienne de 2018 sur la protection de la vie priv\u00e9e des consommateurs ( \u00bb CCPA \u00bb).\r\n<h2>Vos droits\r\nGDPR<\/h2>\r\nSi vous r\u00e9sidez dans l&rsquo;EEE, vous avez le droit d&rsquo;acc\u00e9der aux informations personnelles que nous d\u00e9tenons \u00e0 votre sujet, de les porter \u00e0 un nouveau service et de demander que vos informations personnelles soient corrig\u00e9es, mises \u00e0 jour ou effac\u00e9es. Si vous souhaitez exercer ces droits, veuillez nous contacter aux coordonn\u00e9es ci-dessous.\r\n\r\nVos informations personnelles seront d&rsquo;abord trait\u00e9es en Irlande, puis transf\u00e9r\u00e9es en dehors de l&rsquo;Europe pour y \u00eatre stock\u00e9es et trait\u00e9es ult\u00e9rieurement, y compris au Canada et aux \u00c9tats-Unis. Pour plus d&rsquo;informations sur la conformit\u00e9 des transferts de donn\u00e9es avec le GDPR, consultez le livre blanc GDPR de Shopify : https:\/\/help.shopify.com\/en\/manual\/your-account\/privacy\/GDPR.\r\n<h2>CCPA<\/h2>\r\nSi vous r\u00e9sidez en Californie, vous avez le droit d&rsquo;acc\u00e9der aux informations personnelles que nous d\u00e9tenons \u00e0 votre sujet (\u00e9galement connu sous le nom de \u00ab droit de savoir \u00bb), de les porter \u00e0 un nouveau service et de demander que vos informations personnelles soient corrig\u00e9es, mises \u00e0 jour ou effac\u00e9es. Si vous souhaitez exercer ces droits, veuillez nous contacter aux coordonn\u00e9es ci-dessous.\r\n\r\nSi vous souhaitez d\u00e9signer un agent autoris\u00e9 \u00e0 soumettre ces demandes en votre nom, veuillez nous contacter \u00e0 l&rsquo;adresse ci-dessous.\r\n<h2>Cookies<\/h2>\r\nUn cookie est une petite quantit\u00e9 d&rsquo;informations qui est t\u00e9l\u00e9charg\u00e9e sur votre ordinateur ou votre appareil lorsque vous visitez notre site. Nous utilisons un certain nombre de cookies diff\u00e9rents, notamment des cookies fonctionnels, de performance, de publicit\u00e9, de m\u00e9dias sociaux ou de contenu. Les cookies am\u00e9liorent votre exp\u00e9rience de navigation en permettant au site web de se souvenir de vos actions et de vos pr\u00e9f\u00e9rences (telles que la connexion et le choix de la r\u00e9gion). Cela signifie que vous n&rsquo;avez pas \u00e0 saisir ces informations \u00e0 chaque fois que vous revenez sur le site ou que vous naviguez d&rsquo;une page \u00e0 l&rsquo;autre. Les cookies fournissent \u00e9galement des informations sur la mani\u00e8re dont les internautes utilisent le site web, par exemple s&rsquo;il s&rsquo;agit de leur premi\u00e8re visite ou s&rsquo;ils sont des visiteurs fr\u00e9quents.\r\n\r\nNous utilisons les cookies suivants pour optimiser votre exp\u00e9rience sur notre site et fournir nos services.\r\n<h2>Ne pas suivre<\/h2>\r\nVeuillez noter qu&rsquo;\u00e9tant donn\u00e9 qu&rsquo;il n&rsquo;existe pas de consensus dans le secteur sur la mani\u00e8re de r\u00e9pondre aux signaux \u00ab Do Not Track \u00bb, nous ne modifions pas nos pratiques de collecte et d&rsquo;utilisation des donn\u00e9es lorsque nous d\u00e9tectons un tel signal de la part de votre navigateur.\r\n<h2>Modifications<\/h2>\r\nNous pouvons mettre \u00e0 jour la pr\u00e9sente politique de confidentialit\u00e9 de temps \u00e0 autre afin de refl\u00e9ter, par exemple, les changements apport\u00e9s \u00e0 nos pratiques ou pour d&rsquo;autres raisons op\u00e9rationnelles, juridiques ou r\u00e9glementaires.\r\n<h2>Contact<\/h2>\r\nPour de plus amples informations sur nos pratiques en mati\u00e8re de protection de la vie priv\u00e9e, si vous avez des questions ou si vous souhaitez d\u00e9poser une plainte, veuillez nous contacter par courrier \u00e9lectronique \u00e0 l&rsquo;adresse [adresse \u00e9lectronique] ou par courrier aux coordonn\u00e9es indiqu\u00e9es ci-dessous :\r\n\r\nTartu maantee 173, 75312 Peetri , Estonie\r\n\r\nDerni\u00e8re mise \u00e0 jour : 22.02.2023\r\n\r\nSi vous n&rsquo;\u00eates pas satisfait de notre r\u00e9ponse \u00e0 votre plainte, vous avez le droit de d\u00e9poser votre plainte aupr\u00e8s de l&rsquo;autorit\u00e9 comp\u00e9tente en mati\u00e8re de protection des donn\u00e9es. Vous pouvez contacter votre autorit\u00e9 locale de protection des donn\u00e9es ou notre autorit\u00e9 de contr\u00f4le \u00e0 l&rsquo;adresse suivante : <a href=\"https:\/\/ico.org.uk\/make-a-complaint\/\">https:\/\/ico.org.uk\/make-a-complaint\/<\/a>\r\n\r\n<\/div>\r\n<\/div>\t\t\t\t\t\t<\/div>\n\t\t\t\t<\/div>\n\t\t\t\t\t<\/div>\n\t\t\t\t<\/div>\n\t\t\t\t<\/div>\n\t\t","protected":false},"excerpt":{"rendered":"<p>La pr\u00e9sente politique de confidentialit\u00e9 d\u00e9crit la mani\u00e8re dont hagenbikes.com (le \u00ab site \u00bb ou \u00ab nous \u00bb) recueille, utilise [&hellip;]<\/p>\n","protected":false},"author":1,"featured_media":0,"parent":3440,"menu_order":0,"comment_status":"closed","ping_status":"closed","template":"","meta":{"site-sidebar-layout":"no-sidebar","site-content-layout":"","ast-site-content-layout":"","site-content-style":"default","site-sidebar-style":"default","ast-global-header-display":"","ast-banner-title-visibility":"","ast-main-header-display":"","ast-hfb-above-header-display":"","ast-hfb-below-header-display":"","ast-hfb-mobile-header-display":"","site-post-title":"disabled","ast-breadcrumbs-content":"","ast-featured-img":"disabled","footer-sml-layout":"","theme-transparent-header-meta":"","adv-header-id-meta":"","stick-header-meta":"","header-above-stick-meta":"","header-main-stick-meta":"","header-below-stick-meta":"","astra-migrate-meta-layouts":"default","ast-page-background-enabled":"default","ast-page-background-meta":{"desktop":{"background-color":"var(--ast-global-color-4)","background-image":"","background-repeat":"repeat","background-position":"center center","background-size":"auto","background-attachment":"scroll","background-type":"","background-media":"","overlay-type":"","overlay-color":"","overlay-opacity":"","overlay-gradient":""},"tablet":{"background-color":"","background-image":"","background-repeat":"repeat","background-position":"center center","background-size":"auto","background-attachment":"scroll","background-type":"","background-media":"","overlay-type":"","overlay-color":"","overlay-opacity":"","overlay-gradient":""},"mobile":{"background-color":"","background-image":"","background-repeat":"repeat","background-position":"center center","background-size":"auto","background-attachment":"scroll","background-type":"","background-media":"","overlay-type":"","overlay-color":"","overlay-opacity":"","overlay-gradient":""}},"ast-content-background-meta":{"desktop":{"background-color":"var(--ast-global-color-5)","background-image":"","background-repeat":"repeat","background-position":"center center","background-size":"auto","background-attachment":"scroll","background-type":"","background-media":"","overlay-type":"","overlay-color":"","overlay-opacity":"","overlay-gradient":""},"tablet":{"background-color":"var(--ast-global-color-5)","background-image":"","background-repeat":"repeat","background-position":"center center","background-size":"auto","background-attachment":"scroll","background-type":"","background-media":"","overlay-type":"","overlay-color":"","overlay-opacity":"","overlay-gradient":""},"mobile":{"background-color":"var(--ast-global-color-5)","background-image":"","background-repeat":"repeat","background-position":"center center","background-size":"auto","background-attachment":"scroll","background-type":"","background-media":"","overlay-type":"","overlay-color":"","overlay-opacity":"","overlay-gradient":""}},"footnotes":""},"class_list":["post-3300","page","type-page","status-publish","hentry"],"_links":{"self":[{"href":"https:\/\/staging.hagenbikes.com\/fr\/wp-json\/wp\/v2\/pages\/3300","targetHints":{"allow":["GET"]}}],"collection":[{"href":"https:\/\/staging.hagenbikes.com\/fr\/wp-json\/wp\/v2\/pages"}],"about":[{"href":"https:\/\/staging.hagenbikes.com\/fr\/wp-json\/wp\/v2\/types\/page"}],"author":[{"embeddable":true,"href":"https:\/\/staging.hagenbikes.com\/fr\/wp-json\/wp\/v2\/users\/1"}],"replies":[{"embeddable":true,"href":"https:\/\/staging.hagenbikes.com\/fr\/wp-json\/wp\/v2\/comments?post=3300"}],"version-history":[{"count":3,"href":"https:\/\/staging.hagenbikes.com\/fr\/wp-json\/wp\/v2\/pages\/3300\/revisions"}],"predecessor-version":[{"id":3303,"href":"https:\/\/staging.hagenbikes.com\/fr\/wp-json\/wp\/v2\/pages\/3300\/revisions\/3303"}],"up":[{"embeddable":true,"href":"https:\/\/staging.hagenbikes.com\/fr\/wp-json\/wp\/v2\/pages\/3440"}],"wp:attachment":[{"href":"https:\/\/staging.hagenbikes.com\/fr\/wp-json\/wp\/v2\/media?parent=3300"}],"curies":[{"name":"wp","href":"https:\/\/api.w.org\/{rel}","templated":true}]}}