{"id":3395,"date":"2024-08-29T15:32:30","date_gmt":"2024-08-29T15:32:30","guid":{"rendered":"https:\/\/staging.hagenbikes.com\/directive-sur-les-cookies\/"},"modified":"2024-10-10T16:38:37","modified_gmt":"2024-10-10T16:38:37","slug":"directive-sur-les-cookies","status":"publish","type":"page","link":"https:\/\/staging.hagenbikes.com\/fr\/lignes-directrices\/directive-sur-les-cookies\/","title":{"rendered":"Directive sur les cookies"},"content":{"rendered":"\t\t<div data-elementor-type=\"wp-page\" data-elementor-id=\"3395\" class=\"elementor elementor-3395 elementor-1757\">\n\t\t\t\t<div class=\"elementor-element elementor-element-d3d952b e-flex e-con-boxed e-con e-parent\" data-id=\"d3d952b\" data-element_type=\"container\">\n\t\t\t\t\t<div class=\"e-con-inner\">\n\t\t\t\t<div class=\"elementor-element elementor-element-05426ba elementor-widget elementor-widget-text-editor\" data-id=\"05426ba\" data-element_type=\"widget\" data-widget_type=\"text-editor.default\">\n\t\t\t\t<div class=\"elementor-widget-container\">\n\t\t\t\t\t\t\t<div class=\"row\">\n<div class=\"col-sm-12 col-md-8\">\n<div class=\"tt-box-faq-listing\">\n<div class=\"row\">\n<div class=\"col-sm-12 col-md-8\">\n<div class=\"tt-box-faq\">\n<h6 class=\"tt-title\">Qu&rsquo;est-ce que les cookies ?<\/h6>\n<p>Comme la plupart des sites Web professionnels, ce site Web utilise des cookies, de petites donn\u00e9es qui sont transf\u00e9r\u00e9es sur votre ordinateur afin d&rsquo;am\u00e9liorer votre exp\u00e9rience. Cette page d\u00e9crit les informations qu&rsquo;elle contient, la mani\u00e8re dont nous les utilisons et la raison pour laquelle nous devons utiliser ces cookies \u00e0 plusieurs reprises. Nous vous informons \u00e9galement que vous pouvez \u00eatre s\u00fbrs que ces cookies sont utilis\u00e9s, mais que certains \u00e9l\u00e9ments de la fonctionnalit\u00e9 du site Web peuvent \u00eatre modifi\u00e9s ou supprim\u00e9s.  <\/p>\n<\/div>\n<\/div>\n<\/div>\n<\/div>\n<div class=\"tt-box-faq-listing\">\n<div class=\"row\">\n<div class=\"col-sm-12 col-md-2\"> <\/div>\n<div class=\"col-sm-12 col-md-8\">\n<div class=\"tt-box-faq\">\n<h6 class=\"tt-title\">Comment nous utilisons les cookies<\/h6>\n<p>Nous utilisons des cookies provenant de plusieurs sources, comme indiqu\u00e9 ci-dessous. Toutefois, dans la plupart des cas, il n&rsquo;existe pas d&rsquo;option globale permettant de d\u00e9sactiver les cookies, \u00e0 l&rsquo;exception de la fonctionnalit\u00e9 et des caract\u00e9ristiques de ce site Web, qui doivent \u00eatre enti\u00e8rement d\u00e9sactiv\u00e9es. Nous vous conseillons d&rsquo;activer tous les cookies, m\u00eame si vous n&rsquo;\u00eates pas s\u00fbrs qu&rsquo;ils vous conviennent ou non, car ils peuvent \u00eatre utilis\u00e9s pour la cr\u00e9ation d&rsquo;un service de votre choix.  <\/p>\n<\/div>\n<\/div>\n<\/div>\n<\/div>\n<div class=\"tt-box-faq-listing\">\n<div class=\"row\">\n<div class=\"col-sm-12 col-md-2\"> <\/div>\n<div class=\"col-sm-12 col-md-8\">\n<div class=\"tt-box-faq\">\n<h6 class=\"tt-title\">D\u00e9clarer les cookies<\/h6>\n<p>Vous pouvez param\u00e9trer les cookies \u00e0 condition de respecter les param\u00e8tres de votre navigateur (vous trouverez des informations \u00e0 ce sujet dans la rubrique \u00ab\u00a0Aide aux navigateurs\u00a0\u00bb). Notez que la d\u00e9sactivation des cookies n&rsquo;affecte pas la fonctionnalit\u00e9 de ces sites web et de bien d&rsquo;autres sites web que vous utilisez. La d\u00e9sactivation des cookies entra\u00eene normalement aussi la d\u00e9sactivation de certaines fonctions et fonctionnalit\u00e9s de ce site web. C&rsquo;est pourquoi nous vous demandons de ne pas d\u00e9sactiver les cookies.   <\/p>\n<\/div>\n<\/div>\n<\/div>\n<\/div>\n<div class=\"tt-box-faq-listing\">\n<div class=\"row\">\n<div class=\"col-sm-12 col-md-2\"> <\/div>\n<div class=\"col-sm-12 col-md-8\">\n<div class=\"tt-box-faq\">\n<h6 class=\"tt-title\">Les cookies que nous installons<\/h6>\n<p><strong>Cookies Kontobezogene<\/strong><\/p>\n<p>Lorsque vous cr\u00e9ez un compte chez nous, nous utilisons des cookies pour la gestion des comptes et la gestion g\u00e9n\u00e9rale. Ces cookies sont normalement d\u00e9sactiv\u00e9s lorsque vous les utilisez ; dans certains cas, ils peuvent m\u00eame \u00eatre d\u00e9sactiv\u00e9s en cours de route pour vous permettre d&rsquo;utiliser les informations de votre site Web lorsque vous les utilisez. <\/p>\n<p><strong>Cookies anonymes<\/strong><\/p>\n<p>Nous utilisons des cookies lorsque vous \u00eates connect\u00e9, afin que nous puissions vous remercier. Cela signifie que vous devez changer de site \u00e0 chaque fois que vous visitez un nouveau site. Ces cookies sont normalement supprim\u00e9s ou gel\u00e9s lorsque vous les utilisez, afin de vous assurer que vous ne pouvez acc\u00e9der qu&rsquo;\u00e0 des fonctions et \u00e0 des domaines sp\u00e9cifiques, si vous \u00eates int\u00e9ress\u00e9s.  <\/p>\n<p><strong>Cookies pour l&rsquo;envoi de lettres d&rsquo;information par courrier \u00e9lectronique<\/strong><\/p>\n<p>Ce site Web propose des services de newsletter ou d&rsquo;abonnement par courrier \u00e9lectronique, et des cookies peuvent \u00eatre utilis\u00e9s pour v\u00e9rifier si vous \u00eates d\u00e9j\u00e0 inscrit et si les informations fournies sont suffisantes, m\u00eame si elles ne s&rsquo;adressent qu&rsquo;aux utilisateurs inscrits\/abonn\u00e9s.<\/p>\n<p><strong>Les offres sont trait\u00e9es avec des cookies volatils<\/strong><\/p>\n<p>Ce site Web offre des possibilit\u00e9s de commerce \u00e9lectronique ou de vente au d\u00e9tail et certains cookies sont utilis\u00e9s pour v\u00e9rifier que votre commande a \u00e9t\u00e9 effectu\u00e9e entre les deux pages, ce qui nous permet de la traiter de mani\u00e8re ordonn\u00e9e.<\/p>\n<p><strong>Cookies de substitution<\/strong><\/p>\n<p>De temps \u00e0 autre, nous fournissons des informations et des \u00e9l\u00e9ments d&rsquo;information sur les produits, afin que vous puissiez b\u00e9n\u00e9ficier d&rsquo;informations int\u00e9ressantes et d&rsquo;outils utiles ou que vous puissiez mieux comprendre notre base de donn\u00e9es de produits. Nous pouvons utiliser des cookies pour vous aider \u00e0 comprendre si vous avez d\u00e9j\u00e0 particip\u00e9 \u00e0 une action ou pour vous aider \u00e0 obtenir des r\u00e9sultats positifs \u00e0 la suite d&rsquo;un changement de page. <\/p>\n<p><strong>Formularbezogene Cookies<\/strong><\/p>\n<p>Si vous transmettez des donn\u00e9es par le biais d&rsquo;un formulaire, comme c&rsquo;est le cas sur les sites de contact ou les formulaires de commentaires, des cookies peuvent \u00eatre utilis\u00e9s pour enrichir vos donn\u00e9es personnelles en vue d&rsquo;une correspondance future.<\/p>\n<p><strong>Formularbezogene Cookies<\/strong><\/p>\n<p>Si vous transmettez des donn\u00e9es par le biais d&rsquo;un formulaire, comme c&rsquo;est le cas sur les sites de contact ou les formulaires de commentaires, des cookies peuvent \u00eatre utilis\u00e9s pour enrichir vos donn\u00e9es personnelles en vue d&rsquo;une correspondance future.<\/p>\n<p><strong>Site Internet-Einstellungen-Cookies<\/strong><\/p>\n<p>Afin de vous offrir une exp\u00e9rience inoubliable sur ce site, nous avons mis en place une fonctionnalit\u00e9 qui vous permet d&rsquo;obtenir vos pr\u00e9f\u00e9rences pour l&rsquo;utilisation de ce site, lorsque vous en faites usage. Afin de pr\u00e9ciser vos pr\u00e9f\u00e9rences, nous devons installer des cookies, de sorte que ces informations puissent \u00eatre supprim\u00e9es lorsque vous interagissez avec un site sur lequel vos pr\u00e9f\u00e9rences sont prises en compte. <\/p>\n<\/div>\n<\/div>\n<\/div>\n<\/div>\n<div class=\"tt-box-faq-listing\">\n<div class=\"row\">\n<div class=\"col-sm-12 col-md-2\"> <\/div>\n<div class=\"col-sm-12 col-md-8\">\n<div class=\"tt-box-faq\">\n<h6 class=\"tt-title\">Cookies des fournisseurs d&rsquo;acc\u00e8s<\/h6>\n<p>Dans certaines parties du site, nous utilisons \u00e9galement des cookies qui ont \u00e9t\u00e9 cr\u00e9\u00e9s par des fournisseurs d&rsquo;acc\u00e8s \u00e0 Internet reconnus. Le tableau suivant indique quels sont les cookies des fournisseurs de services que vous pouvez utiliser sur ce site Web. <\/p>\n<ul class=\"tt-list-dot\">\n<li>Ce site Web utilise Google Analytics, l&rsquo;une des solutions d&rsquo;analyse les plus r\u00e9pandues et les plus performantes d&rsquo;Internet, qui nous aide \u00e0 comprendre comment vous utilisez le site Web et comment nous pouvons am\u00e9liorer votre exp\u00e9rience. Ces cookies permettent notamment de savoir combien de temps vous avez pass\u00e9 sur le site web et quelles pages vous avez consult\u00e9es, ce qui nous permet d&rsquo;afficher d&rsquo;autres informations plus d\u00e9taill\u00e9es. Vous trouverez d&rsquo;autres informations sur les cookies de Google Analytics sur le site officiel de Google Analytics.  <\/li>\n<li>De temps \u00e0 autre, nous testons de nouvelles fonctions et ne proc\u00e9dons \u00e0 aucune modification subtile de l&rsquo;art et de la mani\u00e8re dont le site Web est mis \u00e0 jour. Si nous ne testons pas de nouvelles fonctions, nous pouvons utiliser ces cookies pour vous assurer que vous obtenez un r\u00e9sultat coh\u00e9rent sur le site web, et pour vous assurer que nous comprenons les optimisations que nos utilisateurs recherchent le plus souvent. <\/li>\n<li>Nous utilisons sur ce site Web des filtres et\/ou des plugins pour les m\u00e9dias sociaux, qui vous permettent de vous connecter de diff\u00e9rentes mani\u00e8res \u00e0 votre r\u00e9seau social. Pour ce faire, les sites web de m\u00e9dias sociaux suivants, notamment Facebook et Instagram, installent des cookies sur notre site web, qui peuvent \u00eatre utilis\u00e9s pour am\u00e9liorer votre profil sur leur site web ou pour enregistrer les donn\u00e9es qu&rsquo;ils ont collect\u00e9es pour diff\u00e9rents domaines et qui sont r\u00e9pertori\u00e9es dans les lignes directrices sur la protection des donn\u00e9es de ces sites web. <\/li>\n<\/ul>\n<\/div>\n<\/div>\n<\/div>\n<\/div>\n<div class=\"tt-box-faq-listing\">\n<div class=\"row\">\n<div class=\"col-sm-12 col-md-2\"> <\/div>\n<div class=\"col-sm-12 col-md-8\">\n<div class=\"tt-box-faq\">\n<h6 class=\"tt-title\">Plus d&rsquo;informations<\/h6>\n<p>Il est normalement plus s\u00fbr d&rsquo;activer les cookies, si ceux-ci sont associ\u00e9s \u00e0 l&rsquo;une des fonctions que vous utilisez sur notre site web.<\/p>\n<p>Si vous souhaitez toutefois obtenir d&rsquo;autres informations, vous pouvez nous contacter en utilisant l&rsquo;une de nos meilleures m\u00e9thodes de contact :<\/p>\n<ul class=\"tt-list-dot\">\n<li>Pour consulter ces liens <a href=\"https:\/\/hagenbikes.com\/de\/pages\/hagenbikes.com\">: <\/a> https:\/\/hagenbikes.com  <\/li>\n<\/ul>\n<\/div>\n<\/div>\n<\/div>\n<\/div>\n<\/div>\n<\/div>\n<div class=\"tt-box-faq-listing\">\n<div class=\"row\">\n<div class=\"col-sm-12 col-md-8\">\n<div class=\"tt-box-faq\">\n<ul class=\"tt-list-dot\">\n<li> <\/li>\n<\/ul>\n<\/div>\n<\/div>\n<\/div>\n<\/div>\n\t\t\t\t\t\t<\/div>\n\t\t\t\t<\/div>\n\t\t\t\t\t<\/div>\n\t\t\t\t<\/div>\n\t\t\t\t<\/div>\n\t\t","protected":false},"excerpt":{"rendered":"<p>Qu&rsquo;est-ce que les cookies ? Comme la plupart des sites Web professionnels, ce site Web utilise des cookies, de petites [&hellip;]<\/p>\n","protected":false},"author":1,"featured_media":0,"parent":3434,"menu_order":0,"comment_status":"closed","ping_status":"closed","template":"","meta":{"site-sidebar-layout":"no-sidebar","site-content-layout":"","ast-site-content-layout":"full-width-container","site-content-style":"default","site-sidebar-style":"default","ast-global-header-display":"","ast-banner-title-visibility":"","ast-main-header-display":"","ast-hfb-above-header-display":"","ast-hfb-below-header-display":"","ast-hfb-mobile-header-display":"","site-post-title":"disabled","ast-breadcrumbs-content":"","ast-featured-img":"disabled","footer-sml-layout":"","theme-transparent-header-meta":"","adv-header-id-meta":"","stick-header-meta":"","header-above-stick-meta":"","header-main-stick-meta":"","header-below-stick-meta":"","astra-migrate-meta-layouts":"default","ast-page-background-enabled":"default","ast-page-background-meta":{"desktop":{"background-color":"var(--ast-global-color-4)","background-image":"","background-repeat":"repeat","background-position":"center center","background-size":"auto","background-attachment":"scroll","background-type":"","background-media":"","overlay-type":"","overlay-color":"","overlay-opacity":"","overlay-gradient":""},"tablet":{"background-color":"","background-image":"","background-repeat":"repeat","background-position":"center center","background-size":"auto","background-attachment":"scroll","background-type":"","background-media":"","overlay-type":"","overlay-color":"","overlay-opacity":"","overlay-gradient":""},"mobile":{"background-color":"","background-image":"","background-repeat":"repeat","background-position":"center center","background-size":"auto","background-attachment":"scroll","background-type":"","background-media":"","overlay-type":"","overlay-color":"","overlay-opacity":"","overlay-gradient":""}},"ast-content-background-meta":{"desktop":{"background-color":"var(--ast-global-color-5)","background-image":"","background-repeat":"repeat","background-position":"center center","background-size":"auto","background-attachment":"scroll","background-type":"","background-media":"","overlay-type":"","overlay-color":"","overlay-opacity":"","overlay-gradient":""},"tablet":{"background-color":"var(--ast-global-color-5)","background-image":"","background-repeat":"repeat","background-position":"center center","background-size":"auto","background-attachment":"scroll","background-type":"","background-media":"","overlay-type":"","overlay-color":"","overlay-opacity":"","overlay-gradient":""},"mobile":{"background-color":"var(--ast-global-color-5)","background-image":"","background-repeat":"repeat","background-position":"center center","background-size":"auto","background-attachment":"scroll","background-type":"","background-media":"","overlay-type":"","overlay-color":"","overlay-opacity":"","overlay-gradient":""}},"footnotes":""},"class_list":["post-3395","page","type-page","status-publish","hentry"],"_links":{"self":[{"href":"https:\/\/staging.hagenbikes.com\/fr\/wp-json\/wp\/v2\/pages\/3395","targetHints":{"allow":["GET"]}}],"collection":[{"href":"https:\/\/staging.hagenbikes.com\/fr\/wp-json\/wp\/v2\/pages"}],"about":[{"href":"https:\/\/staging.hagenbikes.com\/fr\/wp-json\/wp\/v2\/types\/page"}],"author":[{"embeddable":true,"href":"https:\/\/staging.hagenbikes.com\/fr\/wp-json\/wp\/v2\/users\/1"}],"replies":[{"embeddable":true,"href":"https:\/\/staging.hagenbikes.com\/fr\/wp-json\/wp\/v2\/comments?post=3395"}],"version-history":[{"count":1,"href":"https:\/\/staging.hagenbikes.com\/fr\/wp-json\/wp\/v2\/pages\/3395\/revisions"}],"predecessor-version":[{"id":3397,"href":"https:\/\/staging.hagenbikes.com\/fr\/wp-json\/wp\/v2\/pages\/3395\/revisions\/3397"}],"up":[{"embeddable":true,"href":"https:\/\/staging.hagenbikes.com\/fr\/wp-json\/wp\/v2\/pages\/3434"}],"wp:attachment":[{"href":"https:\/\/staging.hagenbikes.com\/fr\/wp-json\/wp\/v2\/media?parent=3395"}],"curies":[{"name":"wp","href":"https:\/\/api.w.org\/{rel}","templated":true}]}}