{"id":3449,"date":"2024-09-04T16:29:47","date_gmt":"2024-09-04T16:29:47","guid":{"rendered":"https:\/\/staging.hagenbikes.com\/sortie-fr\/"},"modified":"2024-10-10T17:44:04","modified_gmt":"2024-10-10T17:44:04","slug":"sortie-fr","status":"publish","type":"page","link":"https:\/\/staging.hagenbikes.com\/fr\/sortie-fr\/","title":{"rendered":"Sortie fr"},"content":{"rendered":"\t\t<div data-elementor-type=\"wp-page\" data-elementor-id=\"3449\" class=\"elementor elementor-3449 elementor-1898\">\n\t\t\t\t<div class=\"elementor-element elementor-element-d3d952b e-flex e-con-boxed e-con e-parent\" data-id=\"d3d952b\" data-element_type=\"container\">\n\t\t\t\t\t<div class=\"e-con-inner\">\n\t\t\t\t<div class=\"elementor-element elementor-element-9156f79 elementor-widget elementor-widget-heading\" data-id=\"9156f79\" data-element_type=\"widget\" data-widget_type=\"heading.default\">\n\t\t\t\t<div class=\"elementor-widget-container\">\n\t\t\t<h2 class=\"elementor-heading-title elementor-size-default\">Sortie<\/h2>\t\t<\/div>\n\t\t\t\t<\/div>\n\t\t\t\t\t<\/div>\n\t\t\t\t<\/div>\n\t\t<div class=\"elementor-element elementor-element-90aab56 e-flex e-con-boxed e-con e-parent\" data-id=\"90aab56\" data-element_type=\"container\">\n\t\t\t\t\t<div class=\"e-con-inner\">\n\t\t<div class=\"elementor-element elementor-element-95c84e3 e-con-full e-flex e-con e-child\" data-id=\"95c84e3\" data-element_type=\"container\">\n\t\t\t\t<div class=\"elementor-element elementor-element-58e2ca6 elementor-widget elementor-widget-heading\" data-id=\"58e2ca6\" data-element_type=\"widget\" data-widget_type=\"heading.default\">\n\t\t\t\t<div class=\"elementor-widget-container\">\n\t\t\t<h2 class=\"elementor-heading-title elementor-size-default\">Description<\/h2>\t\t<\/div>\n\t\t\t\t<\/div>\n\t\t\t\t<div class=\"elementor-element elementor-element-f2bcd46 elementor-widget elementor-widget-text-editor\" data-id=\"f2bcd46\" data-element_type=\"widget\" data-widget_type=\"text-editor.default\">\n\t\t\t\t<div class=\"elementor-widget-container\">\n\t\t\t\t\t\t\t<p>Nous sommes convaincus que chacun devrait avoir la possibilit\u00e9 de poss\u00e9der et de profiter de son propre v\u00e9lo cargo Hagen. Chaque v\u00e9lo cargo que nous produisons doit aussi \u00eatre roul\u00e9, m\u00eame les v\u00e9los de d\u00e9monstration dans des expositions ou ceux pr\u00e9sentant des d\u00e9fauts mineurs. Ces v\u00e9los sont tout ce dont vous avez besoin \u00e0 un prix que votre portefeuille va adorer. Contactez-nous, car nous avons peut-\u00eatre le tr\u00e9sor que vous \u00e9tiez en train de chercher.   <\/p>\n<h4 class=\"clr-black\">Caract\u00e9ristiques principales<\/h4>\n<p> <a style=\"color: #ffcf07;\"> &#8211;<\/a><span style=\"font-size: 16px;\"> Garantie usine<\/span><br \/><a style=\"color: #ffcf07;\"> &#8211;<\/a><span style=\"font-size: 16px;\"> Exp\u00e9dition rapide<\/span><br \/><a style=\"color: #ffcf07;\"> &#8211;<\/a><span style=\"font-size: 16px;\"> Aussi bon que neuf<\/span><\/p>\n<h4 class=\"clr-black\">Options additionnelles<\/h4>\n<p> <a style=\"color: #ffcf07;\"> &#8211;<\/a><span style=\"font-size: 16px;\"> Possibilit\u00e9 d&rsquo;ajouter tous les accessoires neufs<\/span><\/p>\n\t\t\t\t\t\t<\/div>\n\t\t\t\t<\/div>\n\t\t\t\t<div class=\"elementor-element elementor-element-ecc1aab elementor-align-center elementor-widget elementor-widget-button\" data-id=\"ecc1aab\" data-element_type=\"widget\" data-widget_type=\"button.default\">\n\t\t\t\t<div class=\"elementor-widget-container\">\n\t\t\t\t\t<div class=\"elementor-button-wrapper\">\n\t\t\t<a class=\"elementor-button elementor-button-link elementor-size-sm\" href=\"https:\/\/staging.hagenbikes.com\/fr\/pages\/contact\/\">\n\t\t\t\t\t\t<span class=\"elementor-button-content-wrapper\">\n\t\t\t\t\t\t\t\t\t<span class=\"elementor-button-text\">Contactez-nous<\/span>\n\t\t\t\t\t<\/span>\n\t\t\t\t\t<\/a>\n\t\t<\/div>\n\t\t\t\t<\/div>\n\t\t\t\t<\/div>\n\t\t\t\t<\/div>\n\t\t<div class=\"elementor-element elementor-element-77fb3ce e-con-full e-flex e-con e-child\" data-id=\"77fb3ce\" data-element_type=\"container\">\n\t\t\t\t<div class=\"elementor-element elementor-element-e708475 elementor-widget elementor-widget-image\" data-id=\"e708475\" data-element_type=\"widget\" data-widget_type=\"image.default\">\n\t\t\t\t<div class=\"elementor-widget-container\">\n\t\t\t\t\t\t\t\t\t\t\t\t\t<img fetchpriority=\"high\" decoding=\"async\" width=\"580\" height=\"387\" src=\"https:\/\/staging.hagenbikes.com\/wp-content\/uploads\/2024\/08\/mini-e-cargo_580x.webp\" class=\"attachment-large size-large wp-image-1427\" alt=\"\" srcset=\"https:\/\/staging.hagenbikes.com\/wp-content\/uploads\/2024\/08\/mini-e-cargo_580x.webp 580w, https:\/\/staging.hagenbikes.com\/wp-content\/uploads\/2024\/08\/mini-e-cargo_580x-300x200.webp 300w\" sizes=\"(max-width: 580px) 100vw, 580px\" \/>\t\t\t\t\t\t\t\t\t\t\t\t\t<\/div>\n\t\t\t\t<\/div>\n\t\t\t\t<\/div>\n\t\t\t\t\t<\/div>\n\t\t\t\t<\/div>\n\t\t<div class=\"elementor-element elementor-element-4384a73 e-flex e-con-boxed e-con e-parent\" data-id=\"4384a73\" data-element_type=\"container\">\n\t\t\t\t\t<div class=\"e-con-inner\">\n\t\t\t\t<div class=\"elementor-element elementor-element-d492407 premium-woo-product-align-center premium-qv-hidden-yes elementor-widget elementor-widget-premium-woo-products\" data-id=\"d492407\" data-element_type=\"widget\" data-widget_type=\"premium-woo-products.grid-2\">\n\t\t\t\t<div class=\"elementor-widget-container\">\n\t\t\t<div class=\"premium-woocommerce premium-woo-products-grid premium-woo-skin-grid-2 premium-woo-query-custom\" data-page-id=\"3449\" data-skin=\"grid_2\" data-quick-view=\"\"><div class=\"premium-woo-products-inner\"><ul class=\"products columns-2\">\n\n<li class=\"post-3338 product first instock sale shipping-taxable purchasable product-type-variable has-default-attributes\">\n\t<div class=\"premium-woo-product-wrapper\">\n\t\t<div class=\"premium-woo-product-thumbnail\"><div class=\"premium-woo-ribbon-container\">\t<div class=\"premium-woo-product-sale-wrap\">\n\t\t<span class=\"premium-woo-product-onsale\">Promo\u00a0! <\/span>\n\t<\/div>\n\t<\/div><a href=\"https:\/\/staging.hagenbikes.com\/fr\/shop\/sortie\/mini-e-cargo-bike-53-cm\/\" class=\"woocommerce-LoopProduct-link woocommerce-loop-product__link\"><img decoding=\"async\" src=\"https:\/\/staging.hagenbikes.com\/wp-content\/uploads\/2024\/08\/Hagen-Cago-eBike-Mini-Yellow_2_1024x1024.webp\" alt=\"\"><\/a><div class=\"premium-woo-products-details-wrap\"><div class=\"premium-woo-product-details\"><a href=\"https:\/\/staging.hagenbikes.com\/fr\/shop\/sortie\/mini-e-cargo-bike-53-cm\/\" class=\"premium-woo-product__link\"><h2 class=\"woocommerce-loop-product__title\">Mini e-Cargo Bike (53 cm)<\/h2><\/a>\n\t<span class=\"price\"><span class=\"woocommerce-Price-amount amount\"><bdi>3990,00&nbsp;<span class=\"woocommerce-Price-currencySymbol\">&euro;<\/span><\/bdi><\/span> &ndash; <span class=\"woocommerce-Price-amount amount\"><bdi>4699,00&nbsp;<span class=\"woocommerce-Price-currencySymbol\">&euro;<\/span><\/bdi><\/span><\/span>\n<\/div><div class=\"premium-woo-product-actions-wrapper\"><div class=\"premium-woo-atc-button\" data-variations=&quot;true&quot;><a href=\"https:\/\/staging.hagenbikes.com\/fr\/shop\/sortie\/mini-e-cargo-bike-53-cm\/\" aria-describedby=\"woocommerce_loop_add_to_cart_link_describedby_3338\" data-quantity=\"1\" class=\"button product_type_variable add_to_cart_button\" data-product_id=\"3338\" data-product_sku=\"\" aria-label=\"S\u00e9lectionner les options pour &ldquo;Mini e-Cargo Bike (53 cm)&rdquo;\" rel=\"nofollow\">Choix des options<\/a>\t<span id=\"woocommerce_loop_add_to_cart_link_describedby_3338\" class=\"screen-reader-text\">\n\t\tCe produit a plusieurs variations. Les options peuvent \u00eatre choisies sur la page du produit\t<\/span>\n<\/div><\/div><\/div><\/div>\t<\/div>\n<\/li>\n<\/ul>\n<\/div><\/div>\t\t<\/div>\n\t\t\t\t<\/div>\n\t\t\t\t\t<\/div>\n\t\t\t\t<\/div>\n\t\t\t\t<\/div>\n\t\t","protected":false},"excerpt":{"rendered":"<p>Sortie Description Nous sommes convaincus que chacun devrait avoir la possibilit\u00e9 de poss\u00e9der et de profiter de son propre v\u00e9lo [&hellip;]<\/p>\n","protected":false},"author":1,"featured_media":0,"parent":0,"menu_order":0,"comment_status":"closed","ping_status":"closed","template":"","meta":{"site-sidebar-layout":"no-sidebar","site-content-layout":"","ast-site-content-layout":"full-width-container","site-content-style":"default","site-sidebar-style":"default","ast-global-header-display":"","ast-banner-title-visibility":"","ast-main-header-display":"","ast-hfb-above-header-display":"","ast-hfb-below-header-display":"","ast-hfb-mobile-header-display":"","site-post-title":"disabled","ast-breadcrumbs-content":"","ast-featured-img":"disabled","footer-sml-layout":"","theme-transparent-header-meta":"","adv-header-id-meta":"","stick-header-meta":"","header-above-stick-meta":"","header-main-stick-meta":"","header-below-stick-meta":"","astra-migrate-meta-layouts":"default","ast-page-background-enabled":"default","ast-page-background-meta":{"desktop":{"background-color":"var(--ast-global-color-4)","background-image":"","background-repeat":"repeat","background-position":"center center","background-size":"auto","background-attachment":"scroll","background-type":"","background-media":"","overlay-type":"","overlay-color":"","overlay-opacity":"","overlay-gradient":""},"tablet":{"background-color":"","background-image":"","background-repeat":"repeat","background-position":"center center","background-size":"auto","background-attachment":"scroll","background-type":"","background-media":"","overlay-type":"","overlay-color":"","overlay-opacity":"","overlay-gradient":""},"mobile":{"background-color":"","background-image":"","background-repeat":"repeat","background-position":"center center","background-size":"auto","background-attachment":"scroll","background-type":"","background-media":"","overlay-type":"","overlay-color":"","overlay-opacity":"","overlay-gradient":""}},"ast-content-background-meta":{"desktop":{"background-color":"var(--ast-global-color-5)","background-image":"","background-repeat":"repeat","background-position":"center center","background-size":"auto","background-attachment":"scroll","background-type":"","background-media":"","overlay-type":"","overlay-color":"","overlay-opacity":"","overlay-gradient":""},"tablet":{"background-color":"var(--ast-global-color-5)","background-image":"","background-repeat":"repeat","background-position":"center center","background-size":"auto","background-attachment":"scroll","background-type":"","background-media":"","overlay-type":"","overlay-color":"","overlay-opacity":"","overlay-gradient":""},"mobile":{"background-color":"var(--ast-global-color-5)","background-image":"","background-repeat":"repeat","background-position":"center center","background-size":"auto","background-attachment":"scroll","background-type":"","background-media":"","overlay-type":"","overlay-color":"","overlay-opacity":"","overlay-gradient":""}},"footnotes":""},"class_list":["post-3449","page","type-page","status-publish","hentry","desktop-align-left","tablet-align-left","mobile-align-left"],"_links":{"self":[{"href":"https:\/\/staging.hagenbikes.com\/fr\/wp-json\/wp\/v2\/pages\/3449","targetHints":{"allow":["GET"]}}],"collection":[{"href":"https:\/\/staging.hagenbikes.com\/fr\/wp-json\/wp\/v2\/pages"}],"about":[{"href":"https:\/\/staging.hagenbikes.com\/fr\/wp-json\/wp\/v2\/types\/page"}],"author":[{"embeddable":true,"href":"https:\/\/staging.hagenbikes.com\/fr\/wp-json\/wp\/v2\/users\/1"}],"replies":[{"embeddable":true,"href":"https:\/\/staging.hagenbikes.com\/fr\/wp-json\/wp\/v2\/comments?post=3449"}],"version-history":[{"count":2,"href":"https:\/\/staging.hagenbikes.com\/fr\/wp-json\/wp\/v2\/pages\/3449\/revisions"}],"predecessor-version":[{"id":3455,"href":"https:\/\/staging.hagenbikes.com\/fr\/wp-json\/wp\/v2\/pages\/3449\/revisions\/3455"}],"wp:attachment":[{"href":"https:\/\/staging.hagenbikes.com\/fr\/wp-json\/wp\/v2\/media?parent=3449"}],"curies":[{"name":"wp","href":"https:\/\/api.w.org\/{rel}","templated":true}]}}