{"id":3578,"date":"2024-09-11T15:28:37","date_gmt":"2024-09-11T15:28:37","guid":{"rendered":"https:\/\/staging.hagenbikes.com\/pages-2\/garantie\/"},"modified":"2024-10-10T17:44:49","modified_gmt":"2024-10-10T17:44:49","slug":"garantie","status":"publish","type":"page","link":"https:\/\/staging.hagenbikes.com\/fr\/pages-2\/garantie\/","title":{"rendered":"Garantie"},"content":{"rendered":"\t\t<div data-elementor-type=\"wp-page\" data-elementor-id=\"3578\" class=\"elementor elementor-3578 elementor-2059\">\n\t\t\t\t<div class=\"elementor-element elementor-element-d3d952b e-flex e-con-boxed e-con e-parent\" data-id=\"d3d952b\" data-element_type=\"container\">\n\t\t\t\t\t<div class=\"e-con-inner\">\n\t\t\t\t<div class=\"elementor-element elementor-element-9156f79 elementor-widget elementor-widget-heading\" data-id=\"9156f79\" data-element_type=\"widget\" data-widget_type=\"heading.default\">\n\t\t\t\t<div class=\"elementor-widget-container\">\n\t\t\t<h2 class=\"elementor-heading-title elementor-size-default\">Garantie<\/h2>\t\t<\/div>\n\t\t\t\t<\/div>\n\t\t\t\t<div class=\"elementor-element elementor-element-05426ba elementor-widget elementor-widget-text-editor\" data-id=\"05426ba\" data-element_type=\"widget\" data-widget_type=\"text-editor.default\">\n\t\t\t\t<div class=\"elementor-widget-container\">\n\t\t\t\t\t\t\t<div class=\"tt-box-faq\">\n<h6 class=\"tt-title\">Garantie et garantie \u00e9tendue  <\/h6>\n<p>Il est important pour nous que votre v\u00e9lo soit toujours en bonne condition, et que vous en soyez pleinement satisfait.<br \/>\nCela dit, si des probl\u00e8mes devraient survenir, en plus de la garantie l\u00e9gale dont vous b\u00e9n\u00e9ficiez, nous offrons \u00e9galement une garantie \u00e9tendue de 5 ans sur nos cadres, les composants con\u00e7us par Hagen Bikes et les fourches \u00e0 compter de la date d&rsquo;achat. <\/p>\n<\/div>\n<div class=\"tt-box-faq\">\n<h6 class=\"tt-title\">Garantie de base<\/h6>\n<\/div>\n<div class=\"tt-box-faq\">\n<p> <a style=\"color: #ffcf07;\"> &#8211;<\/a><span style=\"font-size: 16px;\"> 2 ans \u00e0 compter de la date de livraison<br \/><\/span><a style=\"color: #ffcf07;\"> &#8211; <\/a><span style=\"font-size: 16px;\">Ind\u00e9pendant du propri\u00e9taire<br \/><\/span><a style=\"color: #ffcf07;\"> &#8211; <\/a><span style=\"font-size: 16px;\">Uniquement pour les d\u00e9fauts mat\u00e9riaux et de fabrication qui existaient d\u00e9j\u00e0 lors de la livraison<br \/><\/span><a style=\"color: #ffcf07;\"> &#8211;<\/a><span style=\"font-size: 16px;\"> Nous r\u00e9glons les frais de r\u00e9paration, exp\u00e9dition et douanes (le cas \u00e9ch\u00e9ant)<br \/><\/span><\/p>\n<\/div>\n<div class=\"tt-box-faq\">\n<p><strong>Garantie \u00e9tendue<\/strong><\/p>\n<p><a style=\"color: #ffcf07;\">   <\/a><a style=\"color: #ffcf07;\">&#8211;<\/a><span style=\"font-size: 16px;\"> 2 ans \u00e0 compter de la date d&rsquo;achat<br \/><\/span><a style=\"color: #ffcf07;\">   <\/a><a style=\"color: #ffcf07;\">&#8211;<\/a><span style=\"font-size: 16px;\"> Uniquement pour le premier propri\u00e9taire<br \/><\/span><a style=\"color: #ffcf07;\">   <\/a><a style=\"color: #ffcf07;\">&#8211;<\/a><span style=\"font-size: 16px;\"> Uniquement pour les d\u00e9fauts mat\u00e9riaux et de fabrication qui existaient d\u00e9j\u00e0 lors de la livraison<br \/><\/span><a style=\"color: #ffcf07;\">   <\/a><a style=\"color: #ffcf07;\">&#8211;<\/a><span style=\"font-size: 16px;\"> Pour toutes les pi\u00e8ces con\u00e7ues par Hagen Bikes (cadre, fourche, etc)<br \/><\/span><a style=\"color: #ffcf07;\">   <\/a><a style=\"color: #ffcf07;\">&#8211;<\/a><span style=\"font-size: 16px;\"> Le client r\u00e8gle les frais de r\u00e9paration, exp\u00e9dition et douanes (le cas \u00e9ch\u00e9ant)<\/span><\/p>\n<\/div>\n\t\t\t\t\t\t<\/div>\n\t\t\t\t<\/div>\n\t\t\t\t\t<\/div>\n\t\t\t\t<\/div>\n\t\t\t\t<\/div>\n\t\t","protected":false},"excerpt":{"rendered":"<p>Garantie Garantie et garantie \u00e9tendue Il est important pour nous que votre v\u00e9lo soit toujours en bonne condition, et que [&hellip;]<\/p>\n","protected":false},"author":1,"featured_media":0,"parent":3437,"menu_order":0,"comment_status":"closed","ping_status":"closed","template":"","meta":{"site-sidebar-layout":"no-sidebar","site-content-layout":"","ast-site-content-layout":"full-width-container","site-content-style":"default","site-sidebar-style":"default","ast-global-header-display":"","ast-banner-title-visibility":"","ast-main-header-display":"","ast-hfb-above-header-display":"","ast-hfb-below-header-display":"","ast-hfb-mobile-header-display":"","site-post-title":"disabled","ast-breadcrumbs-content":"","ast-featured-img":"disabled","footer-sml-layout":"","theme-transparent-header-meta":"","adv-header-id-meta":"","stick-header-meta":"","header-above-stick-meta":"","header-main-stick-meta":"","header-below-stick-meta":"","astra-migrate-meta-layouts":"default","ast-page-background-enabled":"default","ast-page-background-meta":{"desktop":{"background-color":"var(--ast-global-color-4)","background-image":"","background-repeat":"repeat","background-position":"center center","background-size":"auto","background-attachment":"scroll","background-type":"","background-media":"","overlay-type":"","overlay-color":"","overlay-opacity":"","overlay-gradient":""},"tablet":{"background-color":"","background-image":"","background-repeat":"repeat","background-position":"center center","background-size":"auto","background-attachment":"scroll","background-type":"","background-media":"","overlay-type":"","overlay-color":"","overlay-opacity":"","overlay-gradient":""},"mobile":{"background-color":"","background-image":"","background-repeat":"repeat","background-position":"center center","background-size":"auto","background-attachment":"scroll","background-type":"","background-media":"","overlay-type":"","overlay-color":"","overlay-opacity":"","overlay-gradient":""}},"ast-content-background-meta":{"desktop":{"background-color":"var(--ast-global-color-5)","background-image":"","background-repeat":"repeat","background-position":"center center","background-size":"auto","background-attachment":"scroll","background-type":"","background-media":"","overlay-type":"","overlay-color":"","overlay-opacity":"","overlay-gradient":""},"tablet":{"background-color":"var(--ast-global-color-5)","background-image":"","background-repeat":"repeat","background-position":"center center","background-size":"auto","background-attachment":"scroll","background-type":"","background-media":"","overlay-type":"","overlay-color":"","overlay-opacity":"","overlay-gradient":""},"mobile":{"background-color":"var(--ast-global-color-5)","background-image":"","background-repeat":"repeat","background-position":"center center","background-size":"auto","background-attachment":"scroll","background-type":"","background-media":"","overlay-type":"","overlay-color":"","overlay-opacity":"","overlay-gradient":""}},"footnotes":""},"class_list":["post-3578","page","type-page","status-publish","hentry"],"_links":{"self":[{"href":"https:\/\/staging.hagenbikes.com\/fr\/wp-json\/wp\/v2\/pages\/3578","targetHints":{"allow":["GET"]}}],"collection":[{"href":"https:\/\/staging.hagenbikes.com\/fr\/wp-json\/wp\/v2\/pages"}],"about":[{"href":"https:\/\/staging.hagenbikes.com\/fr\/wp-json\/wp\/v2\/types\/page"}],"author":[{"embeddable":true,"href":"https:\/\/staging.hagenbikes.com\/fr\/wp-json\/wp\/v2\/users\/1"}],"replies":[{"embeddable":true,"href":"https:\/\/staging.hagenbikes.com\/fr\/wp-json\/wp\/v2\/comments?post=3578"}],"version-history":[{"count":1,"href":"https:\/\/staging.hagenbikes.com\/fr\/wp-json\/wp\/v2\/pages\/3578\/revisions"}],"predecessor-version":[{"id":3579,"href":"https:\/\/staging.hagenbikes.com\/fr\/wp-json\/wp\/v2\/pages\/3578\/revisions\/3579"}],"up":[{"embeddable":true,"href":"https:\/\/staging.hagenbikes.com\/fr\/wp-json\/wp\/v2\/pages\/3437"}],"wp:attachment":[{"href":"https:\/\/staging.hagenbikes.com\/fr\/wp-json\/wp\/v2\/media?parent=3578"}],"curies":[{"name":"wp","href":"https:\/\/api.w.org\/{rel}","templated":true}]}}