{"id":3617,"date":"2024-09-06T13:29:36","date_gmt":"2024-09-06T13:29:36","guid":{"rendered":"https:\/\/staging.hagenbikes.com\/pages-2\/divers\/"},"modified":"2024-10-10T17:44:56","modified_gmt":"2024-10-10T17:44:56","slug":"divers","status":"publish","type":"page","link":"https:\/\/staging.hagenbikes.com\/fr\/pages-2\/divers\/","title":{"rendered":"Divers."},"content":{"rendered":"\t\t<div data-elementor-type=\"wp-page\" data-elementor-id=\"3617\" class=\"elementor elementor-3617 elementor-1970\">\n\t\t\t\t<div class=\"elementor-element elementor-element-8238f12 e-flex e-con-boxed e-con e-parent\" data-id=\"8238f12\" data-element_type=\"container\">\n\t\t\t\t\t<div class=\"e-con-inner\">\n\t\t\t\t<div class=\"elementor-element elementor-element-c6c725a elementor-widget elementor-widget-heading\" data-id=\"c6c725a\" data-element_type=\"widget\" data-widget_type=\"heading.default\">\n\t\t\t\t<div class=\"elementor-widget-container\">\n\t\t\t<h2 class=\"elementor-heading-title elementor-size-default\">Plongeurs<\/h2>\t\t<\/div>\n\t\t\t\t<\/div>\n\t\t\t\t<div class=\"elementor-element elementor-element-e3efd84 elementor-widget elementor-widget-text-editor\" data-id=\"e3efd84\" data-element_type=\"widget\" data-widget_type=\"text-editor.default\">\n\t\t\t\t<div class=\"elementor-widget-container\">\n\t\t\t\t\t\t\t<p>Veuillez noter que la plupart des articles pr\u00e9sent\u00e9s ici sont en rupture de stock.  <br \/>D\u00e9couvrez comment obtenir ces articles gratuitement !<\/p>\n\t\t\t\t\t\t<\/div>\n\t\t\t\t<\/div>\n\t\t\t\t<div class=\"elementor-element elementor-element-56d3118 premium-woo-product-align-center premium-qv-hidden-yes elementor-widget elementor-widget-premium-woo-products\" data-id=\"56d3118\" data-element_type=\"widget\" data-widget_type=\"premium-woo-products.grid-2\">\n\t\t\t\t<div class=\"elementor-widget-container\">\n\t\t\t<div class=\"premium-woocommerce premium-woo-products-grid premium-woo-skin-grid-2 premium-woo-query-custom\" data-page-id=\"3617\" data-skin=\"grid_2\" data-quick-view=\"\"><div class=\"premium-woo-products-inner\"><ul class=\"products columns-4\">\n\n<li class=\"post-3777 product first instock shipping-taxable purchasable product-type-variable has-default-attributes\">\n\t<div class=\"premium-woo-product-wrapper\">\n\t\t<div class=\"premium-woo-product-thumbnail\"><a href=\"https:\/\/staging.hagenbikes.com\/fr\/shop\/divers-fr\/brooks-gp1-brooks-leather-grips\/\" class=\"woocommerce-LoopProduct-link woocommerce-loop-product__link\"><img decoding=\"async\" src=\"https:\/\/staging.hagenbikes.com\/wp-content\/uploads\/2024\/08\/Untitleddesign_15_1024x1024.png.webp\" alt=\"\"><\/a><div class=\"premium-woo-products-details-wrap\"><div class=\"premium-woo-product-details\"><a href=\"https:\/\/staging.hagenbikes.com\/fr\/shop\/divers-fr\/brooks-gp1-brooks-leather-grips\/\" class=\"premium-woo-product__link\"><h2 class=\"woocommerce-loop-product__title\">Brooks GP1 Brooks Leather Grips<\/h2><\/a>\n\t<span class=\"price\"><span class=\"woocommerce-Price-amount amount\"><bdi>95,00&nbsp;<span class=\"woocommerce-Price-currencySymbol\">&euro;<\/span><\/bdi><\/span><\/span>\n<\/div><div class=\"premium-woo-product-actions-wrapper\"><div class=\"premium-woo-atc-button\" data-variations=&quot;true&quot;><a href=\"https:\/\/staging.hagenbikes.com\/fr\/shop\/divers-fr\/brooks-gp1-brooks-leather-grips\/\" aria-describedby=\"woocommerce_loop_add_to_cart_link_describedby_3777\" data-quantity=\"1\" class=\"button product_type_variable add_to_cart_button\" data-product_id=\"3777\" data-product_sku=\"\" aria-label=\"S\u00e9lectionner les options pour &ldquo;Brooks GP1 Brooks Leather Grips&rdquo;\" rel=\"nofollow\">Choix des options<\/a>\t<span id=\"woocommerce_loop_add_to_cart_link_describedby_3777\" class=\"screen-reader-text\">\n\t\tCe produit a plusieurs variations. Les options peuvent \u00eatre choisies sur la page du produit\t<\/span>\n<\/div><\/div><\/div><\/div>\t<\/div>\n<\/li>\n\n<li class=\"post-3766 product  instock shipping-taxable purchasable product-type-simple\">\n\t<div class=\"premium-woo-product-wrapper\">\n\t\t<div class=\"premium-woo-product-thumbnail\"><a href=\"https:\/\/staging.hagenbikes.com\/fr\/shop\/divers-fr\/casquette-5-panneaux-hagen-bikes\/\" class=\"woocommerce-LoopProduct-link woocommerce-loop-product__link\"><img decoding=\"async\" src=\"https:\/\/staging.hagenbikes.com\/wp-content\/uploads\/2024\/08\/Untitleddesign_19_1024x1024.png.webp\" alt=\"\"><\/a><div class=\"premium-woo-products-details-wrap\"><div class=\"premium-woo-product-details\"><a href=\"https:\/\/staging.hagenbikes.com\/fr\/shop\/divers-fr\/casquette-5-panneaux-hagen-bikes\/\" class=\"premium-woo-product__link\"><h2 class=\"woocommerce-loop-product__title\">Casquette 5 panneaux Hagen Bikes<\/h2><\/a>\n\t<span class=\"price\"><span class=\"woocommerce-Price-amount amount\"><bdi>35,00&nbsp;<span class=\"woocommerce-Price-currencySymbol\">&euro;<\/span><\/bdi><\/span><\/span>\n<\/div><div class=\"premium-woo-product-actions-wrapper\"><div class=\"premium-woo-atc-button\" ><a href=\"?add-to-cart=3766\" aria-describedby=\"woocommerce_loop_add_to_cart_link_describedby_3766\" data-quantity=\"1\" class=\"button product_type_simple add_to_cart_button ajax_add_to_cart\" data-product_id=\"3766\" data-product_sku=\"\" aria-label=\"Ajouter au panier\u00a0: &ldquo;Casquette 5 panneaux Hagen Bikes&rdquo;\" rel=\"nofollow\" data-success_message=\"\u00ab\u00a0Casquette 5 panneaux Hagen Bikes\u00a0\u00bb a \u00e9t\u00e9 ajout\u00e9 \u00e0 votre panier\">Ajouter au panier<\/a>\t<span id=\"woocommerce_loop_add_to_cart_link_describedby_3766\" class=\"screen-reader-text\">\n\t\t\t<\/span>\n<\/div><\/div><\/div><\/div>\t<\/div>\n<\/li>\n\n<li class=\"post-3787 product  instock shipping-taxable purchasable product-type-simple\">\n\t<div class=\"premium-woo-product-wrapper\">\n\t\t<div class=\"premium-woo-product-thumbnail\"><a href=\"https:\/\/staging.hagenbikes.com\/fr\/shop\/divers-fr\/bikeparka-cargo-bike-protective-cover-housse-de-protection-pour-velo\/\" class=\"woocommerce-LoopProduct-link woocommerce-loop-product__link\"><img decoding=\"async\" src=\"https:\/\/staging.hagenbikes.com\/wp-content\/uploads\/2024\/08\/Untitleddesign_13_1024x1024.png.webp\" alt=\"\"><\/a><div class=\"premium-woo-products-details-wrap\"><div class=\"premium-woo-product-details\"><a href=\"https:\/\/staging.hagenbikes.com\/fr\/shop\/divers-fr\/bikeparka-cargo-bike-protective-cover-housse-de-protection-pour-velo\/\" class=\"premium-woo-product__link\"><h2 class=\"woocommerce-loop-product__title\">BikeParka Cargo Bike Protective Cover (housse de protection pour v\u00e9lo)<\/h2><\/a>\n\t<span class=\"price\"><span class=\"woocommerce-Price-amount amount\"><bdi>79,95&nbsp;<span class=\"woocommerce-Price-currencySymbol\">&euro;<\/span><\/bdi><\/span><\/span>\n<\/div><div class=\"premium-woo-product-actions-wrapper\"><div class=\"premium-woo-atc-button\" ><a href=\"?add-to-cart=3787\" aria-describedby=\"woocommerce_loop_add_to_cart_link_describedby_3787\" data-quantity=\"1\" class=\"button product_type_simple add_to_cart_button ajax_add_to_cart\" data-product_id=\"3787\" data-product_sku=\"\" aria-label=\"Ajouter au panier\u00a0: &ldquo;BikeParka Cargo Bike Protective Cover (housse de protection pour v\u00e9lo)&rdquo;\" rel=\"nofollow\" data-success_message=\"\u00ab\u00a0BikeParka Cargo Bike Protective Cover (housse de protection pour v\u00e9lo)\u00a0\u00bb a \u00e9t\u00e9 ajout\u00e9 \u00e0 votre panier\">Ajouter au panier<\/a>\t<span id=\"woocommerce_loop_add_to_cart_link_describedby_3787\" class=\"screen-reader-text\">\n\t\t\t<\/span>\n<\/div><\/div><\/div><\/div>\t<\/div>\n<\/li>\n\n<li class=\"post-3735 product last instock shipping-taxable purchasable product-type-simple\">\n\t<div class=\"premium-woo-product-wrapper\">\n\t\t<div class=\"premium-woo-product-thumbnail\"><a href=\"https:\/\/staging.hagenbikes.com\/fr\/shop\/divers-fr\/sigma-aura-100-set-avec-blaze-link\/\" class=\"woocommerce-LoopProduct-link woocommerce-loop-product__link\"><img decoding=\"async\" src=\"https:\/\/staging.hagenbikes.com\/wp-content\/uploads\/2024\/08\/Untitleddesign_17_1024x1024.png.webp\" alt=\"\"><\/a><div class=\"premium-woo-products-details-wrap\"><div class=\"premium-woo-product-details\"><a href=\"https:\/\/staging.hagenbikes.com\/fr\/shop\/divers-fr\/sigma-aura-100-set-avec-blaze-link\/\" class=\"premium-woo-product__link\"><h2 class=\"woocommerce-loop-product__title\">SIGMA Aura 100 Set avec Blaze Link<\/h2><\/a>\n\t<span class=\"price\"><span class=\"woocommerce-Price-amount amount\"><bdi>109,95&nbsp;<span class=\"woocommerce-Price-currencySymbol\">&euro;<\/span><\/bdi><\/span><\/span>\n<\/div><div class=\"premium-woo-product-actions-wrapper\"><div class=\"premium-woo-atc-button\" ><a href=\"?add-to-cart=3735\" aria-describedby=\"woocommerce_loop_add_to_cart_link_describedby_3735\" data-quantity=\"1\" class=\"button product_type_simple add_to_cart_button ajax_add_to_cart\" data-product_id=\"3735\" data-product_sku=\"\" aria-label=\"Ajouter au panier\u00a0: &ldquo;SIGMA Aura 100 Set avec Blaze Link&rdquo;\" rel=\"nofollow\" data-success_message=\"\u00ab\u00a0SIGMA Aura 100 Set avec Blaze Link\u00a0\u00bb a \u00e9t\u00e9 ajout\u00e9 \u00e0 votre panier\">Ajouter au panier<\/a>\t<span id=\"woocommerce_loop_add_to_cart_link_describedby_3735\" class=\"screen-reader-text\">\n\t\t\t<\/span>\n<\/div><\/div><\/div><\/div>\t<\/div>\n<\/li>\n\n<li class=\"post-3759 product first instock shipping-taxable purchasable product-type-variable\">\n\t<div class=\"premium-woo-product-wrapper\">\n\t\t<div class=\"premium-woo-product-thumbnail\"><a href=\"https:\/\/staging.hagenbikes.com\/fr\/shop\/divers-fr\/sks-allemagne-pompe-de-sol-rennkompressor-nxt\/\" class=\"woocommerce-LoopProduct-link woocommerce-loop-product__link\"><img decoding=\"async\" src=\"https:\/\/staging.hagenbikes.com\/wp-content\/uploads\/2024\/08\/sks_1024x1024.png.webp\" alt=\"\"><\/a><div class=\"premium-woo-products-details-wrap\"><div class=\"premium-woo-product-details\"><a href=\"https:\/\/staging.hagenbikes.com\/fr\/shop\/divers-fr\/sks-allemagne-pompe-de-sol-rennkompressor-nxt\/\" class=\"premium-woo-product__link\"><h2 class=\"woocommerce-loop-product__title\">SKS-Allemagne Pompe de sol Rennkompressor NXT<\/h2><\/a>\n\t<span class=\"price\"><span class=\"woocommerce-Price-amount amount\"><bdi>99,95&nbsp;<span class=\"woocommerce-Price-currencySymbol\">&euro;<\/span><\/bdi><\/span><\/span>\n<\/div><div class=\"premium-woo-product-actions-wrapper\"><div class=\"premium-woo-atc-button\" data-variations=&quot;true&quot;><a href=\"https:\/\/staging.hagenbikes.com\/fr\/shop\/divers-fr\/sks-allemagne-pompe-de-sol-rennkompressor-nxt\/\" aria-describedby=\"woocommerce_loop_add_to_cart_link_describedby_3759\" data-quantity=\"1\" class=\"button product_type_variable add_to_cart_button\" data-product_id=\"3759\" data-product_sku=\"\" aria-label=\"S\u00e9lectionner les options pour &ldquo;SKS-Allemagne Pompe de sol Rennkompressor NXT&rdquo;\" rel=\"nofollow\">Choix des options<\/a>\t<span id=\"woocommerce_loop_add_to_cart_link_describedby_3759\" class=\"screen-reader-text\">\n\t\tCe produit a plusieurs variations. Les options peuvent \u00eatre choisies sur la page du produit\t<\/span>\n<\/div><\/div><\/div><\/div>\t<\/div>\n<\/li>\n\n<li class=\"post-3734 product  instock shipping-taxable purchasable product-type-simple\">\n\t<div class=\"premium-woo-product-wrapper\">\n\t\t<div class=\"premium-woo-product-thumbnail\"><a href=\"https:\/\/staging.hagenbikes.com\/fr\/shop\/divers-fr\/pompe-a-pied-sks-airstep\/\" class=\"woocommerce-LoopProduct-link woocommerce-loop-product__link\"><img decoding=\"async\" src=\"https:\/\/staging.hagenbikes.com\/wp-content\/uploads\/2024\/08\/122852-0-1_1024x1024.jpg.webp\" alt=\"\"><\/a><div class=\"premium-woo-products-details-wrap\"><div class=\"premium-woo-product-details\"><a href=\"https:\/\/staging.hagenbikes.com\/fr\/shop\/divers-fr\/pompe-a-pied-sks-airstep\/\" class=\"premium-woo-product__link\"><h2 class=\"woocommerce-loop-product__title\">Pompe \u00e0 pied SKS Airstep<\/h2><\/a>\n\t<span class=\"price\"><span class=\"woocommerce-Price-amount amount\"><bdi>69,99&nbsp;<span class=\"woocommerce-Price-currencySymbol\">&euro;<\/span><\/bdi><\/span><\/span>\n<\/div><div class=\"premium-woo-product-actions-wrapper\"><div class=\"premium-woo-atc-button\" ><a href=\"?add-to-cart=3734\" aria-describedby=\"woocommerce_loop_add_to_cart_link_describedby_3734\" data-quantity=\"1\" class=\"button product_type_simple add_to_cart_button ajax_add_to_cart\" data-product_id=\"3734\" data-product_sku=\"\" aria-label=\"Ajouter au panier\u00a0: &ldquo;Pompe \u00e0 pied SKS Airstep&rdquo;\" rel=\"nofollow\" data-success_message=\"\u00ab\u00a0Pompe \u00e0 pied SKS Airstep\u00a0\u00bb a \u00e9t\u00e9 ajout\u00e9 \u00e0 votre panier\">Ajouter au panier<\/a>\t<span id=\"woocommerce_loop_add_to_cart_link_describedby_3734\" class=\"screen-reader-text\">\n\t\t\t<\/span>\n<\/div><\/div><\/div><\/div>\t<\/div>\n<\/li>\n\n<li class=\"post-3737 product  instock shipping-taxable purchasable product-type-variable has-default-attributes\">\n\t<div class=\"premium-woo-product-wrapper\">\n\t\t<div class=\"premium-woo-product-thumbnail\"><a href=\"https:\/\/staging.hagenbikes.com\/fr\/shop\/divers-fr\/pedale-de-plate-forme-xlc-pd-m16\/\" class=\"woocommerce-LoopProduct-link woocommerce-loop-product__link\"><img decoding=\"async\" src=\"https:\/\/staging.hagenbikes.com\/wp-content\/uploads\/2024\/08\/pedaalid_1024x1024.webp.jpeg\" alt=\"\"><\/a><div class=\"premium-woo-products-details-wrap\"><div class=\"premium-woo-product-details\"><a href=\"https:\/\/staging.hagenbikes.com\/fr\/shop\/divers-fr\/pedale-de-plate-forme-xlc-pd-m16\/\" class=\"premium-woo-product__link\"><h2 class=\"woocommerce-loop-product__title\">P\u00e9dale de plate-forme XLC PD-M16<\/h2><\/a>\n\t<span class=\"price\"><span class=\"woocommerce-Price-amount amount\"><bdi>129,00&nbsp;<span class=\"woocommerce-Price-currencySymbol\">&euro;<\/span><\/bdi><\/span><\/span>\n<\/div><div class=\"premium-woo-product-actions-wrapper\"><div class=\"premium-woo-atc-button\" data-variations=&quot;true&quot;><a href=\"https:\/\/staging.hagenbikes.com\/fr\/shop\/divers-fr\/pedale-de-plate-forme-xlc-pd-m16\/\" aria-describedby=\"woocommerce_loop_add_to_cart_link_describedby_3737\" data-quantity=\"1\" class=\"button product_type_variable add_to_cart_button\" data-product_id=\"3737\" data-product_sku=\"\" aria-label=\"S\u00e9lectionner les options pour &ldquo;P\u00e9dale de plate-forme XLC PD-M16&rdquo;\" rel=\"nofollow\">Choix des options<\/a>\t<span id=\"woocommerce_loop_add_to_cart_link_describedby_3737\" class=\"screen-reader-text\">\n\t\tCe produit a plusieurs variations. Les options peuvent \u00eatre choisies sur la page du produit\t<\/span>\n<\/div><\/div><\/div><\/div>\t<\/div>\n<\/li>\n\n<li class=\"post-3895 product last instock shipping-taxable purchasable product-type-simple\">\n\t<div class=\"premium-woo-product-wrapper\">\n\t\t<div class=\"premium-woo-product-thumbnail\"><a href=\"https:\/\/staging.hagenbikes.com\/fr\/shop\/divers-fr\/brooks-b17-marron\/\" class=\"woocommerce-LoopProduct-link woocommerce-loop-product__link\"><img decoding=\"async\" src=\"https:\/\/staging.hagenbikes.com\/wp-content\/uploads\/2024\/08\/brooks2_1024x1024.jpg.webp\" alt=\"\"><\/a><div class=\"premium-woo-products-details-wrap\"><div class=\"premium-woo-product-details\"><a href=\"https:\/\/staging.hagenbikes.com\/fr\/shop\/divers-fr\/brooks-b17-marron\/\" class=\"premium-woo-product__link\"><h2 class=\"woocommerce-loop-product__title\">Brooks B17 Marron<\/h2><\/a>\n\t<span class=\"price\"><span class=\"woocommerce-Price-amount amount\"><bdi>129,95&nbsp;<span class=\"woocommerce-Price-currencySymbol\">&euro;<\/span><\/bdi><\/span><\/span>\n<\/div><div class=\"premium-woo-product-actions-wrapper\"><div class=\"premium-woo-atc-button\" ><a href=\"?add-to-cart=3895\" aria-describedby=\"woocommerce_loop_add_to_cart_link_describedby_3895\" data-quantity=\"1\" class=\"button product_type_simple add_to_cart_button ajax_add_to_cart\" data-product_id=\"3895\" data-product_sku=\"\" aria-label=\"Ajouter au panier\u00a0: &ldquo;Brooks B17 Marron&rdquo;\" rel=\"nofollow\" data-success_message=\"\u00ab\u00a0Brooks B17 Marron\u00a0\u00bb a \u00e9t\u00e9 ajout\u00e9 \u00e0 votre panier\">Ajouter au panier<\/a>\t<span id=\"woocommerce_loop_add_to_cart_link_describedby_3895\" class=\"screen-reader-text\">\n\t\t\t<\/span>\n<\/div><\/div><\/div><\/div>\t<\/div>\n<\/li>\n\n<li class=\"post-3881 product first instock shipping-taxable purchasable product-type-simple\">\n\t<div class=\"premium-woo-product-wrapper\">\n\t\t<div class=\"premium-woo-product-thumbnail\"><a href=\"https:\/\/staging.hagenbikes.com\/fr\/shop\/divers-fr\/axa-fold-100-pro\/\" class=\"woocommerce-LoopProduct-link woocommerce-loop-product__link\"><img decoding=\"async\" src=\"https:\/\/staging.hagenbikes.com\/wp-content\/uploads\/2024\/08\/scs_1024x1024.jpg.webp\" alt=\"\"><\/a><div class=\"premium-woo-products-details-wrap\"><div class=\"premium-woo-product-details\"><a href=\"https:\/\/staging.hagenbikes.com\/fr\/shop\/divers-fr\/axa-fold-100-pro\/\" class=\"premium-woo-product__link\"><h2 class=\"woocommerce-loop-product__title\">AXA Fold 100 Pro<\/h2><\/a>\n\t<span class=\"price\"><span class=\"woocommerce-Price-amount amount\"><bdi>105,00&nbsp;<span class=\"woocommerce-Price-currencySymbol\">&euro;<\/span><\/bdi><\/span><\/span>\n<\/div><div class=\"premium-woo-product-actions-wrapper\"><div class=\"premium-woo-atc-button\" ><a href=\"?add-to-cart=3881\" aria-describedby=\"woocommerce_loop_add_to_cart_link_describedby_3881\" data-quantity=\"1\" class=\"button product_type_simple add_to_cart_button ajax_add_to_cart\" data-product_id=\"3881\" data-product_sku=\"\" aria-label=\"Ajouter au panier\u00a0: &ldquo;AXA Fold 100 Pro&rdquo;\" rel=\"nofollow\" data-success_message=\"\u00ab\u00a0AXA Fold 100 Pro\u00a0\u00bb a \u00e9t\u00e9 ajout\u00e9 \u00e0 votre panier\">Ajouter au panier<\/a>\t<span id=\"woocommerce_loop_add_to_cart_link_describedby_3881\" class=\"screen-reader-text\">\n\t\t\t<\/span>\n<\/div><\/div><\/div><\/div>\t<\/div>\n<\/li>\n\n<li class=\"post-3934 product  instock shipping-taxable purchasable product-type-simple\">\n\t<div class=\"premium-woo-product-wrapper\">\n\t\t<div class=\"premium-woo-product-thumbnail\"><a href=\"https:\/\/staging.hagenbikes.com\/fr\/shop\/divers-fr\/axa-pro-carat-105-chain-lock\/\" class=\"woocommerce-LoopProduct-link woocommerce-loop-product__link\"><img decoding=\"async\" src=\"https:\/\/staging.hagenbikes.com\/wp-content\/uploads\/2024\/08\/57510_1024x1024.jpg.webp\" alt=\"\"><\/a><div class=\"premium-woo-products-details-wrap\"><div class=\"premium-woo-product-details\"><a href=\"https:\/\/staging.hagenbikes.com\/fr\/shop\/divers-fr\/axa-pro-carat-105-chain-lock\/\" class=\"premium-woo-product__link\"><h2 class=\"woocommerce-loop-product__title\">AXA Pro Carat 105 Chain Lock<\/h2><\/a>\n\t<span class=\"price\"><span class=\"woocommerce-Price-amount amount\"><bdi>110,00&nbsp;<span class=\"woocommerce-Price-currencySymbol\">&euro;<\/span><\/bdi><\/span><\/span>\n<\/div><div class=\"premium-woo-product-actions-wrapper\"><div class=\"premium-woo-atc-button\" ><a href=\"?add-to-cart=3934\" aria-describedby=\"woocommerce_loop_add_to_cart_link_describedby_3934\" data-quantity=\"1\" class=\"button product_type_simple add_to_cart_button ajax_add_to_cart\" data-product_id=\"3934\" data-product_sku=\"\" aria-label=\"Ajouter au panier\u00a0: &ldquo;AXA Pro Carat 105 Chain Lock&rdquo;\" rel=\"nofollow\" data-success_message=\"\u00ab\u00a0AXA Pro Carat 105 Chain Lock\u00a0\u00bb a \u00e9t\u00e9 ajout\u00e9 \u00e0 votre panier\">Ajouter au panier<\/a>\t<span id=\"woocommerce_loop_add_to_cart_link_describedby_3934\" class=\"screen-reader-text\">\n\t\t\t<\/span>\n<\/div><\/div><\/div><\/div>\t<\/div>\n<\/li>\n<\/ul>\n<\/div><\/div>\t\t<\/div>\n\t\t\t\t<\/div>\n\t\t\t\t\t<\/div>\n\t\t\t\t<\/div>\n\t\t\t\t<\/div>\n\t\t","protected":false},"excerpt":{"rendered":"<p>Plongeurs Veuillez noter que la plupart des articles pr\u00e9sent\u00e9s ici sont en rupture de stock. D\u00e9couvrez comment obtenir ces articles [&hellip;]<\/p>\n","protected":false},"author":1,"featured_media":0,"parent":3437,"menu_order":0,"comment_status":"closed","ping_status":"closed","template":"","meta":{"site-sidebar-layout":"no-sidebar","site-content-layout":"","ast-site-content-layout":"full-width-container","site-content-style":"default","site-sidebar-style":"default","ast-global-header-display":"","ast-banner-title-visibility":"","ast-main-header-display":"","ast-hfb-above-header-display":"","ast-hfb-below-header-display":"","ast-hfb-mobile-header-display":"","site-post-title":"disabled","ast-breadcrumbs-content":"","ast-featured-img":"disabled","footer-sml-layout":"","theme-transparent-header-meta":"","adv-header-id-meta":"","stick-header-meta":"","header-above-stick-meta":"","header-main-stick-meta":"","header-below-stick-meta":"","astra-migrate-meta-layouts":"default","ast-page-background-enabled":"default","ast-page-background-meta":{"desktop":{"background-color":"var(--ast-global-color-4)","background-image":"","background-repeat":"repeat","background-position":"center center","background-size":"auto","background-attachment":"scroll","background-type":"","background-media":"","overlay-type":"","overlay-color":"","overlay-opacity":"","overlay-gradient":""},"tablet":{"background-color":"","background-image":"","background-repeat":"repeat","background-position":"center center","background-size":"auto","background-attachment":"scroll","background-type":"","background-media":"","overlay-type":"","overlay-color":"","overlay-opacity":"","overlay-gradient":""},"mobile":{"background-color":"","background-image":"","background-repeat":"repeat","background-position":"center center","background-size":"auto","background-attachment":"scroll","background-type":"","background-media":"","overlay-type":"","overlay-color":"","overlay-opacity":"","overlay-gradient":""}},"ast-content-background-meta":{"desktop":{"background-color":"var(--ast-global-color-5)","background-image":"","background-repeat":"repeat","background-position":"center center","background-size":"auto","background-attachment":"scroll","background-type":"","background-media":"","overlay-type":"","overlay-color":"","overlay-opacity":"","overlay-gradient":""},"tablet":{"background-color":"var(--ast-global-color-5)","background-image":"","background-repeat":"repeat","background-position":"center center","background-size":"auto","background-attachment":"scroll","background-type":"","background-media":"","overlay-type":"","overlay-color":"","overlay-opacity":"","overlay-gradient":""},"mobile":{"background-color":"var(--ast-global-color-5)","background-image":"","background-repeat":"repeat","background-position":"center center","background-size":"auto","background-attachment":"scroll","background-type":"","background-media":"","overlay-type":"","overlay-color":"","overlay-opacity":"","overlay-gradient":""}},"footnotes":""},"class_list":["post-3617","page","type-page","status-publish","hentry","desktop-align-left","tablet-align-left","mobile-align-left"],"_links":{"self":[{"href":"https:\/\/staging.hagenbikes.com\/fr\/wp-json\/wp\/v2\/pages\/3617","targetHints":{"allow":["GET"]}}],"collection":[{"href":"https:\/\/staging.hagenbikes.com\/fr\/wp-json\/wp\/v2\/pages"}],"about":[{"href":"https:\/\/staging.hagenbikes.com\/fr\/wp-json\/wp\/v2\/types\/page"}],"author":[{"embeddable":true,"href":"https:\/\/staging.hagenbikes.com\/fr\/wp-json\/wp\/v2\/users\/1"}],"replies":[{"embeddable":true,"href":"https:\/\/staging.hagenbikes.com\/fr\/wp-json\/wp\/v2\/comments?post=3617"}],"version-history":[{"count":1,"href":"https:\/\/staging.hagenbikes.com\/fr\/wp-json\/wp\/v2\/pages\/3617\/revisions"}],"predecessor-version":[{"id":3618,"href":"https:\/\/staging.hagenbikes.com\/fr\/wp-json\/wp\/v2\/pages\/3617\/revisions\/3618"}],"up":[{"embeddable":true,"href":"https:\/\/staging.hagenbikes.com\/fr\/wp-json\/wp\/v2\/pages\/3437"}],"wp:attachment":[{"href":"https:\/\/staging.hagenbikes.com\/fr\/wp-json\/wp\/v2\/media?parent=3617"}],"curies":[{"name":"wp","href":"https:\/\/api.w.org\/{rel}","templated":true}]}}