{"id":3333,"date":"2024-08-16T14:11:09","date_gmt":"2024-08-16T14:11:09","guid":{"rendered":"https:\/\/staging.hagenbikes.com\/shop\/non class\u00e9\/service-a-lannee-yeply\/"},"modified":"2024-08-16T14:11:09","modified_gmt":"2024-08-16T14:11:09","slug":"service-a-lannee-yeply","status":"publish","type":"product","link":"https:\/\/staging.hagenbikes.com\/fr\/shop\/combo-service-iot\/service-a-lannee-yeply\/","title":{"rendered":"Service \u00e0 l&rsquo;ann\u00e9e Yeply"},"content":{"rendered":"","protected":false},"excerpt":{"rendered":"<p>Description<br \/>\nAvec un service dans 8 villes pour les clients et 110 villes pour les partenaires commerciaux en Finlande, en Allemagne, en Autriche et aux Pays-Bas, Yeply est un moyen vraiment pratique de garder votre v\u00e9lo aussi solide que possible.<\/p>\n<p>\u00ab Nous proposons un service d&rsquo;entretien de v\u00e9lo r\u00e9volutionnaire, le jour m\u00eame, qui vous \u00e9vite d&rsquo;avoir \u00e0 amener votre v\u00e9lo dans un magasin et d&rsquo;attendre on ne sait combien de temps pour le r\u00e9cup\u00e9rer. Nous desservons les quartiers selon des horaires pratiques, afin que vous puissiez simplement d\u00e9poser votre v\u00e9lo chez nous et le r\u00e9cup\u00e9rer quelques heures plus tard. De plus, notre propre application MyYeply conserve vos dossiers d&rsquo;entretien en toute s\u00e9curit\u00e9 et vous avertit de la date de votre prochain entretien. \u00bb<\/p>\n<p>Vous vous sentirez en confiance en laissant votre v\u00e9lo aux bons soins de leurs m\u00e9caniciens sympathiques et qualifi\u00e9s, qui vous guideront tout au long des \u00e9tapes et vous enverront un message lorsque votre v\u00e9lo sera pr\u00eat \u00e0 \u00eatre r\u00e9cup\u00e9r\u00e9. C&rsquo;est aussi simple que \u00e7a.<\/p>\n<p>Pour en savoir plus sur Yeply, cliquez <a href=\"https:\/\/www.yeply.com\/\">ici<\/a>.<\/p>\n","protected":false},"featured_media":3202,"template":"","meta":{"site-sidebar-layout":"default","site-content-layout":"","ast-site-content-layout":"default","site-content-style":"default","site-sidebar-style":"default","ast-global-header-display":"","ast-banner-title-visibility":"","ast-main-header-display":"","ast-hfb-above-header-display":"","ast-hfb-below-header-display":"","ast-hfb-mobile-header-display":"","site-post-title":"","ast-breadcrumbs-content":"","ast-featured-img":"","footer-sml-layout":"","theme-transparent-header-meta":"default","adv-header-id-meta":"","stick-header-meta":"","header-above-stick-meta":"","header-main-stick-meta":"","header-below-stick-meta":"","astra-migrate-meta-layouts":"default","ast-page-background-enabled":"default","ast-page-background-meta":{"desktop":{"background-color":"var(--ast-global-color-4)","background-image":"","background-repeat":"repeat","background-position":"center center","background-size":"auto","background-attachment":"scroll","background-type":"","background-media":"","overlay-type":"","overlay-color":"","overlay-opacity":"","overlay-gradient":""},"tablet":{"background-color":"","background-image":"","background-repeat":"repeat","background-position":"center center","background-size":"auto","background-attachment":"scroll","background-type":"","background-media":"","overlay-type":"","overlay-color":"","overlay-opacity":"","overlay-gradient":""},"mobile":{"background-color":"","background-image":"","background-repeat":"repeat","background-position":"center center","background-size":"auto","background-attachment":"scroll","background-type":"","background-media":"","overlay-type":"","overlay-color":"","overlay-opacity":"","overlay-gradient":""}},"ast-content-background-meta":{"desktop":{"background-color":"var(--ast-global-color-5)","background-image":"","background-repeat":"repeat","background-position":"center center","background-size":"auto","background-attachment":"scroll","background-type":"","background-media":"","overlay-type":"","overlay-color":"","overlay-opacity":"","overlay-gradient":""},"tablet":{"background-color":"var(--ast-global-color-5)","background-image":"","background-repeat":"repeat","background-position":"center center","background-size":"auto","background-attachment":"scroll","background-type":"","background-media":"","overlay-type":"","overlay-color":"","overlay-opacity":"","overlay-gradient":""},"mobile":{"background-color":"var(--ast-global-color-5)","background-image":"","background-repeat":"repeat","background-position":"center center","background-size":"auto","background-attachment":"scroll","background-type":"","background-media":"","overlay-type":"","overlay-color":"","overlay-opacity":"","overlay-gradient":""}}},"product_cat":[147],"product_tag":[],"class_list":{"0":"post-3333","1":"product","2":"type-product","3":"status-publish","4":"has-post-thumbnail","6":"product_cat-combo-service-iot","7":"desktop-align-left","8":"tablet-align-left","9":"mobile-align-left","11":"first","12":"instock","13":"shipping-taxable","14":"purchasable","15":"product-type-simple"},"_links":{"self":[{"href":"https:\/\/staging.hagenbikes.com\/fr\/wp-json\/wp\/v2\/product\/3333","targetHints":{"allow":["GET"]}}],"collection":[{"href":"https:\/\/staging.hagenbikes.com\/fr\/wp-json\/wp\/v2\/product"}],"about":[{"href":"https:\/\/staging.hagenbikes.com\/fr\/wp-json\/wp\/v2\/types\/product"}],"version-history":[{"count":0,"href":"https:\/\/staging.hagenbikes.com\/fr\/wp-json\/wp\/v2\/product\/3333\/revisions"}],"wp:featuredmedia":[{"embeddable":true,"href":"https:\/\/staging.hagenbikes.com\/fr\/wp-json\/wp\/v2\/media\/3202"}],"wp:attachment":[{"href":"https:\/\/staging.hagenbikes.com\/fr\/wp-json\/wp\/v2\/media?parent=3333"}],"wp:term":[{"taxonomy":"product_cat","embeddable":true,"href":"https:\/\/staging.hagenbikes.com\/fr\/wp-json\/wp\/v2\/product_cat?post=3333"},{"taxonomy":"product_tag","embeddable":true,"href":"https:\/\/staging.hagenbikes.com\/fr\/wp-json\/wp\/v2\/product_tag?post=3333"}],"curies":[{"name":"wp","href":"https:\/\/api.w.org\/{rel}","templated":true}]}}