{"id":3880,"date":"2024-08-03T16:22:25","date_gmt":"2024-08-03T16:22:25","guid":{"rendered":"https:\/\/staging.hagenbikes.com\/shop\/non%20class\u00e9\/velo-cargo-xl\/"},"modified":"2024-10-11T16:01:57","modified_gmt":"2024-10-11T16:01:57","slug":"velo-cargo-xl","status":"publish","type":"product","link":"https:\/\/staging.hagenbikes.com\/fr\/shop\/velo-cargo\/velo-cargo-xl\/","title":{"rendered":"V\u00e9lo cargo XL"},"content":{"rendered":"\t\t<div data-elementor-type=\"wp-post\" data-elementor-id=\"3880\" class=\"elementor elementor-3880 elementor-1116\">\n\t\t\t\t<div class=\"elementor-element elementor-element-0496b41 e-flex e-con-boxed e-con e-parent\" data-id=\"0496b41\" data-element_type=\"container\">\n\t\t\t\t\t<div class=\"e-con-inner\">\n\t\t<div class=\"elementor-element elementor-element-17ca4fa e-con-full e-flex e-con e-child\" data-id=\"17ca4fa\" data-element_type=\"container\">\n\t\t\t\t<div class=\"elementor-element elementor-element-65ff023 elementor-widget elementor-widget-heading\" data-id=\"65ff023\" data-element_type=\"widget\" data-widget_type=\"heading.default\">\n\t\t\t\t<div class=\"elementor-widget-container\">\n\t\t\t<h2 class=\"elementor-heading-title elementor-size-default\">Accessoires<\/h2>\t\t<\/div>\n\t\t\t\t<\/div>\n\t\t\t\t<div class=\"elementor-element elementor-element-71d50f4 premium-woo-product-align-center premium-qv-hidden-yes elementor-widget elementor-widget-premium-woo-products\" data-id=\"71d50f4\" data-element_type=\"widget\" data-widget_type=\"premium-woo-products.grid-2\">\n\t\t\t\t<div class=\"elementor-widget-container\">\n\t\t\t<div class=\"premium-woocommerce premium-woo-products-grid premium-woo-skin-grid-2 premium-woo-query-custom\" data-page-id=\"3880\" data-skin=\"grid_2\" data-quick-view=\"\"><div class=\"premium-woo-products-inner\"><ul class=\"products columns-4\">\n\n<li class=\"post-3659 product first instock shipping-taxable purchasable product-type-simple\">\n\t<div class=\"premium-woo-product-wrapper\">\n\t\t<div class=\"premium-woo-product-thumbnail\"><a href=\"https:\/\/staging.hagenbikes.com\/fr\/shop\/accessoires\/siege-enfant\/\" class=\"woocommerce-LoopProduct-link woocommerce-loop-product__link\"><img decoding=\"async\" src=\"https:\/\/staging.hagenbikes.com\/wp-content\/uploads\/2024\/07\/Nighthawk-Cargo-Bike-Child-Seat-Avatar_1024x1024.webp\" alt=\"\"><\/a><div class=\"premium-woo-products-details-wrap\"><div class=\"premium-woo-product-details\"><a href=\"https:\/\/staging.hagenbikes.com\/fr\/shop\/accessoires\/siege-enfant\/\" class=\"premium-woo-product__link\"><h2 class=\"woocommerce-loop-product__title\">Si\u00e8ge enfant<\/h2><\/a>\n\t<span class=\"price\"><span class=\"woocommerce-Price-amount amount\"><bdi>249,00&nbsp;<span class=\"woocommerce-Price-currencySymbol\">&euro;<\/span><\/bdi><\/span><\/span>\n<\/div><div class=\"premium-woo-product-actions-wrapper\"><div class=\"premium-woo-atc-button\" ><a href=\"?add-to-cart=3659\" aria-describedby=\"woocommerce_loop_add_to_cart_link_describedby_3659\" data-quantity=\"1\" class=\"button product_type_simple add_to_cart_button ajax_add_to_cart\" data-product_id=\"3659\" data-product_sku=\"E00303\" aria-label=\"Ajouter au panier\u00a0: &ldquo;Si\u00e8ge enfant&rdquo;\" rel=\"nofollow\" data-success_message=\"\u00ab\u00a0Si\u00e8ge enfant\u00a0\u00bb a \u00e9t\u00e9 ajout\u00e9 \u00e0 votre panier\">Ajouter au panier<\/a>\t<span id=\"woocommerce_loop_add_to_cart_link_describedby_3659\" class=\"screen-reader-text\">\n\t\t\t<\/span>\n<\/div><\/div><\/div><\/div>\t<\/div>\n<\/li>\n\n<li class=\"post-3658 product  instock shipping-taxable purchasable product-type-simple\">\n\t<div class=\"premium-woo-product-wrapper\">\n\t\t<div class=\"premium-woo-product-thumbnail\"><a href=\"https:\/\/staging.hagenbikes.com\/fr\/shop\/accessoires\/boite-large\/\" class=\"woocommerce-LoopProduct-link woocommerce-loop-product__link\"><img decoding=\"async\" src=\"https:\/\/staging.hagenbikes.com\/wp-content\/uploads\/2024\/07\/eBike-WideBox_DriveSide_Squarecopy_1024x1024.webp\" alt=\"\"><\/a><div class=\"premium-woo-products-details-wrap\"><div class=\"premium-woo-product-details\"><a href=\"https:\/\/staging.hagenbikes.com\/fr\/shop\/accessoires\/boite-large\/\" class=\"premium-woo-product__link\"><h2 class=\"woocommerce-loop-product__title\">Bo\u00eete large<\/h2><\/a>\n\t<span class=\"price\"><span class=\"woocommerce-Price-amount amount\"><bdi>399,00&nbsp;<span class=\"woocommerce-Price-currencySymbol\">&euro;<\/span><\/bdi><\/span><\/span>\n<\/div><div class=\"premium-woo-product-actions-wrapper\"><div class=\"premium-woo-atc-button\" ><a href=\"?add-to-cart=3658\" aria-describedby=\"woocommerce_loop_add_to_cart_link_describedby_3658\" data-quantity=\"1\" class=\"button product_type_simple add_to_cart_button ajax_add_to_cart\" data-product_id=\"3658\" data-product_sku=\"E00302\" aria-label=\"Ajouter au panier\u00a0: &ldquo;Bo\u00eete large&rdquo;\" rel=\"nofollow\" data-success_message=\"\u00ab\u00a0Bo\u00eete large\u00a0\u00bb a \u00e9t\u00e9 ajout\u00e9 \u00e0 votre panier\">Ajouter au panier<\/a>\t<span id=\"woocommerce_loop_add_to_cart_link_describedby_3658\" class=\"screen-reader-text\">\n\t\t\t<\/span>\n<\/div><\/div><\/div><\/div>\t<\/div>\n<\/li>\n\n<li class=\"post-3704 product  instock shipping-taxable purchasable product-type-simple\">\n\t<div class=\"premium-woo-product-wrapper\">\n\t\t<div class=\"premium-woo-product-thumbnail\"><a href=\"https:\/\/staging.hagenbikes.com\/fr\/shop\/accessoires\/montage-sur-rack-arriere\/\" class=\"woocommerce-LoopProduct-link woocommerce-loop-product__link\"><img decoding=\"async\" src=\"https:\/\/staging.hagenbikes.com\/wp-content\/uploads\/2024\/07\/Hagen-Bikes-Rear-Rack-Mount-Avatar_7b97a3a5-11a3-44b0-bf25-163ce0d72cc6_1024x1024.webp\" alt=\"\"><\/a><div class=\"premium-woo-products-details-wrap\"><div class=\"premium-woo-product-details\"><a href=\"https:\/\/staging.hagenbikes.com\/fr\/shop\/accessoires\/montage-sur-rack-arriere\/\" class=\"premium-woo-product__link\"><h2 class=\"woocommerce-loop-product__title\">Montage sur rack arri\u00e8re<\/h2><\/a>\n\t<span class=\"price\"><span class=\"woocommerce-Price-amount amount\"><bdi>29,99&nbsp;<span class=\"woocommerce-Price-currencySymbol\">&euro;<\/span><\/bdi><\/span><\/span>\n<\/div><div class=\"premium-woo-product-actions-wrapper\"><div class=\"premium-woo-atc-button\" ><a href=\"?add-to-cart=3704\" aria-describedby=\"woocommerce_loop_add_to_cart_link_describedby_3704\" data-quantity=\"1\" class=\"button product_type_simple add_to_cart_button ajax_add_to_cart\" data-product_id=\"3704\" data-product_sku=\"EE00308\" aria-label=\"Ajouter au panier\u00a0: &ldquo;Montage sur rack arri\u00e8re&rdquo;\" rel=\"nofollow\" data-success_message=\"\u00ab\u00a0Montage sur rack arri\u00e8re\u00a0\u00bb a \u00e9t\u00e9 ajout\u00e9 \u00e0 votre panier\">Ajouter au panier<\/a>\t<span id=\"woocommerce_loop_add_to_cart_link_describedby_3704\" class=\"screen-reader-text\">\n\t\t\t<\/span>\n<\/div><\/div><\/div><\/div>\t<\/div>\n<\/li>\n\n<li class=\"post-3705 product last instock shipping-taxable purchasable product-type-simple\">\n\t<div class=\"premium-woo-product-wrapper\">\n\t\t<div class=\"premium-woo-product-thumbnail\"><a href=\"https:\/\/staging.hagenbikes.com\/fr\/shop\/accessoires\/canopee\/\" class=\"woocommerce-LoopProduct-link woocommerce-loop-product__link\"><img decoding=\"async\" src=\"https:\/\/staging.hagenbikes.com\/wp-content\/uploads\/2024\/07\/Untitled_20_3_1024x1024.webp\" alt=\"\"><\/a><div class=\"premium-woo-products-details-wrap\"><div class=\"premium-woo-product-details\"><a href=\"https:\/\/staging.hagenbikes.com\/fr\/shop\/accessoires\/canopee\/\" class=\"premium-woo-product__link\"><h2 class=\"woocommerce-loop-product__title\">Canop\u00e9e<\/h2><\/a>\n\t<span class=\"price\"><span class=\"woocommerce-Price-amount amount\"><bdi>399,00&nbsp;<span class=\"woocommerce-Price-currencySymbol\">&euro;<\/span><\/bdi><\/span><\/span>\n<\/div><div class=\"premium-woo-product-actions-wrapper\"><div class=\"premium-woo-atc-button\" ><a href=\"?add-to-cart=3705\" aria-describedby=\"woocommerce_loop_add_to_cart_link_describedby_3705\" data-quantity=\"1\" class=\"button product_type_simple add_to_cart_button ajax_add_to_cart\" data-product_id=\"3705\" data-product_sku=\"E00312\" aria-label=\"Ajouter au panier\u00a0: &ldquo;Canop\u00e9e&rdquo;\" rel=\"nofollow\" data-success_message=\"\u00ab\u00a0Canop\u00e9e\u00a0\u00bb a \u00e9t\u00e9 ajout\u00e9 \u00e0 votre panier\">Ajouter au panier<\/a>\t<span id=\"woocommerce_loop_add_to_cart_link_describedby_3705\" class=\"screen-reader-text\">\n\t\t\t<\/span>\n<\/div><\/div><\/div><\/div>\t<\/div>\n<\/li>\n\n<li class=\"post-3721 product first instock shipping-taxable purchasable product-type-simple\">\n\t<div class=\"premium-woo-product-wrapper\">\n\t\t<div class=\"premium-woo-product-thumbnail\"><a href=\"https:\/\/staging.hagenbikes.com\/fr\/shop\/accessoires\/adaptateur-ergotec-3-up-down\/\" class=\"woocommerce-LoopProduct-link woocommerce-loop-product__link\"><img decoding=\"async\" src=\"https:\/\/staging.hagenbikes.com\/wp-content\/uploads\/2024\/07\/Hagen-Bikes-Ergotec-Cargo-Handlebar-Raiser-1_1024x1024.webp\" alt=\"\"><\/a><div class=\"premium-woo-products-details-wrap\"><div class=\"premium-woo-product-details\"><a href=\"https:\/\/staging.hagenbikes.com\/fr\/shop\/accessoires\/adaptateur-ergotec-3-up-down\/\" class=\"premium-woo-product__link\"><h2 class=\"woocommerce-loop-product__title\">Adaptateur Ergotec 3 Up &amp; Down<\/h2><\/a>\n\t<span class=\"price\"><span class=\"woocommerce-Price-amount amount\"><bdi>99,00&nbsp;<span class=\"woocommerce-Price-currencySymbol\">&euro;<\/span><\/bdi><\/span><\/span>\n<\/div><div class=\"premium-woo-product-actions-wrapper\"><div class=\"premium-woo-atc-button\" ><a href=\"?add-to-cart=3721\" aria-describedby=\"woocommerce_loop_add_to_cart_link_describedby_3721\" data-quantity=\"1\" class=\"button product_type_simple add_to_cart_button ajax_add_to_cart\" data-product_id=\"3721\" data-product_sku=\"E00311\" aria-label=\"Ajouter au panier\u00a0: &ldquo;Adaptateur Ergotec 3 Up &amp; Down&rdquo;\" rel=\"nofollow\" data-success_message=\"\u00ab\u00a0Adaptateur Ergotec 3 Up &amp; Down\u00a0\u00bb a \u00e9t\u00e9 ajout\u00e9 \u00e0 votre panier\">Ajouter au panier<\/a>\t<span id=\"woocommerce_loop_add_to_cart_link_describedby_3721\" class=\"screen-reader-text\">\n\t\t\t<\/span>\n<\/div><\/div><\/div><\/div>\t<\/div>\n<\/li>\n\n<li class=\"post-3671 product  instock shipping-taxable purchasable product-type-variable\">\n\t<div class=\"premium-woo-product-wrapper\">\n\t\t<div class=\"premium-woo-product-thumbnail\"><a href=\"https:\/\/staging.hagenbikes.com\/fr\/shop\/accessoires\/panneaux-lateraux\/\" class=\"woocommerce-LoopProduct-link woocommerce-loop-product__link\"><img decoding=\"async\" src=\"https:\/\/staging.hagenbikes.com\/wp-content\/uploads\/2024\/07\/MicrosoftTeams-image_1_1024x1024.webp\" alt=\"\"><\/a><div class=\"premium-woo-products-details-wrap\"><div class=\"premium-woo-product-details\"><a href=\"https:\/\/staging.hagenbikes.com\/fr\/shop\/accessoires\/panneaux-lateraux\/\" class=\"premium-woo-product__link\"><h2 class=\"woocommerce-loop-product__title\">Panneaux lat\u00e9raux<\/h2><\/a>\n\t<span class=\"price\"><span class=\"woocommerce-Price-amount amount\"><bdi>299,00&nbsp;<span class=\"woocommerce-Price-currencySymbol\">&euro;<\/span><\/bdi><\/span> &ndash; <span class=\"woocommerce-Price-amount amount\"><bdi>329,00&nbsp;<span class=\"woocommerce-Price-currencySymbol\">&euro;<\/span><\/bdi><\/span><\/span>\n<\/div><div class=\"premium-woo-product-actions-wrapper\"><div class=\"premium-woo-atc-button\" data-variations=&quot;true&quot;><a href=\"https:\/\/staging.hagenbikes.com\/fr\/shop\/accessoires\/panneaux-lateraux\/\" aria-describedby=\"woocommerce_loop_add_to_cart_link_describedby_3671\" data-quantity=\"1\" class=\"button product_type_variable add_to_cart_button\" data-product_id=\"3671\" data-product_sku=\"E00310\" aria-label=\"S\u00e9lectionner les options pour &ldquo;Panneaux lat\u00e9raux&rdquo;\" rel=\"nofollow\">Choix des options<\/a>\t<span id=\"woocommerce_loop_add_to_cart_link_describedby_3671\" class=\"screen-reader-text\">\n\t\tCe produit a plusieurs variations. Les options peuvent \u00eatre choisies sur la page du produit\t<\/span>\n<\/div><\/div><\/div><\/div>\t<\/div>\n<\/li>\n\n<li class=\"post-3797 product  instock shipping-taxable purchasable product-type-variable\">\n\t<div class=\"premium-woo-product-wrapper\">\n\t\t<div class=\"premium-woo-product-thumbnail\"><a href=\"https:\/\/staging.hagenbikes.com\/fr\/shop\/accessoires\/pare-brise\/\" class=\"woocommerce-LoopProduct-link woocommerce-loop-product__link\"><img decoding=\"async\" src=\"https:\/\/staging.hagenbikes.com\/wp-content\/uploads\/2024\/07\/Hagen-Cargo-Bikes-Windscreen_1024x1024.webp\" alt=\"\"><\/a><div class=\"premium-woo-products-details-wrap\"><div class=\"premium-woo-product-details\"><a href=\"https:\/\/staging.hagenbikes.com\/fr\/shop\/accessoires\/pare-brise\/\" class=\"premium-woo-product__link\"><h2 class=\"woocommerce-loop-product__title\">Pare-brise<\/h2><\/a>\n\t<span class=\"price\"><span class=\"woocommerce-Price-amount amount\"><bdi>249,00&nbsp;<span class=\"woocommerce-Price-currencySymbol\">&euro;<\/span><\/bdi><\/span><\/span>\n<\/div><div class=\"premium-woo-product-actions-wrapper\"><div class=\"premium-woo-atc-button\" data-variations=&quot;true&quot;><a href=\"https:\/\/staging.hagenbikes.com\/fr\/shop\/accessoires\/pare-brise\/\" aria-describedby=\"woocommerce_loop_add_to_cart_link_describedby_3797\" data-quantity=\"1\" class=\"button product_type_variable add_to_cart_button\" data-product_id=\"3797\" data-product_sku=\"E00304\" aria-label=\"S\u00e9lectionner les options pour &ldquo;Pare-brise&rdquo;\" rel=\"nofollow\">Choix des options<\/a>\t<span id=\"woocommerce_loop_add_to_cart_link_describedby_3797\" class=\"screen-reader-text\">\n\t\tCe produit a plusieurs variations. Les options peuvent \u00eatre choisies sur la page du produit\t<\/span>\n<\/div><\/div><\/div><\/div>\t<\/div>\n<\/li>\n\n<li class=\"post-3806 product last instock shipping-taxable purchasable product-type-variable\">\n\t<div class=\"premium-woo-product-wrapper\">\n\t\t<div class=\"premium-woo-product-thumbnail\"><a href=\"https:\/\/staging.hagenbikes.com\/fr\/shop\/accessoires\/tapis-de-sol\/\" class=\"woocommerce-LoopProduct-link woocommerce-loop-product__link\"><img decoding=\"async\" src=\"https:\/\/staging.hagenbikes.com\/wp-content\/uploads\/2024\/07\/Untitleddesign_1_2f60a989-a258-4025-8045-9d921f9ff177_1024x1024.webp\" alt=\"\"><\/a><div class=\"premium-woo-products-details-wrap\"><div class=\"premium-woo-product-details\"><a href=\"https:\/\/staging.hagenbikes.com\/fr\/shop\/accessoires\/tapis-de-sol\/\" class=\"premium-woo-product__link\"><h2 class=\"woocommerce-loop-product__title\">Tapis de sol<\/h2><\/a>\n\t<span class=\"price\"><span class=\"woocommerce-Price-amount amount\"><bdi>49,99&nbsp;<span class=\"woocommerce-Price-currencySymbol\">&euro;<\/span><\/bdi><\/span><\/span>\n<\/div><div class=\"premium-woo-product-actions-wrapper\"><div class=\"premium-woo-atc-button\" data-variations=&quot;true&quot;><a href=\"https:\/\/staging.hagenbikes.com\/fr\/shop\/accessoires\/tapis-de-sol\/\" aria-describedby=\"woocommerce_loop_add_to_cart_link_describedby_3806\" data-quantity=\"1\" class=\"button product_type_variable add_to_cart_button\" data-product_id=\"3806\" data-product_sku=\"EE00308S\" aria-label=\"S\u00e9lectionner les options pour &ldquo;Tapis de sol&rdquo;\" rel=\"nofollow\">Choix des options<\/a>\t<span id=\"woocommerce_loop_add_to_cart_link_describedby_3806\" class=\"screen-reader-text\">\n\t\tCe produit a plusieurs variations. Les options peuvent \u00eatre choisies sur la page du produit\t<\/span>\n<\/div><\/div><\/div><\/div>\t<\/div>\n<\/li>\n\n<li class=\"post-3802 product first instock shipping-taxable purchasable product-type-simple\">\n\t<div class=\"premium-woo-product-wrapper\">\n\t\t<div class=\"premium-woo-product-thumbnail\"><a href=\"https:\/\/staging.hagenbikes.com\/fr\/shop\/accessoires\/boite-de-rangement\/\" class=\"woocommerce-LoopProduct-link woocommerce-loop-product__link\"><img decoding=\"async\" src=\"https:\/\/staging.hagenbikes.com\/wp-content\/uploads\/2024\/07\/0Y0A4422copy_1024x1024.webp\" alt=\"\"><\/a><div class=\"premium-woo-products-details-wrap\"><div class=\"premium-woo-product-details\"><a href=\"https:\/\/staging.hagenbikes.com\/fr\/shop\/accessoires\/boite-de-rangement\/\" class=\"premium-woo-product__link\"><h2 class=\"woocommerce-loop-product__title\">Bo\u00eete de rangement<\/h2><\/a>\n\t<span class=\"price\"><span class=\"woocommerce-Price-amount amount\"><bdi>99,00&nbsp;<span class=\"woocommerce-Price-currencySymbol\">&euro;<\/span><\/bdi><\/span><\/span>\n<\/div><div class=\"premium-woo-product-actions-wrapper\"><div class=\"premium-woo-atc-button\" ><a href=\"?add-to-cart=3802\" aria-describedby=\"woocommerce_loop_add_to_cart_link_describedby_3802\" data-quantity=\"1\" class=\"button product_type_simple add_to_cart_button ajax_add_to_cart\" data-product_id=\"3802\" data-product_sku=\"E00306\" aria-label=\"Ajouter au panier\u00a0: &ldquo;Bo\u00eete de rangement&rdquo;\" rel=\"nofollow\" data-success_message=\"\u00ab\u00a0Bo\u00eete de rangement\u00a0\u00bb a \u00e9t\u00e9 ajout\u00e9 \u00e0 votre panier\">Ajouter au panier<\/a>\t<span id=\"woocommerce_loop_add_to_cart_link_describedby_3802\" class=\"screen-reader-text\">\n\t\t\t<\/span>\n<\/div><\/div><\/div><\/div>\t<\/div>\n<\/li>\n\n<li class=\"post-3790 product  instock shipping-taxable purchasable product-type-simple\">\n\t<div class=\"premium-woo-product-wrapper\">\n\t\t<div class=\"premium-woo-product-thumbnail\"><a href=\"https:\/\/staging.hagenbikes.com\/fr\/shop\/accessoires\/boite-de-livraison\/\" class=\"woocommerce-LoopProduct-link woocommerce-loop-product__link\"><img decoding=\"async\" src=\"https:\/\/staging.hagenbikes.com\/wp-content\/uploads\/2024\/07\/Untitled_12_1024x1024.webp\" alt=\"\"><\/a><div class=\"premium-woo-products-details-wrap\"><div class=\"premium-woo-product-details\"><a href=\"https:\/\/staging.hagenbikes.com\/fr\/shop\/accessoires\/boite-de-livraison\/\" class=\"premium-woo-product__link\"><h2 class=\"woocommerce-loop-product__title\">Bo\u00eete de livraison<\/h2><\/a>\n\t<span class=\"price\"><span class=\"woocommerce-Price-amount amount\"><bdi>1190,00&nbsp;<span class=\"woocommerce-Price-currencySymbol\">&euro;<\/span><\/bdi><\/span><\/span>\n<\/div><div class=\"premium-woo-product-actions-wrapper\"><div class=\"premium-woo-atc-button\" ><a href=\"?add-to-cart=3790\" aria-describedby=\"woocommerce_loop_add_to_cart_link_describedby_3790\" data-quantity=\"1\" class=\"button product_type_simple add_to_cart_button ajax_add_to_cart\" data-product_id=\"3790\" data-product_sku=\"E00307\" aria-label=\"Ajouter au panier\u00a0: &ldquo;Bo\u00eete de livraison&rdquo;\" rel=\"nofollow\" data-success_message=\"\u00ab\u00a0Bo\u00eete de livraison\u00a0\u00bb a \u00e9t\u00e9 ajout\u00e9 \u00e0 votre panier\">Ajouter au panier<\/a>\t<span id=\"woocommerce_loop_add_to_cart_link_describedby_3790\" class=\"screen-reader-text\">\n\t\t\t<\/span>\n<\/div><\/div><\/div><\/div>\t<\/div>\n<\/li>\n<\/ul>\n<\/div><\/div>\t\t<\/div>\n\t\t\t\t<\/div>\n\t\t\t\t<\/div>\n\t\t\t\t\t<\/div>\n\t\t\t\t<\/div>\n\t\t\t\t<\/div>\n\t\t","protected":false},"excerpt":{"rendered":"<div class=\"tt-collapse-title\">Description<\/div>\n<div class=\"tt-collapse-content\">\n<p>C&rsquo;est notre v\u00e9lo cargo le plus grand et le plus robuste \u00e0 ce jour. Une fus\u00e9e sur la route qui n&rsquo;est pas pour les timides. Vous avez besoin de transporter des choses \u00e9normes ? Pas de probl\u00e8me. Ce v\u00e9lo cargo est destin\u00e9 aux puristes ultimes qui ont besoin de transporter des marchandises pr\u00e9cieuses et qui veulent se sentir connect\u00e9s \u00e0 leur environnement. Gr\u00e2ce \u00e0 son Chromoly de qualit\u00e9 a\u00e9rospatiale, ce v\u00e9lo sera le seul dont vous aurez jamais besoin. Allez-y \u00e0 fond ou rentrez chez vous !<\/p>\n<p><strong>Caract\u00e9ristiques principales<\/strong><\/p>\n<ul>\n<li>De l&rsquo;espace pour transporter des objets volumineux<\/li>\n<li>Peut accueillir 4 enfants en bas \u00e2ge<\/li>\n<li>Peut facilement convenir \u00e0 un adulte<\/li>\n<\/ul>\n<p style=\"margin-bottom: 20px; display: inline-block;\"><strong>Sp\u00e9cifications techniques:<\/strong><\/p>\n<\/div>\n[table id=23 \/]\n","protected":false},"featured_media":3032,"template":"","meta":{"site-sidebar-layout":"no-sidebar","site-content-layout":"","ast-site-content-layout":"normal-width-container","site-content-style":"default","site-sidebar-style":"default","ast-global-header-display":"","ast-banner-title-visibility":"","ast-main-header-display":"","ast-hfb-above-header-display":"","ast-hfb-below-header-display":"","ast-hfb-mobile-header-display":"","site-post-title":"disabled","ast-breadcrumbs-content":"","ast-featured-img":"disabled","footer-sml-layout":"","theme-transparent-header-meta":"default","adv-header-id-meta":"","stick-header-meta":"","header-above-stick-meta":"","header-main-stick-meta":"","header-below-stick-meta":"","astra-migrate-meta-layouts":"set","ast-page-background-enabled":"default","ast-page-background-meta":{"desktop":{"background-color":"var(--ast-global-color-4)","background-image":"","background-repeat":"repeat","background-position":"center center","background-size":"auto","background-attachment":"scroll","background-type":"","background-media":"","overlay-type":"","overlay-color":"","overlay-opacity":"","overlay-gradient":""},"tablet":{"background-color":"","background-image":"","background-repeat":"repeat","background-position":"center center","background-size":"auto","background-attachment":"scroll","background-type":"","background-media":"","overlay-type":"","overlay-color":"","overlay-opacity":"","overlay-gradient":""},"mobile":{"background-color":"","background-image":"","background-repeat":"repeat","background-position":"center center","background-size":"auto","background-attachment":"scroll","background-type":"","background-media":"","overlay-type":"","overlay-color":"","overlay-opacity":"","overlay-gradient":""}},"ast-content-background-meta":{"desktop":{"background-color":"var(--ast-global-color-5)","background-image":"","background-repeat":"repeat","background-position":"center center","background-size":"auto","background-attachment":"scroll","background-type":"","background-media":"","overlay-type":"","overlay-color":"","overlay-opacity":"","overlay-gradient":""},"tablet":{"background-color":"var(--ast-global-color-5)","background-image":"","background-repeat":"repeat","background-position":"center center","background-size":"auto","background-attachment":"scroll","background-type":"","background-media":"","overlay-type":"","overlay-color":"","overlay-opacity":"","overlay-gradient":""},"mobile":{"background-color":"var(--ast-global-color-5)","background-image":"","background-repeat":"repeat","background-position":"center center","background-size":"auto","background-attachment":"scroll","background-type":"","background-media":"","overlay-type":"","overlay-color":"","overlay-opacity":"","overlay-gradient":""}}},"product_cat":[146],"product_tag":[],"class_list":{"0":"post-3880","1":"product","2":"type-product","3":"status-publish","4":"has-post-thumbnail","6":"product_cat-velo-cargo","7":"desktop-align-left","8":"tablet-align-left","9":"mobile-align-left","11":"first","12":"instock","13":"shipping-taxable","14":"purchasable","15":"product-type-variable","16":"has-default-attributes"},"_links":{"self":[{"href":"https:\/\/staging.hagenbikes.com\/fr\/wp-json\/wp\/v2\/product\/3880","targetHints":{"allow":["GET"]}}],"collection":[{"href":"https:\/\/staging.hagenbikes.com\/fr\/wp-json\/wp\/v2\/product"}],"about":[{"href":"https:\/\/staging.hagenbikes.com\/fr\/wp-json\/wp\/v2\/types\/product"}],"version-history":[{"count":2,"href":"https:\/\/staging.hagenbikes.com\/fr\/wp-json\/wp\/v2\/product\/3880\/revisions"}],"predecessor-version":[{"id":3958,"href":"https:\/\/staging.hagenbikes.com\/fr\/wp-json\/wp\/v2\/product\/3880\/revisions\/3958"}],"wp:featuredmedia":[{"embeddable":true,"href":"https:\/\/staging.hagenbikes.com\/fr\/wp-json\/wp\/v2\/media\/3032"}],"wp:attachment":[{"href":"https:\/\/staging.hagenbikes.com\/fr\/wp-json\/wp\/v2\/media?parent=3880"}],"wp:term":[{"taxonomy":"product_cat","embeddable":true,"href":"https:\/\/staging.hagenbikes.com\/fr\/wp-json\/wp\/v2\/product_cat?post=3880"},{"taxonomy":"product_tag","embeddable":true,"href":"https:\/\/staging.hagenbikes.com\/fr\/wp-json\/wp\/v2\/product_tag?post=3880"}],"curies":[{"name":"wp","href":"https:\/\/api.w.org\/{rel}","templated":true}]}}